{"id":267789,"date":"2026-02-05T17:02:52","date_gmt":"2026-02-05T16:02:52","guid":{"rendered":"https:\/\/tinidoo.fr\/?post_type=product&#038;p=267789"},"modified":"2026-02-20T14:04:58","modified_gmt":"2026-02-20T13:04:58","slug":"kit-tinta-verniz-renovar-guarda-roupa-bebe","status":"publish","type":"product","link":"https:\/\/tinidoo.fr\/pt-pt\/product\/kit-tinta-verniz-renovar-guarda-roupa-bebe\/","title":{"rendered":"KIT de Tinta (1L) + Verniz (500ML) + Pincel para renovar o guarda-roupa do beb\u00e9"},"content":{"rendered":"<p>[et_pb_section fb_built=&#8221;1&#8243; admin_label=&#8221;Product&#8221; _builder_version=&#8221;4.27.5&#8243; _module_preset=&#8221;default&#8221; custom_padding=&#8221;22px||11px|||&#8221; collapsed=&#8221;off&#8221; global_colors_info=&#8221;{}&#8221;][et_pb_row _builder_version=&#8221;4.27.5&#8243; _module_preset=&#8221;default&#8221; width=&#8221;100%&#8221; custom_padding=&#8221;0px||0px||true|false&#8221; global_colors_info=&#8221;{}&#8221;][et_pb_column type=&#8221;4_4&#8243; _builder_version=&#8221;4.22.0&#8243; _module_preset=&#8221;default&#8221; global_colors_info=&#8221;{}&#8221;][et_pb_wc_breadcrumb _builder_version=&#8221;4.27.5&#8243; _module_preset=&#8221;default&#8221; body_text_color=&#8221;#777777&#8243; global_colors_info=&#8221;{}&#8221;][\/et_pb_wc_breadcrumb][\/et_pb_column][\/et_pb_row][et_pb_row column_structure=&#8221;1_2,1_2&#8243; _builder_version=&#8221;4.27.5&#8243; _module_preset=&#8221;default&#8221; width=&#8221;100%&#8221; global_colors_info=&#8221;{}&#8221;][et_pb_column type=&#8221;1_2&#8243; _builder_version=&#8221;4.22.0&#8243; _module_preset=&#8221;default&#8221; global_colors_info=&#8221;{}&#8221;][et_pb_wc_images _builder_version=&#8221;4.27.5&#8243; _module_preset=&#8221;default&#8221; global_colors_info=&#8221;{}&#8221;][\/et_pb_wc_images][\/et_pb_column][et_pb_column type=&#8221;1_2&#8243; _builder_version=&#8221;4.22.0&#8243; _module_preset=&#8221;default&#8221; global_colors_info=&#8221;{}&#8221;][et_pb_wc_title _builder_version=&#8221;4.27.5&#8243; _module_preset=&#8221;default&#8221; header_font=&#8221;Jost||||||||&#8221; header_font_size=&#8221;32px&#8221; header_line_height=&#8221;0.9em&#8221; header_font_size_tablet=&#8221;40px&#8221; header_font_size_phone=&#8221;24px&#8221; header_font_size_last_edited=&#8221;on|desktop&#8221; global_colors_info=&#8221;{}&#8221;][\/et_pb_wc_title][et_pb_wc_price _builder_version=&#8221;4.27.5&#8243; _module_preset=&#8221;default&#8221; body_font=&#8221;Jost||||||||&#8221; body_text_color=&#8221;#000000&#8243; body_font_size=&#8221;40px&#8221; before_sale_price_text_color=&#8221;gcid-28366106-ecf8-496b-97f0-6a9be6882356&#8243; text_orientation=&#8221;left&#8221; body_font_size_tablet=&#8221;52px&#8221; body_font_size_phone=&#8221;32px&#8221; body_font_size_last_edited=&#8221;on|phone&#8221; global_colors_info=&#8221;{%22gcid-28366106-ecf8-496b-97f0-6a9be6882356%22:%91%22before_sale_price_text_color%22%93}&#8221;][\/et_pb_wc_price][et_pb_wc_rating show_reviews_link=&#8221;off&#8221; _builder_version=&#8221;4.27.4&#8243; _module_preset=&#8221;default&#8221; rating_text_color=&#8221;#126b29&#8243; body_text_color=&#8221;gcid-28366106-ecf8-496b-97f0-6a9be6882356&#8243; global_colors_info=&#8221;{%22gcid-28366106-ecf8-496b-97f0-6a9be6882356%22:%91%22body_text_color%22%93}&#8221;][\/et_pb_wc_rating][et_pb_wc_description _builder_version=&#8221;4.27.5&#8243; _module_preset=&#8221;default&#8221; body_font=&#8221;Jost||||||||&#8221; body_font_size=&#8221;16px&#8221; body_line_height=&#8221;1.8em&#8221; header_2_font_size=&#8221;21px&#8221; custom_margin=&#8221;-9px|||||&#8221; body_font_size_tablet=&#8221;15px&#8221; body_font_size_phone=&#8221;12px&#8221; body_font_size_last_edited=&#8221;on|phone&#8221; header_2_font_size_tablet=&#8221;&#8221; header_2_font_size_phone=&#8221;20px&#8221; header_2_font_size_last_edited=&#8221;on|phone&#8221; global_colors_info=&#8221;{}&#8221;][\/et_pb_wc_description][et_pb_image src=&#8221;https:\/\/tinidoo.fr\/wp-content\/uploads\/2023\/11\/entrega-portugal-1.jpg&#8221; _builder_version=&#8221;4.27.5&#8243; _module_preset=&#8221;default&#8221; global_colors_info=&#8221;{}&#8221;][\/et_pb_image][et_pb_wc_add_to_cart show_quantity=&#8221;off&#8221; _builder_version=&#8221;4.27.4&#8243; _module_preset=&#8221;default&#8221; field_label_text_align=&#8221;center&#8221; custom_button=&#8221;on&#8221; button_text_size=&#8221;19px&#8221; button_text_color=&#8221;#FFFFFF&#8221; button_bg_color=&#8221;#000000&#8243; button_font=&#8221;Jost||||||||&#8221; text_orientation=&#8221;center&#8221; module_alignment=&#8221;center&#8221; custom_margin=&#8221;31px|||4px||&#8221; global_colors_info=&#8221;{}&#8221;][\/et_pb_wc_add_to_cart][et_pb_wc_meta _builder_version=&#8221;4.27.5&#8243; _module_preset=&#8221;default&#8221; global_colors_info=&#8221;{}&#8221;][\/et_pb_wc_meta][\/et_pb_column][\/et_pb_row][\/et_pb_section][et_pb_section fb_built=&#8221;1&#8243; _builder_version=&#8221;4.27.4&#8243; _module_preset=&#8221;default&#8221; custom_padding=&#8221;17px||28px|||&#8221; global_colors_info=&#8221;{}&#8221;][et_pb_row _builder_version=&#8221;4.27.5&#8243; _module_preset=&#8221;default&#8221; global_colors_info=&#8221;{}&#8221;][et_pb_column type=&#8221;4_4&#8243; _builder_version=&#8221;4.27.4&#8243; _module_preset=&#8221;default&#8221; global_colors_info=&#8221;{}&#8221;][et_pb_text _builder_version=&#8221;4.27.5&#8243; _module_preset=&#8221;default&#8221; header_3_font=&#8221;Libre Bodoni||||||||&#8221; header_3_font_size=&#8221;26px&#8221; global_colors_info=&#8221;{}&#8221;]<\/p>\n<p>O kit <strong>ideal para renovar um roupeiro de madeira para beb\u00e9<\/strong>. Inclui 3 produtos:<\/p>\n<p>[\/et_pb_text][\/et_pb_column][\/et_pb_row][et_pb_row column_structure=&#8221;1_2,1_2&#8243; _builder_version=&#8221;4.27.5&#8243; _module_preset=&#8221;default&#8221; global_colors_info=&#8221;{}&#8221;][et_pb_column type=&#8221;1_2&#8243; _builder_version=&#8221;4.27.5&#8243; _module_preset=&#8221;default&#8221; global_colors_info=&#8221;{}&#8221;][et_pb_text _builder_version=&#8221;4.27.5&#8243; _module_preset=&#8221;default&#8221; global_colors_info=&#8221;{}&#8221;]<\/p>\n<h3><strong>1) Uma lata de tinta de 1 litro<\/strong>\u00a0<a href=\"https:\/\/tinidoo.fr\/wp-content\/uploads\/2025\/04\/feuille.png\"><img loading=\"lazy\" decoding=\"async\" class=\"wp-image-259539 alignnone size-full\" src=\"https:\/\/tinidoo.fr\/wp-content\/uploads\/2025\/04\/feuille.png\" alt=\"\" width=\"26\" height=\"26\" \/><\/a><\/h3>\n<p>[\/et_pb_text][et_pb_image src=&#8221;https:\/\/tinidoo.fr\/wp-content\/uploads\/2026\/02\/tinta-de-brinquedos-1l-tinidoo.jpg&#8221; alt=&#8221;tinta de brinquedos 1l tinidoo&#8221; title_text=&#8221;tinta-de-brinquedos-1l-tinidoo&#8221; _builder_version=&#8221;4.27.5&#8243; _module_preset=&#8221;default&#8221; global_colors_info=&#8221;{}&#8221;][\/et_pb_image][\/et_pb_column][et_pb_column type=&#8221;1_2&#8243; _builder_version=&#8221;4.27.5&#8243; _module_preset=&#8221;default&#8221; global_colors_info=&#8221;{}&#8221;][et_pb_text _builder_version=&#8221;4.27.5&#8243; _module_preset=&#8221;default&#8221; global_colors_info=&#8221;{}&#8221;]<\/p>\n<p>A tinta <strong>Tinidoo 2 em 1<\/strong> \u00e9 a solu\u00e7\u00e3o definitiva para superf\u00edcies de <strong>madeira<\/strong>, tanto em ambientes interiores como exteriores. Este produto combina as fun\u00e7\u00f5es de<strong> prim\u00e1rio e acabamento<\/strong>, tornando os seus projetos de pintura mais f\u00e1ceis e r\u00e1pidos.<\/p>\n<p>[\/et_pb_text][et_pb_text _builder_version=&#8221;4.27.5&#8243; _module_preset=&#8221;default&#8221; global_colors_info=&#8221;{}&#8221;]<\/p>\n<p><strong>Ampla compatibilidade<\/strong>: Adequado para todos os <strong>tipos de madeira<\/strong>: em bruto, descascada, tingida e at\u00e9 encerada. No entanto, para madeiras ricas em <strong>tanino<\/strong>, como o carvalho ou o castanheiro, \u00e9 necess\u00e1rio um prim\u00e1rio especial resistente ao tanino para evitar manchas.<\/p>\n<p>[\/et_pb_text][et_pb_text _builder_version=&#8221;4.27.5&#8243; _module_preset=&#8221;default&#8221; global_colors_info=&#8221;{}&#8221;]<\/p>\n<p><strong>Seguran\u00e7a e conformidade<\/strong>: Esta tinta cumpre a rigorosa <strong>norma de seguran\u00e7a para brinquedos EN 71-3<\/strong>, o que significa que \u00e9 completamente segura para crian\u00e7as. Pode utiliz\u00e1-la com total tranquilidade para pintar m\u00f3veis ou <strong>brinquedos destinados a crian\u00e7as pequenas.<\/strong><\/p>\n<p>[\/et_pb_text][\/et_pb_column][\/et_pb_row][et_pb_row _builder_version=&#8221;4.27.5&#8243; _module_preset=&#8221;default&#8221; global_colors_info=&#8221;{}&#8221;][et_pb_column type=&#8221;4_4&#8243; _builder_version=&#8221;4.27.5&#8243; _module_preset=&#8221;default&#8221; global_colors_info=&#8221;{}&#8221;][et_pb_text _builder_version=&#8221;4.27.5&#8243; _module_preset=&#8221;default&#8221; background_color=&#8221;#efefef&#8221; global_colors_info=&#8221;{}&#8221;]<\/p>\n<p><strong>\u00a0 Cores dispon\u00edveis:<\/strong><\/p>\n<p>[\/et_pb_text][et_pb_gallery gallery_ids=&#8221;267135,267128,267121,267114,267107,267100,267072,267079,267086,267093&#8243; posts_number=&#8221;20&#8243; _builder_version=&#8221;4.27.5&#8243; _module_preset=&#8221;default&#8221; global_colors_info=&#8221;{}&#8221;][\/et_pb_gallery][\/et_pb_column][\/et_pb_row][et_pb_row _builder_version=&#8221;4.27.5&#8243; _module_preset=&#8221;default&#8221; global_colors_info=&#8221;{}&#8221;][et_pb_column type=&#8221;4_4&#8243; _builder_version=&#8221;4.27.5&#8243; _module_preset=&#8221;default&#8221; global_colors_info=&#8221;{}&#8221;][et_pb_text _builder_version=&#8221;4.27.5&#8243; _module_preset=&#8221;default&#8221; global_colors_info=&#8221;{}&#8221;]<\/p>\n<h3><strong>2) Verniz em conformidade com as normas de seguran\u00e7a para brinquedos (500 ml)<\/strong>\u00a0<a href=\"https:\/\/tinidoo.fr\/wp-content\/uploads\/2025\/04\/feuille.png\"><img loading=\"lazy\" decoding=\"async\" class=\"wp-image-259539 alignnone size-full\" src=\"https:\/\/tinidoo.fr\/wp-content\/uploads\/2025\/04\/feuille.png\" alt=\"\" width=\"26\" height=\"26\" \/><\/a><\/h3>\n<p>[\/et_pb_text][\/et_pb_column][\/et_pb_row][et_pb_row column_structure=&#8221;1_2,1_2&#8243; _builder_version=&#8221;4.27.5&#8243; _module_preset=&#8221;default&#8221; global_colors_info=&#8221;{}&#8221;][et_pb_column type=&#8221;1_2&#8243; _builder_version=&#8221;4.27.5&#8243; _module_preset=&#8221;default&#8221; global_colors_info=&#8221;{}&#8221;][et_pb_image src=&#8221;https:\/\/tinidoo.fr\/wp-content\/uploads\/2026\/02\/verniz-para-brinquedos-500ml-tinidoo.jpg&#8221; alt=&#8221;verniz para brinquedos 500ml tinidoo&#8221; title_text=&#8221;verniz-para-brinquedos-500ml-tinidoo&#8221; _builder_version=&#8221;4.27.5&#8243; _module_preset=&#8221;default&#8221; global_colors_info=&#8221;{}&#8221;][\/et_pb_image][\/et_pb_column][et_pb_column type=&#8221;1_2&#8243; _builder_version=&#8221;4.27.5&#8243; _module_preset=&#8221;default&#8221; global_colors_info=&#8221;{}&#8221;][et_pb_text _builder_version=&#8221;4.27.5&#8243; _module_preset=&#8221;default&#8221; global_colors_info=&#8221;{}&#8221;]<\/p>\n<p><strong>Caracter\u00edsticas:<\/strong><\/p>\n<ul>\n<li>Rendimento: Aproximadamente 150 ml a 200 ml por m\u00b2 por dem\u00e3o<\/li>\n<li><strong>N\u00e3o t\u00f3xico<\/strong><\/li>\n<li>Em conformidade com a norma EN 71-3 para tintas de brinquedo<\/li>\n<li>Inodoro<\/li>\n<\/ul>\n<p>[\/et_pb_text][et_pb_text _builder_version=&#8221;4.27.5&#8243; _module_preset=&#8221;default&#8221; background_color=&#8221;#e8e8e8&#8243; custom_padding=&#8221;|||11px||&#8221; global_colors_info=&#8221;{}&#8221;]<\/p>\n<p>Escolha o acabamento pretendido no topo da p\u00e1gina: <strong>acetinado, mate ou brilhante.<\/strong><\/p>\n<p>[\/et_pb_text][\/et_pb_column][\/et_pb_row][et_pb_row column_structure=&#8221;1_2,1_2&#8243; _builder_version=&#8221;4.27.5&#8243; _module_preset=&#8221;default&#8221; global_colors_info=&#8221;{}&#8221;][et_pb_column type=&#8221;1_2&#8243; _builder_version=&#8221;4.27.5&#8243; _module_preset=&#8221;default&#8221; global_colors_info=&#8221;{}&#8221;][et_pb_text _builder_version=&#8221;4.27.5&#8243; _module_preset=&#8221;default&#8221; global_colors_info=&#8221;{}&#8221;]<\/p>\n<h3><strong>3) Escova de 70 mm<\/strong><\/h3>\n<p>Tamanho ideal para o guarda-roupa de um beb\u00e9.<\/p>\n<p>[\/et_pb_text][et_pb_image src=&#8221;https:\/\/tinidoo.fr\/wp-content\/uploads\/2026\/02\/pinceau.jpg&#8221; title_text=&#8221;pinceau&#8221; _builder_version=&#8221;4.27.5&#8243; _module_preset=&#8221;default&#8221; global_colors_info=&#8221;{}&#8221;][\/et_pb_image][et_pb_text _builder_version=&#8221;4.27.5&#8243; _module_preset=&#8221;default&#8221; global_colors_info=&#8221;{}&#8221;]<\/p>\n<p><strong>Entrega gratis en toda Espana.<\/strong><\/p>\n<p>[\/et_pb_text][\/et_pb_column][et_pb_column type=&#8221;1_2&#8243; _builder_version=&#8221;4.27.5&#8243; _module_preset=&#8221;default&#8221; global_colors_info=&#8221;{}&#8221;][\/et_pb_column][\/et_pb_row][et_pb_row _builder_version=&#8221;4.27.5&#8243; _module_preset=&#8221;default&#8221; global_colors_info=&#8221;{}&#8221;][et_pb_column type=&#8221;4_4&#8243; _builder_version=&#8221;4.27.5&#8243; _module_preset=&#8221;default&#8221; global_colors_info=&#8221;{}&#8221;][et_pb_text _builder_version=&#8221;4.27.5&#8243; _module_preset=&#8221;default&#8221; global_colors_info=&#8221;{}&#8221;]<\/p>\n<p>Tamb\u00e9m pode gostar dos nossos <a href=\"https:\/\/tinidoo.fr\/pt-pt\/loja\/vernizes\/\">vernizes de brinquedo<\/a>.<\/p>\n<p>[\/et_pb_text][\/et_pb_column][\/et_pb_row][et_pb_row _builder_version=&#8221;4.27.5&#8243; _module_preset=&#8221;default&#8221; global_colors_info=&#8221;{}&#8221;][et_pb_column type=&#8221;4_4&#8243; _builder_version=&#8221;4.27.5&#8243; _module_preset=&#8221;default&#8221; global_colors_info=&#8221;{}&#8221;][et_pb_wc_tabs _builder_version=&#8221;4.27.5&#8243; _module_preset=&#8221;default&#8221; global_colors_info=&#8221;{}&#8221;][\/et_pb_wc_tabs][\/et_pb_column][\/et_pb_row][\/et_pb_section]<\/p>\n","protected":false},"excerpt":{"rendered":"<h2 class=\"a-b-r-La\">Compre um KIT para restaurar o guarda-roupa do beb\u00e9: uma lata de tinta at\u00f3xica + um frasco de verniz + pincel.<\/h2>\n","protected":false},"featured_media":267825,"comment_status":"open","ping_status":"closed","template":"","meta":{"_et_pb_use_builder":"on","_et_pb_old_content":"Esta tinta <strong>N\u00c3O cont\u00e9m<\/strong> subst\u00e2ncias nocivas como:\r\n<ul>\r\n \t<li>-Metais pesados \u200b\u200b(chumbo, c\u00e1dmio, cr\u00f3mio hexavalente)<\/li>\r\n \t<li>Ftalatos<\/li>\r\n \t<li>Cloridratos<\/li>\r\n<\/ul>\r\n<strong>Categoria:<\/strong>\r\n\r\nTintas para interiores e exteriores para tratamento de superf\u00edcies de madeira.\r\n\r\nValor limite de COV: 130 g\/l. Teor m\u00e1ximo de COV (compostos org\u00e2nicos vol\u00e1teis) deste produto: 10 g\/l.\r\n\r\nRendimento: 6-9 m\u00b2\/kg por dem\u00e3o.\r\n\r\nTempo de secagem: 2 a 4 horas. Ingredientes:\r\n\r\nCont\u00e9m 5-cloro-2-metilisotiazol-3(2H)-ona e 2-metilisotiazol-3(2H)-ona.","_et_gb_content_width":""},"product_brand":[],"product_cat":[360],"product_tag":[],"class_list":{"0":"post-267789","1":"product","2":"type-product","3":"status-publish","4":"has-post-thumbnail","6":"product_cat-kit-restauro-moveis-bebe","7":"product_shipping_class-gratuit-pt-pt","9":"first","10":"instock","11":"shipping-taxable","12":"purchasable","13":"product-type-variable"},"aioseo_notices":[],"_links":{"self":[{"href":"https:\/\/tinidoo.fr\/pt-pt\/wp-json\/wp\/v2\/product\/267789","targetHints":{"allow":["GET"]}}],"collection":[{"href":"https:\/\/tinidoo.fr\/pt-pt\/wp-json\/wp\/v2\/product"}],"about":[{"href":"https:\/\/tinidoo.fr\/pt-pt\/wp-json\/wp\/v2\/types\/product"}],"replies":[{"embeddable":true,"href":"https:\/\/tinidoo.fr\/pt-pt\/wp-json\/wp\/v2\/comments?post=267789"}],"wp:featuredmedia":[{"embeddable":true,"href":"https:\/\/tinidoo.fr\/pt-pt\/wp-json\/wp\/v2\/media\/267825"}],"wp:attachment":[{"href":"https:\/\/tinidoo.fr\/pt-pt\/wp-json\/wp\/v2\/media?parent=267789"}],"wp:term":[{"taxonomy":"product_brand","embeddable":true,"href":"https:\/\/tinidoo.fr\/pt-pt\/wp-json\/wp\/v2\/product_brand?post=267789"},{"taxonomy":"product_cat","embeddable":true,"href":"https:\/\/tinidoo.fr\/pt-pt\/wp-json\/wp\/v2\/product_cat?post=267789"},{"taxonomy":"product_tag","embeddable":true,"href":"https:\/\/tinidoo.fr\/pt-pt\/wp-json\/wp\/v2\/product_tag?post=267789"}],"curies":[{"name":"wp","href":"https:\/\/api.w.org\/{rel}","templated":true}]}}