{"id":251625,"date":"2024-05-30T14:32:30","date_gmt":"2024-05-30T13:32:30","guid":{"rendered":"https:\/\/tinidoo.fr\/?post_type=product&#038;p=251625"},"modified":"2026-02-20T14:11:17","modified_gmt":"2026-02-20T13:11:17","slug":"kit-tinta-verniz-pincel-renovacao-comoda-bebe","status":"publish","type":"product","link":"https:\/\/tinidoo.fr\/pt-pt\/product\/kit-tinta-verniz-pincel-renovacao-comoda-bebe\/","title":{"rendered":"KIT Tinta (500ML) + Verniz (250ML) + Pincel &#8211; Renova\u00e7\u00e3o de C\u00f3moda Beb\u00e9"},"content":{"rendered":"<p>[et_pb_section fb_built=&#8221;1&#8243; _builder_version=&#8221;4.16&#8243; custom_padding=&#8221;0px||||false|false&#8221; global_colors_info=&#8221;{}&#8221;][et_pb_row _builder_version=&#8221;4.16&#8243; background_size=&#8221;initial&#8221; background_position=&#8221;top_left&#8221; background_repeat=&#8221;repeat&#8221; width=&#8221;100%&#8221; custom_padding=&#8221;0px||0px||false|false&#8221; global_colors_info=&#8221;{}&#8221;][et_pb_column type=&#8221;4_4&#8243; _builder_version=&#8221;4.16&#8243; custom_padding=&#8221;|||&#8221; global_colors_info=&#8221;{}&#8221; custom_padding__hover=&#8221;|||&#8221;][et_pb_wc_breadcrumb _builder_version=&#8221;4.16&#8243; global_colors_info=&#8221;{}&#8221;][\/et_pb_wc_breadcrumb][et_pb_wc_cart_notice _builder_version=&#8221;4.16&#8243; global_colors_info=&#8221;{}&#8221;][\/et_pb_wc_cart_notice][\/et_pb_column][\/et_pb_row][et_pb_row column_structure=&#8221;1_2,1_2&#8243; _builder_version=&#8221;4.16&#8243; background_size=&#8221;initial&#8221; background_position=&#8221;top_left&#8221; background_repeat=&#8221;repeat&#8221; width=&#8221;100%&#8221; custom_padding=&#8221;0px||||false|false&#8221; global_colors_info=&#8221;{}&#8221;][et_pb_column type=&#8221;1_2&#8243; _builder_version=&#8221;4.16&#8243; custom_padding=&#8221;|||&#8221; global_colors_info=&#8221;{}&#8221; custom_padding__hover=&#8221;|||&#8221;][et_pb_wc_images disabled_on=&#8221;off|off|off&#8221; _builder_version=&#8221;4.25.1&#8243; global_colors_info=&#8221;{}&#8221;][\/et_pb_wc_images][\/et_pb_column][et_pb_column type=&#8221;1_2&#8243; _builder_version=&#8221;4.16&#8243; custom_padding=&#8221;|||&#8221; global_colors_info=&#8221;{}&#8221; custom_padding__hover=&#8221;|||&#8221;][et_pb_wc_title _builder_version=&#8221;4.16&#8243; global_colors_info=&#8221;{}&#8221;][\/et_pb_wc_title][et_pb_wc_rating _builder_version=&#8221;4.16&#8243; global_colors_info=&#8221;{}&#8221;][\/et_pb_wc_rating][et_pb_wc_price _builder_version=&#8221;4.16&#8243; global_colors_info=&#8221;{}&#8221;][\/et_pb_wc_price][et_pb_wc_description _builder_version=&#8221;4.16&#8243; global_colors_info=&#8221;{}&#8221;][\/et_pb_wc_description][et_pb_wc_add_to_cart show_quantity=&#8221;off&#8221; _builder_version=&#8221;4.26.0&#8243; custom_button=&#8221;on&#8221; button_bg_color=&#8221;#258c17&#8243; global_colors_info=&#8221;{}&#8221;][\/et_pb_wc_add_to_cart][et_pb_wc_meta _builder_version=&#8221;4.16&#8243; global_colors_info=&#8221;{}&#8221;][\/et_pb_wc_meta][\/et_pb_column][\/et_pb_row][et_pb_row _builder_version=&#8221;4.16&#8243; background_size=&#8221;initial&#8221; background_position=&#8221;top_left&#8221; background_repeat=&#8221;repeat&#8221; width=&#8221;100%&#8221; global_colors_info=&#8221;{}&#8221;][et_pb_column type=&#8221;4_4&#8243; _builder_version=&#8221;4.16&#8243; custom_padding=&#8221;|||&#8221; global_colors_info=&#8221;{}&#8221; custom_padding__hover=&#8221;|||&#8221;][et_pb_wc_tabs _builder_version=&#8221;4.16&#8243; global_colors_info=&#8221;{}&#8221;]\t\t\t\t\t[\/et_pb_wc_tabs][et_pb_wc_upsells _builder_version=&#8221;4.16&#8243; global_colors_info=&#8221;{}&#8221;][\/et_pb_wc_upsells][\/et_pb_column][\/et_pb_row][\/et_pb_section]<\/p>\n","protected":false},"excerpt":{"rendered":"<h2>Compre um Pack Completo 3 em 1, perfeito para renovar uma c\u00f3moda de madeira para o quarto do beb\u00e9: tinta n\u00e3o t\u00f3xica + verniz + pincel.<\/h2>\n<p><a href=\"https:\/\/tinidoo.fr\/wp-content\/uploads\/2023\/11\/entrega-portugal.jpg\"><img loading=\"lazy\" decoding=\"async\" class=\"alignnone size-full wp-image-248713\" src=\"https:\/\/tinidoo.fr\/wp-content\/uploads\/2023\/11\/entrega-portugal.jpg\" alt=\"\" width=\"600\" height=\"200\" srcset=\"https:\/\/tinidoo.fr\/wp-content\/uploads\/2023\/11\/entrega-portugal.jpg 600w, https:\/\/tinidoo.fr\/wp-content\/uploads\/2023\/11\/entrega-portugal-480x160.jpg 480w\" sizes=\"(min-width: 0px) and (max-width: 480px) 480px, (min-width: 481px) 600px, 100vw\" \/><\/a><\/p>\n","protected":false},"featured_media":251937,"comment_status":"open","ping_status":"closed","template":"","meta":{"_et_pb_use_builder":"on","_et_pb_old_content":"Esta tinta\u00a0<strong>N\u00c3O cont\u00e9m<\/strong>\u00a0subst\u00e2ncias nocivas como:\r\n<ul>\r\n \t<li>-Metais pesados \u200b\u200b(chumbo, c\u00e1dmio, cr\u00f3mio hexavalente)<\/li>\r\n \t<li>Ftalatos<\/li>\r\n \t<li>Cloridratos<\/li>\r\n<\/ul>\r\n<strong>Categoria:<\/strong>\r\n\r\nTintas para interiores e exteriores para tratamento de superf\u00edcies de madeira.\r\n\r\nValor limite de COV: 130 g\/l. Teor m\u00e1ximo de COV (compostos org\u00e2nicos vol\u00e1teis) deste produto: 10 g\/l.\r\n\r\nRendimento: 6-9 m\u00b2\/kg por dem\u00e3o.\r\n\r\nTempo de secagem: 2 a 4 horas.\r\n\r\n<strong>Ingredientes:<\/strong>\r\n\r\nCont\u00e9m 5-cloro-2-metilisotiazol-3(2H)-ona e 2-metilisotiazol-3(2H)-ona.","_et_gb_content_width":""},"product_brand":[],"product_cat":[360],"product_tag":[],"class_list":{"0":"post-251625","1":"product","2":"type-product","3":"status-publish","4":"has-post-thumbnail","6":"product_cat-kit-restauro-moveis-bebe","8":"first","9":"instock","10":"sale","11":"shipping-taxable","12":"purchasable","13":"product-type-variable"},"aioseo_notices":[],"_links":{"self":[{"href":"https:\/\/tinidoo.fr\/pt-pt\/wp-json\/wp\/v2\/product\/251625","targetHints":{"allow":["GET"]}}],"collection":[{"href":"https:\/\/tinidoo.fr\/pt-pt\/wp-json\/wp\/v2\/product"}],"about":[{"href":"https:\/\/tinidoo.fr\/pt-pt\/wp-json\/wp\/v2\/types\/product"}],"replies":[{"embeddable":true,"href":"https:\/\/tinidoo.fr\/pt-pt\/wp-json\/wp\/v2\/comments?post=251625"}],"wp:featuredmedia":[{"embeddable":true,"href":"https:\/\/tinidoo.fr\/pt-pt\/wp-json\/wp\/v2\/media\/251937"}],"wp:attachment":[{"href":"https:\/\/tinidoo.fr\/pt-pt\/wp-json\/wp\/v2\/media?parent=251625"}],"wp:term":[{"taxonomy":"product_brand","embeddable":true,"href":"https:\/\/tinidoo.fr\/pt-pt\/wp-json\/wp\/v2\/product_brand?post=251625"},{"taxonomy":"product_cat","embeddable":true,"href":"https:\/\/tinidoo.fr\/pt-pt\/wp-json\/wp\/v2\/product_cat?post=251625"},{"taxonomy":"product_tag","embeddable":true,"href":"https:\/\/tinidoo.fr\/pt-pt\/wp-json\/wp\/v2\/product_tag?post=251625"}],"curies":[{"name":"wp","href":"https:\/\/api.w.org\/{rel}","templated":true}]}}