{"id":248707,"date":"2023-06-02T15:00:29","date_gmt":"2023-06-02T14:00:29","guid":{"rendered":"https:\/\/tinidoo.fr\/product\/verniz-para-berco-em-madeira-250ml\/"},"modified":"2026-04-10T13:50:19","modified_gmt":"2026-04-10T12:50:19","slug":"verniz-para-berco-em-madeira-250ml","status":"publish","type":"product","link":"https:\/\/tinidoo.fr\/pt-pt\/produto\/verniz-para-berco-em-madeira-250ml\/","title":{"rendered":"Verniz para ber\u00e7o em madeira (250ML)"},"content":{"rendered":"<p>[et_pb_section fb_built=&#8221;1&#8243; _builder_version=&#8221;4.16&#8243; custom_padding=&#8221;0px||||false|false&#8221; global_colors_info=&#8221;{}&#8221;][et_pb_row _builder_version=&#8221;4.16&#8243; background_size=&#8221;initial&#8221; background_position=&#8221;top_left&#8221; background_repeat=&#8221;repeat&#8221; width=&#8221;100%&#8221; custom_padding=&#8221;0px||0px||false|false&#8221; global_colors_info=&#8221;{}&#8221;][et_pb_column type=&#8221;4_4&#8243; _builder_version=&#8221;4.16&#8243; custom_padding=&#8221;|||&#8221; global_colors_info=&#8221;{}&#8221; custom_padding__hover=&#8221;|||&#8221;][et_pb_wc_breadcrumb _builder_version=&#8221;4.22.1&#8243; body_text_color=&#8221;#727272&#8243; global_colors_info=&#8221;{}&#8221;][\/et_pb_wc_breadcrumb][et_pb_wc_cart_notice _builder_version=&#8221;4.16&#8243; global_colors_info=&#8221;{}&#8221;][\/et_pb_wc_cart_notice][\/et_pb_column][\/et_pb_row][et_pb_row column_structure=&#8221;1_2,1_2&#8243; _builder_version=&#8221;4.16&#8243; background_size=&#8221;initial&#8221; background_position=&#8221;top_left&#8221; background_repeat=&#8221;repeat&#8221; width=&#8221;100%&#8221; custom_padding=&#8221;0px||||false|false&#8221; global_colors_info=&#8221;{}&#8221;][et_pb_column type=&#8221;1_2&#8243; _builder_version=&#8221;4.16&#8243; custom_padding=&#8221;|||&#8221; global_colors_info=&#8221;{}&#8221; custom_padding__hover=&#8221;|||&#8221;][et_pb_wc_images _builder_version=&#8221;4.16&#8243; global_colors_info=&#8221;{}&#8221;][\/et_pb_wc_images][\/et_pb_column][et_pb_column type=&#8221;1_2&#8243; _builder_version=&#8221;4.16&#8243; custom_padding=&#8221;|||&#8221; global_colors_info=&#8221;{}&#8221; custom_padding__hover=&#8221;|||&#8221;][et_pb_wc_title _builder_version=&#8221;4.22.1&#8243; global_colors_info=&#8221;{}&#8221;][\/et_pb_wc_title][et_pb_wc_rating _builder_version=&#8221;4.22.1&#8243; rating_text_color=&#8221;#1a7f15&#8243; body_text_color=&#8221;#000000&#8243; global_colors_info=&#8221;{}&#8221;][\/et_pb_wc_rating][et_pb_wc_price _builder_version=&#8221;4.22.1&#8243; body_text_color=&#8221;#000000&#8243; global_colors_info=&#8221;{}&#8221;][\/et_pb_wc_price][et_pb_wc_description _builder_version=&#8221;4.19.4&#8243; global_colors_info=&#8221;{}&#8221;][\/et_pb_wc_description][et_pb_code _builder_version=&#8221;4.22.2&#8243; _module_preset=&#8221;default&#8221; global_colors_info=&#8221;{}&#8221;]<iframe loading=\"lazy\" width=\"560\" height=\"315\" src=\"https:\/\/www.youtube.com\/embed\/-E0H1T-Mm0Y?autoplay=1&#038;si=GkhkfsGpe9eXTW_0\" title=\"YouTube video player\" frameborder=\"0\" allow=\"accelerometer; autoplay; clipboard-write; encrypted-media; gyroscope; picture-in-picture; web-share\" allowfullscreen><\/iframe>[\/et_pb_code][et_pb_wc_add_to_cart show_quantity=&#8221;off&#8221; _builder_version=&#8221;4.22.1&#8243; background_enable_color=&#8221;off&#8221; custom_button=&#8221;on&#8221; button_bg_color=&#8221;#3b9319&#8243; global_colors_info=&#8221;{}&#8221;][\/et_pb_wc_add_to_cart][et_pb_wc_meta _builder_version=&#8221;4.16&#8243; global_colors_info=&#8221;{}&#8221;][\/et_pb_wc_meta][\/et_pb_column][\/et_pb_row][et_pb_row _builder_version=&#8221;4.16&#8243; background_size=&#8221;initial&#8221; background_position=&#8221;top_left&#8221; background_repeat=&#8221;repeat&#8221; width=&#8221;100%&#8221; global_colors_info=&#8221;{}&#8221;][et_pb_column type=&#8221;4_4&#8243; _builder_version=&#8221;4.16&#8243; custom_padding=&#8221;|||&#8221; global_colors_info=&#8221;{}&#8221; custom_padding__hover=&#8221;|||&#8221;][et_pb_wc_tabs _builder_version=&#8221;4.16&#8243; global_colors_info=&#8221;{}&#8221;]\t\t\t\t\t[\/et_pb_wc_tabs][et_pb_wc_upsells _builder_version=&#8221;4.16&#8243; global_colors_info=&#8221;{}&#8221;][\/et_pb_wc_upsells][et_pb_wc_related_products _builder_version=&#8221;4.16&#8243; global_colors_info=&#8221;{}&#8221;][\/et_pb_wc_related_products][\/et_pb_column][\/et_pb_row][\/et_pb_section]<\/p>\n","protected":false},"excerpt":{"rendered":"<h2 class=\"a-b-r-La\">Verniz para acabamento de ber\u00e7o em madeira. Cumpre o padr\u00e3o de seguran\u00e7a de brinquedos. Frasco de 250ML.<\/h2>\n<p><a href=\"https:\/\/tinidoo.fr\/wp-content\/uploads\/2026\/04\/pagamento-seguro.jpg\"><img loading=\"lazy\" decoding=\"async\" class=\"alignnone  wp-image-259311\" src=\"https:\/\/tinidoo.fr\/wp-content\/uploads\/2026\/04\/pagamento-seguro.jpg\" alt=\"\" width=\"555\" height=\"185\" srcset=\"https:\/\/tinidoo.fr\/wp-content\/uploads\/2026\/04\/pagamento-seguro.jpg 555w, https:\/\/tinidoo.fr\/wp-content\/uploads\/2026\/04\/pagamento-seguro-480x160.jpg 480w\" sizes=\"(min-width: 0px) and (max-width: 480px) 480px, (min-width: 481px) 555px, 100vw\" \/><\/a><\/p>\n","protected":false},"featured_media":248708,"comment_status":"open","ping_status":"closed","template":"","meta":{"_et_pb_use_builder":"on","_et_pb_old_content":"<p class=\"a-b-r-La\"><strong>Verniz profissional<\/strong> que atende \u00e0 <strong>norma de brinquedos EN 71-3\u00a0 <a href=\"https:\/\/tinidoo.fr\/wp-content\/uploads\/2023\/12\/ecologic-paint-tinidoo-150x150.jpg\"><img class=\"alignnone wp-image-249448\" src=\"https:\/\/tinidoo.fr\/wp-content\/uploads\/2023\/12\/ecologic-paint-tinidoo-150x150.jpg\" alt=\"\" width=\"28\" height=\"28\" \/><\/a><\/strong><\/p>\r\n<p class=\"a-b-r-La\">Frasco de 250ML.<\/p>\r\n&nbsp;\r\n\r\nCaracteristicas:\r\n<ul>\r\n \t<li>Rendimento: aproximadamente 150 ml a 200 ml por m\u00b2 e por dem\u00e3o<\/li>\r\n \t<li><strong>N\u00e3o t\u00f3xico <a href=\"https:\/\/tinidoo.fr\/wp-content\/uploads\/2023\/12\/ecologic-paint-tinidoo-150x150.jpg\"><img class=\"alignnone wp-image-249448\" src=\"https:\/\/tinidoo.fr\/wp-content\/uploads\/2023\/12\/ecologic-paint-tinidoo-150x150.jpg\" alt=\"\" width=\"29\" height=\"29\" \/><\/a><\/strong><\/li>\r\n \t<li>Sem cheiro<\/li>\r\n \t<li>Secagem r\u00e1pida<\/li>\r\n<\/ul>\r\n&nbsp;\r\n<p class=\"a-b-r-La\">Ideal para acabamento em:<\/p>\r\n\r\n<ul>\r\n \t<li class=\"a-b-r-La\">Ber\u00e7o de madeira<\/li>\r\n \t<li class=\"a-b-r-La\">Cavalo de madeira<\/li>\r\n \t<li class=\"a-b-r-La\">Brinquedos de madeira<\/li>\r\n<\/ul>\r\n<strong>Para todos os seus projetos!<\/strong>\r\n\r\n<a href=\"https:\/\/tinidoo.fr\/wp-content\/uploads\/2023\/09\/peinture-vernis-norme-jouet-chambre-bebe.jpg\"><img class=\"alignnone wp-image-249847\" src=\"https:\/\/tinidoo.fr\/wp-content\/uploads\/2023\/09\/peinture-vernis-norme-jouet-chambre-bebe.jpg\" alt=\"\" width=\"503\" height=\"405\" \/><\/a>\r\n\r\nCOMO UTILIZAR\r\n<ul>\r\n \t<li>Agitar antes de usar<\/li>\r\n \t<li>N\u00e3o ingerir<\/li>\r\n \t<li>N\u00e3o use ou armazene em temperaturas abaixo de 10\u00b0C.<\/li>\r\n<\/ul>\r\nEscolha o acabamento no topo da p\u00e1gina: <strong>Acetinado, Fosco ou Brilhante.<\/strong>\r\n\r\n___________________\r\n\r\nNossos clientes tamb\u00e9m utilizam este verniz para acabamento de <strong>joias e instrumentos de madeira<\/strong> (flauta por exemplo).\r\n\r\n<a href=\"https:\/\/tinidoo.fr\/wp-content\/uploads\/2023\/11\/Verniz-Tinidoo.pdf\" target=\"_blank\" rel=\"noopener\">Folha t\u00e9cnica<\/a>\r\n\r\n&nbsp;\r\n\r\nNesta mesma categoria, voc\u00ea pode estar interessado em nosso <a href=\"https:\/\/tinidoo.fr\/pt-pt\/produto\/verniz-brinquedos-madeira-500ml\/\">verniz para brinquedos de madeira.<\/a>","_et_gb_content_width":""},"product_brand":[],"product_cat":[339],"product_tag":[],"class_list":{"0":"post-248707","1":"product","2":"type-product","3":"status-publish","4":"has-post-thumbnail","6":"product_cat-vernizes","7":"product_shipping_class-gratuit-pt-pt","9":"first","10":"instock","11":"shipping-taxable","12":"purchasable","13":"product-type-variable"},"aioseo_notices":[],"_links":{"self":[{"href":"https:\/\/tinidoo.fr\/pt-pt\/wp-json\/wp\/v2\/product\/248707","targetHints":{"allow":["GET"]}}],"collection":[{"href":"https:\/\/tinidoo.fr\/pt-pt\/wp-json\/wp\/v2\/product"}],"about":[{"href":"https:\/\/tinidoo.fr\/pt-pt\/wp-json\/wp\/v2\/types\/product"}],"replies":[{"embeddable":true,"href":"https:\/\/tinidoo.fr\/pt-pt\/wp-json\/wp\/v2\/comments?post=248707"}],"wp:featuredmedia":[{"embeddable":true,"href":"https:\/\/tinidoo.fr\/pt-pt\/wp-json\/wp\/v2\/media\/248708"}],"wp:attachment":[{"href":"https:\/\/tinidoo.fr\/pt-pt\/wp-json\/wp\/v2\/media?parent=248707"}],"wp:term":[{"taxonomy":"product_brand","embeddable":true,"href":"https:\/\/tinidoo.fr\/pt-pt\/wp-json\/wp\/v2\/product_brand?post=248707"},{"taxonomy":"product_cat","embeddable":true,"href":"https:\/\/tinidoo.fr\/pt-pt\/wp-json\/wp\/v2\/product_cat?post=248707"},{"taxonomy":"product_tag","embeddable":true,"href":"https:\/\/tinidoo.fr\/pt-pt\/wp-json\/wp\/v2\/product_tag?post=248707"}],"curies":[{"name":"wp","href":"https:\/\/api.w.org\/{rel}","templated":true}]}}