{"id":248834,"date":"2023-11-09T12:53:19","date_gmt":"2023-11-09T11:53:19","guid":{"rendered":"https:\/\/tinidoo.fr\/politica-de-privacidade\/"},"modified":"2023-11-09T12:53:20","modified_gmt":"2023-11-09T11:53:20","slug":"politica-de-privacidade","status":"publish","type":"page","link":"https:\/\/tinidoo.fr\/pt-pt\/politica-de-privacidade\/","title":{"rendered":"Pol\u00edtica de Privacidade"},"content":{"rendered":"<p>[et_pb_section bb_built=&#8221;1&#8243;][et_pb_row _builder_version=&#8221;3.10.1&#8243; padding_top_1=&#8221;25px&#8221;][et_pb_column type=&#8221;4_4&#8243;][et_pb_image _builder_version=&#8221;3.10.1&#8243; src=&#8221;https:\/\/tinidoo.fr\/wp-content\/uploads\/2018\/08\/confidentialit\u00e9.jpg&#8221; \/][et_pb_text _builder_version=&#8221;3.10.1&#8243; custom_padding=&#8221;25px|||&#8221;]<\/p>\n<h1><b><big>Pol\u00edtica de Privacidade<\/big><\/b><\/h1>\n<p>[\/et_pb_text][\/et_pb_column][\/et_pb_row][et_pb_row _builder_version=&#8221;3.10.1&#8243; custom_padding=&#8221;20px|||&#8221;][et_pb_column type=&#8221;1_2&#8243;][et_pb_text _builder_version=&#8221;3.10.1&#8243;]<\/p>\n<p>Conformidade com Novo Regulamento de Prote\u00e7\u00e3o de Dados<\/p>\n<p>O Regulamento Geral sobre a Prote\u00e7\u00e3o de Dados Pessoais \u2013 Regulamento n\u00ba 2016\/679 do Parlamento Europeu e do Conselho, de 27 de abril de 2016 \u2013 em vigor desde o dia 25 de maio de 2018, estabelece as regras relativas \u00e0 prote\u00e7\u00e3o, tratamento e livre circula\u00e7\u00e3o dos dados pessoais das pessoas singulares e que se aplica diretamente a todas as entidades que procedam ao tratamento desses dados, em qualquer Estado membro da Uni\u00e3o Europeia, incluindo Portugal.<\/p>\n<p>O objetivo desta informa\u00e7\u00e3o \u00e9 dar-lhe a conhecer as regras aplic\u00e1veis ao tratamento dos seus dados pessoais, os direitos que lhe assistem, assim como inform\u00e1-lo da forma como pode gerir, diretamente e de forma simples, os respetivos consentimentos.<\/p>\n<p>No \u00e2mbito e para efeitos exclusivos dos servi\u00e7os que lhe prestamos, a TINIDOO, na medida em que determine os meios de tratamento e as finalidades, \u00e9 a entidade respons\u00e1vel pelo tratamento dos seus dados pessoais e por assegurar a prote\u00e7\u00e3o da sua privacidade, atuando em conformidade com a lei e o novo Regulamento.<\/p>\n<p>Entidade respons\u00e1vel pelo tratamento:<\/p>\n<p>TINIDOO, SAS AJ TROMEUR, 9 rue Pen ar Bed, 29217 Le Conquet (FRANCE)<\/p>\n<p>Endere\u00e7o do Encarregado de Prote\u00e7\u00e3o de Dados: <strong>info@tinidoo.fr<\/strong><span id=\"cloak54bb70aa84cad76e4325af361411b0be\"><\/span><\/p>\n<p>Os nossos registos incluem dados que foram obtidos ao longo da rela\u00e7\u00e3o que estabeleceu connosco e na sequ\u00eancia das diversas intera\u00e7\u00f5es realizadas com a <strong>TINIDOO.<\/strong><\/p>\n<p>Para al\u00e9m das situa\u00e7\u00f5es em que tratamos dados para cumprimento de imposi\u00e7\u00f5es legais aplic\u00e1veis, tratamos os seus dados para as seguintes finalidades:<\/p>\n<p>\u00b7 Presta\u00e7\u00e3o de servi\u00e7os &#8211; Sempre que necess\u00e1rio, para lhe prestarmos os nossos servi\u00e7os, tratamos os seus dados pessoais (entregas ao domicilio atrav\u00e9s de transportadoras, processamento das suas encomendas personalizadas, reservas de artigos, etc.).<\/p>\n<p>\u00b7 Efeitos de campanhas promocionais &#8211; Os seus dados pessoais s\u00e3o igualmente tratados, para fins de campanhas promocionais, descontos ou divulga\u00e7\u00e3o de ofertas de bens ou servi\u00e7os da TINIDOO, caso o tenha autorizado. Estas comunica\u00e7\u00f5es pretendem dar-lhe a conhecer novidades, promo\u00e7\u00f5es, campanhas e outras oportunidades de que poder\u00e1 beneficiar.<\/p>\n<p>A TINIDOO conservar\u00e1 os seus dados pessoais pelo per\u00edodo necess\u00e1rio \u00e0 presta\u00e7\u00e3o dos servi\u00e7os, respetiva fatura\u00e7\u00e3o e cumprimento das obriga\u00e7\u00f5es legais aplic\u00e1veis.<\/p>\n<p>Os seus dados pessoais podem ser comunicados a prestadores de servi\u00e7os da TINIDOO, para efeitos da presta\u00e7\u00e3o dos servi\u00e7os, e a autoridades judiciais, fiscais e regulat\u00f3rias, com a finalidade do cumprimento de imposi\u00e7\u00f5es legais.<\/p>\n<p>Em qualquer momento, tem o direito de aceder aos seus dados pessoais, bem como, de os alterar, opor-se ao respetivo tratamento, decidir sobre o tratamento automatizado dos mesmos, retirar o consentimento e exercer os demais direitos previstos na lei (salvo quanto aos dados que s\u00e3o indispens\u00e1veis \u00e0 presta\u00e7\u00e3o dos servi\u00e7os pela TINIDOO, portanto de fornecimento obrigat\u00f3rio, ou ao cumprimento de obriga\u00e7\u00f5es legais a que a TINIDOO esteja sujeita). Caso retire o seu consentimento, tal n\u00e3o compromete a licitude do tratamento efetuado at\u00e9 essa data. Tem o direito de ser notificado, nos termos previstos no Regulamento, caso ocorra uma viola\u00e7\u00e3o dos seus dados pessoais, podendo apresentar reclama\u00e7\u00f5es perante a(s) autoridade(s).<\/p>\n<p>Garantimos todos os direitos consagrados no Regulamento. Para tal, pode fazer o seu pedido atrav\u00e9s de envio de carta por correio normal, para a morada da nossa sede dispon\u00edvel em babycool.pt ou para o endere\u00e7o de email <strong>info@tinidoo.fr<\/strong><span id=\"cloakb11ccffcc01c0a2f800c061f456e16ff\"><\/span><\/p>\n<p>Estamos empenhados na prote\u00e7\u00e3o e confidencialidade dos seus dados pessoais. Tom\u00e1mos as medidas t\u00e9cnicas e organizativas necess\u00e1rias ao cumprimento do Regulamento, garantindo que o tratamento dos seus dados pessoais \u00e9 l\u00edcito, leal, transparente e limitado \u00e0s finalidades autorizadas. Adot\u00e1mos as medidas que consideramos adequadas para assegurar a exatid\u00e3o, integridade e confidencialidade dos seus dados pessoais, bem como todos os demais direitos que lhe assistem.<\/p>\n<p>Conte sempre connosco!<\/p>\n<p>Agradecemos a sua aten\u00e7\u00e3o e prefer\u00eancia.<\/p>\n<p>&nbsp;<\/p>\n<h3><b>Pol\u00edtica de cookies<\/b><\/h3>\n<p>Para o correto funcionamento do nosso website, \u00e9 necess\u00e1rio a utiliza\u00e7\u00e3o de um mecanismo designado \u201cCookies\u201d. Os cookies s\u00e3o pequenos ficheiros de texto que s\u00e3o guardados no seu computador e que nos permitem identific\u00e1-lo \u00e0 medida que vai navegando no nosso website, habilitando a utiliza\u00e7\u00e3o dos mecanismos de conta pessoal, carro de compras, pagamentos, etc.<\/p>\n<p>&nbsp;<\/p>\n<p><b>Como \u00e9 que utilizamos os cookies?<\/b><\/p>\n<p>Utilizamos cookies para v\u00e1rios fins, nomeadamente para assegurar o correcto funcionamento do nosso website, para reunir informa\u00e7\u00e3o estat\u00edstica sobre a sua utiliza\u00e7\u00e3o, para personaliza\u00e7\u00e3o do conte\u00fado do website de acordo com as suas prefer\u00eancias e para controlar o acesso \u00e0 sua conta pessoal.<\/p>\n<p>&nbsp;<\/p>\n<p><b>Que tipo de cookies s\u00e3o utilizados?<\/b><\/p>\n<p>Utilizamos dois tipos de cookies:<\/p>\n<p>Cookies de sess\u00e3o: s\u00e3o cookies tempor\u00e1rios que ficam ativos durante uma sess\u00e3o de utiliza\u00e7\u00e3o do nosso website. Uma sess\u00e3o de utiliza\u00e7\u00e3o consiste no per\u00edodo de tempo desde que inicia o seu navegador de acesso \u00e0 internet e acede ao nosso website at\u00e9 encerrar o navegador. Com este encerramento, todos os cookies de sess\u00e3o s\u00e3o apagados;<\/p>\n<p>Cookies persistentes: s\u00e3o cookies que ficam no seu computador durante o tempo definido no cookie. S\u00e3o ativados cada vez que visita o nosso website.<\/p>\n<p>&nbsp;<\/p>\n<p><b>Com que finalidade s\u00e3o utilizados os Cookies?<\/b><\/p>\n<p>Os cookies que utilizamos dividem-se nas seguintes finalidades:<\/p>\n<p>Estritamente necess\u00e1rios: s\u00e3o cookies que possibilitam que o nosso website funcione corretamente, assegurando a sess\u00e3o do utilizador para motivos de valida\u00e7\u00e3o do utilizador e password, acesso \u00e0 \u00e1rea pessoal, funcionamento do carro de compras e fluxo de encomenda. Estes s\u00e3o cookies de sess\u00e3o, o que significa que s\u00e3o apagados com o encerramento do navegador, conforme explicado acima.<\/p>\n<p>Anal\u00edticos: cookies que nos permitem armazenar dados estat\u00edsticos da utiliza\u00e7\u00e3o do nosso website de forma a analisarmos o seu desempenho e estudar a introdu\u00e7\u00e3o de melhorias. Neste momento, com esta finalidade, apenas utilizamos o cookie UEAL, que tem um prazo de conserva\u00e7\u00e3o de 2 anos.<\/p>\n<p>Cookies de terceiros: como por exemplo os utilizados por redes sociais, redes publicit\u00e1rias ou servi\u00e7os externos que fornecem solu\u00e7\u00f5es de an\u00e1lise estat\u00edstica e de desempenho, nomeadamente o Google Analytics.<\/p>\n<p>&nbsp;<\/p>\n<p><b>Anula\u00e7\u00e3o ou elimina\u00e7\u00e3o de cookies<\/b><\/p>\n<p>Pode a qualquer altura permitir, conhecer, bloquear ou eliminar total ou parcialmente os cookies instalados no seu equipamento, mediante a configura\u00e7\u00e3o das op\u00e7\u00f5es do navegador que utiliza. Tenha em aten\u00e7\u00e3o que a n\u00e3o utiliza\u00e7\u00e3o de cookies pode tornar algumas sec\u00e7\u00f5es do nosso website que se tornem imposs\u00edveis de utilizar.<\/p>\n<p>Mais informa\u00e7\u00e3o sobre como bloquear ou limitar o uso dos cookies em\u00a0<a href=\"https:\/\/web.archive.org\/web\/20180627015158\/https:\/\/support.google.com\/chrome\/answer\/95647?hl=pt\">Google Chrome<\/a><\/p>\n<p>Mais informa\u00e7\u00e3o sobre como bloquear ou limitar o uso dos cookies em\u00a0<a href=\"https:\/\/web.archive.org\/web\/20180627015158\/http:\/\/support.mozilla.org\/pt-PT\/kb\/Cookies\">Firefox<\/a><\/p>\n<p>Mais informa\u00e7\u00e3o sobre como bloquear ou limitar o uso dos cookies em\u00a0<a href=\"https:\/\/web.archive.org\/web\/20180627015158\/http:\/\/windows.microsoft.com\/pt-pt\/internet-explorer\/delete-manage-cookies#ie=ie-10\">Internet Explorer<\/a><\/p>\n<p>Mais informa\u00e7\u00e3o sobre como bloquear ou limitar o uso dos cookies em\u00a0<a href=\"https:\/\/web.archive.org\/web\/20180627015158\/http:\/\/support.apple.com\/kb\/ph5042\">Safari<\/a><\/p>\n<p>[\/et_pb_text][\/et_pb_column][et_pb_column type=&#8221;1_2&#8243;][\/et_pb_column][\/et_pb_row][\/et_pb_section]<\/p>\n","protected":false},"excerpt":{"rendered":"<p>Pol\u00edtica de Privacidade Conformidade com Novo Regulamento de Prote\u00e7\u00e3o de Dados O Regulamento Geral sobre a Prote\u00e7\u00e3o de Dados Pessoais \u2013 Regulamento n\u00ba 2016\/679 do Parlamento Europeu e do Conselho, de 27 de abril de 2016 \u2013 em vigor desde o dia 25 de maio de 2018, estabelece as regras relativas \u00e0 prote\u00e7\u00e3o, tratamento e [&hellip;]<\/p>\n","protected":false},"author":1,"featured_media":0,"parent":0,"menu_order":0,"comment_status":"closed","ping_status":"closed","template":"","meta":{"_et_pb_use_builder":"on","_et_pb_old_content":"","_et_gb_content_width":"","footnotes":""},"class_list":["post-248834","page","type-page","status-publish","hentry"],"aioseo_notices":[],"_links":{"self":[{"href":"https:\/\/tinidoo.fr\/pt-pt\/wp-json\/wp\/v2\/pages\/248834","targetHints":{"allow":["GET"]}}],"collection":[{"href":"https:\/\/tinidoo.fr\/pt-pt\/wp-json\/wp\/v2\/pages"}],"about":[{"href":"https:\/\/tinidoo.fr\/pt-pt\/wp-json\/wp\/v2\/types\/page"}],"author":[{"embeddable":true,"href":"https:\/\/tinidoo.fr\/pt-pt\/wp-json\/wp\/v2\/users\/1"}],"replies":[{"embeddable":true,"href":"https:\/\/tinidoo.fr\/pt-pt\/wp-json\/wp\/v2\/comments?post=248834"}],"version-history":[{"count":2,"href":"https:\/\/tinidoo.fr\/pt-pt\/wp-json\/wp\/v2\/pages\/248834\/revisions"}],"predecessor-version":[{"id":248836,"href":"https:\/\/tinidoo.fr\/pt-pt\/wp-json\/wp\/v2\/pages\/248834\/revisions\/248836"}],"wp:attachment":[{"href":"https:\/\/tinidoo.fr\/pt-pt\/wp-json\/wp\/v2\/media?parent=248834"}],"curies":[{"name":"wp","href":"https:\/\/api.w.org\/{rel}","templated":true}]}}