{"id":248626,"date":"2023-10-30T15:18:45","date_gmt":"2023-10-30T14:18:45","guid":{"rendered":"https:\/\/tinidoo.fr\/quem-somos\/"},"modified":"2023-10-30T15:22:05","modified_gmt":"2023-10-30T14:22:05","slug":"quem-somos","status":"publish","type":"page","link":"https:\/\/tinidoo.fr\/pt-pt\/quem-somos\/","title":{"rendered":"Quem Somos"},"content":{"rendered":"<p>[et_pb_section fb_built=&#8221;1&#8243; admin_label=&#8221;section&#8221; _builder_version=&#8221;4.16&#8243; global_colors_info=&#8221;{}&#8221; custom_padding=&#8221;38px|||||&#8221;][et_pb_row admin_label=&#8221;row&#8221; _builder_version=&#8221;4.16&#8243; background_size=&#8221;initial&#8221; background_position=&#8221;top_left&#8221; background_repeat=&#8221;repeat&#8221; global_colors_info=&#8221;{}&#8221;][et_pb_column type=&#8221;4_4&#8243; _builder_version=&#8221;4.16&#8243; custom_padding=&#8221;|||&#8221; global_colors_info=&#8221;{}&#8221; custom_padding__hover=&#8221;|||&#8221;][et_pb_text _builder_version=&#8221;4.21.0&#8243; _module_preset=&#8221;default&#8221; hover_enabled=&#8221;0&#8243; sticky_enabled=&#8221;0&#8243; header_font=&#8221;Autour One||||||||&#8221;]<\/p>\n<h1>Quem Somos<\/h1>\n<p>[\/et_pb_text][\/et_pb_column][\/et_pb_row][et_pb_row _builder_version=&#8221;4.21.0&#8243; _module_preset=&#8221;default&#8221; column_structure=&#8221;2_5,3_5&#8243;][et_pb_column _builder_version=&#8221;4.21.0&#8243; _module_preset=&#8221;default&#8221; type=&#8221;2_5&#8243;][et_pb_image src=&#8221;https:\/\/tinidoo.fr\/wp-content\/uploads\/2023\/05\/conseils-peinture-lit-bebe.jpg&#8221; _builder_version=&#8221;4.21.0&#8243; _module_preset=&#8221;default&#8221; title_text=&#8221;conseils-peinture-lit-bebe&#8221; hover_enabled=&#8221;0&#8243; sticky_enabled=&#8221;0&#8243;][\/et_pb_image][\/et_pb_column][et_pb_column _builder_version=&#8221;4.21.0&#8243; _module_preset=&#8221;default&#8221; type=&#8221;3_5&#8243;][et_pb_text admin_label=&#8221;Text&#8221; _builder_version=&#8221;4.21.0&#8243; background_size=&#8221;initial&#8221; background_position=&#8221;top_left&#8221; background_repeat=&#8221;repeat&#8221; hover_enabled=&#8221;0&#8243; global_colors_info=&#8221;{}&#8221; sticky_enabled=&#8221;0&#8243;]<\/p>\n<p class=\"a-b-r-La\">Em 2015, com o sucesso das vendas online dos carrinhos <a href=\"https:\/\/www.lecoindelara.com\/\">Le Coin da Lara<\/a>, Julien e Agnieszka fundaram a Tinidoo.<\/p>\n<p>[\/et_pb_text][et_pb_testimonial author=&#8221;Julien&#8221; _builder_version=&#8221;4.21.0&#8243; _module_preset=&#8221;default&#8221; hover_enabled=&#8221;0&#8243; sticky_enabled=&#8221;0&#8243; body_font=&#8221;Autour One||||||||&#8221;]<\/p>\n<p class=\"a-b-r-La\">Quando nossa filha Lara nasceu, t\u00ednhamos um projeto para restaurar um ber\u00e7o da fam\u00edlia. No entanto, percebemos que n\u00e3o havia no mercado tintas seguras e saud\u00e1veis adaptadas para ber\u00e7os.<\/p>\n<p class=\"a-b-r-La\">Assim, com a colabora\u00e7\u00e3o de um fabricante de confian\u00e7a, criamos a Tinidoo!<\/p>\n<p>[\/et_pb_testimonial][\/et_pb_column][\/et_pb_row][et_pb_row _builder_version=&#8221;4.21.0&#8243; _module_preset=&#8221;default&#8221; column_structure=&#8221;1_2,1_2&#8243;][et_pb_column _builder_version=&#8221;4.21.0&#8243; _module_preset=&#8221;default&#8221; type=&#8221;1_2&#8243;][et_pb_text _builder_version=&#8221;4.21.0&#8243; _module_preset=&#8221;default&#8221; hover_enabled=&#8221;0&#8243; sticky_enabled=&#8221;0&#8243;]<\/p>\n<p class=\"a-b-r-La\">Na Tinidoo, o nosso objetivo \u00e9 ajud\u00e1-lo a restaurar o ber\u00e7o do seu beb\u00e9 com produtos de qualidade!<\/p>\n<p class=\"a-b-r-La\">As nossas tintas e vernizes cumprem a norma europeia EN71-3. Ou seja, n\u00e3o h\u00e1 subst\u00e2ncias t\u00f3xicas em sua composi\u00e7\u00e3o. S\u00e3o tintas e vernizes que n\u00e3o representam riscos para o seu beb\u00e9!<\/p>\n<p class=\"a-b-r-La\">Enviamos a sua encomenda a partir da nossa sede, localizada em Fran\u00e7a, e entregamos em toda a Europa!<\/p>\n<p class=\"a-b-r-La\">Obrigado pela confian\u00e7a!<\/p>\n<p>[\/et_pb_text][\/et_pb_column][et_pb_column _builder_version=&#8221;4.21.0&#8243; _module_preset=&#8221;default&#8221; type=&#8221;1_2&#8243;][et_pb_image src=&#8221;https:\/\/tinidoo.fr\/wp-content\/uploads\/2023\/07\/quienes-somos-tinidoo.jpg&#8221; _builder_version=&#8221;4.21.0&#8243; _module_preset=&#8221;default&#8221; alt=&#8221;Quem Somos&#8221; title_text=&#8221;Quem-Somos&#8221; hover_enabled=&#8221;0&#8243; sticky_enabled=&#8221;0&#8243; align=&#8221;center&#8221;][\/et_pb_image][\/et_pb_column][\/et_pb_row][\/et_pb_section]<\/p>\n","protected":false},"excerpt":{"rendered":"<p>Quem SomosEm 2015, com o sucesso das vendas online dos carrinhos Le Coin da Lara, Julien e Agnieszka fundaram a Tinidoo.Quando nossa filha Lara nasceu, t\u00ednhamos um projeto para restaurar um ber\u00e7o da fam\u00edlia. No entanto, percebemos que n\u00e3o havia no mercado tintas seguras e saud\u00e1veis adaptadas para ber\u00e7os. Assim, com a colabora\u00e7\u00e3o de um [&hellip;]<\/p>\n","protected":false},"author":1,"featured_media":0,"parent":0,"menu_order":0,"comment_status":"closed","ping_status":"closed","template":"","meta":{"_et_pb_use_builder":"on","_et_pb_old_content":"","_et_gb_content_width":"","footnotes":""},"class_list":["post-248626","page","type-page","status-publish","hentry"],"aioseo_notices":[],"_links":{"self":[{"href":"https:\/\/tinidoo.fr\/pt-pt\/wp-json\/wp\/v2\/pages\/248626","targetHints":{"allow":["GET"]}}],"collection":[{"href":"https:\/\/tinidoo.fr\/pt-pt\/wp-json\/wp\/v2\/pages"}],"about":[{"href":"https:\/\/tinidoo.fr\/pt-pt\/wp-json\/wp\/v2\/types\/page"}],"author":[{"embeddable":true,"href":"https:\/\/tinidoo.fr\/pt-pt\/wp-json\/wp\/v2\/users\/1"}],"replies":[{"embeddable":true,"href":"https:\/\/tinidoo.fr\/pt-pt\/wp-json\/wp\/v2\/comments?post=248626"}],"version-history":[{"count":5,"href":"https:\/\/tinidoo.fr\/pt-pt\/wp-json\/wp\/v2\/pages\/248626\/revisions"}],"predecessor-version":[{"id":248631,"href":"https:\/\/tinidoo.fr\/pt-pt\/wp-json\/wp\/v2\/pages\/248626\/revisions\/248631"}],"wp:attachment":[{"href":"https:\/\/tinidoo.fr\/pt-pt\/wp-json\/wp\/v2\/media?parent=248626"}],"curies":[{"name":"wp","href":"https:\/\/api.w.org\/{rel}","templated":true}]}}