{"id":249564,"date":"2023-12-12T15:10:57","date_gmt":"2023-12-12T14:10:57","guid":{"rendered":"https:\/\/tinidoo.fr\/conditions-generales-de-vente\/"},"modified":"2023-12-12T16:30:25","modified_gmt":"2023-12-12T15:30:25","slug":"condizioni-generali-vendita","status":"publish","type":"page","link":"https:\/\/tinidoo.fr\/it\/condizioni-generali-vendita\/","title":{"rendered":"Condizioni generali di vendita"},"content":{"rendered":"<p>[et_pb_section fb_built=&#8221;1&#8243; _builder_version=&#8221;4.16&#8243; global_colors_info=&#8221;{}&#8221;][et_pb_row _builder_version=&#8221;4.16&#8243; background_size=&#8221;initial&#8221; background_position=&#8221;top_left&#8221; background_repeat=&#8221;repeat&#8221; global_colors_info=&#8221;{}&#8221;][et_pb_column type=&#8221;4_4&#8243; _builder_version=&#8221;4.16&#8243; custom_padding=&#8221;|||&#8221; global_colors_info=&#8221;{}&#8221; custom_padding__hover=&#8221;|||&#8221;][et_pb_text _builder_version=&#8221;4.23.1&#8243; _module_preset=&#8221;default&#8221; hover_enabled=&#8221;0&#8243; global_colors_info=&#8221;{}&#8221; sticky_enabled=&#8221;0&#8243;]<\/p>\n<h1>Condizioni generali di vendita<\/h1>\n<h2>Definizioni:<\/h2>\n<p><strong>Venditore<\/strong>:<\/p>\n<p><strong>SAS AJ TROMEUR<\/strong> con sede legale in 9, rue Pen ar Bed, 29217 Le Conquet (FRANCE)<\/p>\n<p>SIRET: 83198619500020<\/p>\n<p>Numero di telefono: +33 (09 80 09 90 51) Orari: Lun-Ven 9:00-17:00<\/p>\n<p><strong>Sito:<\/strong><\/p>\n<p>il sito internet pubblicamente raggiungibile all\u2019indirizzo <a href=\"https:\/\/tinidoo.fr\/it\">www.tinidoo\/it\u00a0<\/a><\/p>\n<p><strong>Acquirente:<\/strong><strong><br \/><\/strong>una persona che \u00e8 maggiorenne e non agisce in qualit\u00e0 di professionista o imprenditore, con cui il Venditore stipula un Accordo di compravendita a distanza.<\/p>\n<p><strong>Ordine:<\/strong><\/p>\n<p>un ordine di acquisto effettuato dall\u2019Acquirente secondo le procedure descritte all\u2019articolo 2.1 per la consegna di uno o pi\u00f9 Prodotti.<\/p>\n<p><strong>Prodotto<\/strong>:<\/p>\n<p>un prodotto che il venditore espone e propone in vendita sul proprio Sito internet.<\/p>\n<p><strong>Prezzo d\u2019Acquisto:<\/strong><strong><br \/><\/strong>il prezzo del Prodotto indicato sul sito internet, comprensivo di IVA.<\/p>\n<p><strong>Carrello:\u00a0<\/strong><\/p>\n<p>l\u2019insieme di tutti i prodotti che l\u2019Acquirente seleziona tramite il pulsante \u201cAGGIUNGI AL CARRELLO\u201d.<\/p>\n<p><strong>Accordo:<\/strong><br \/>l\u2019Ordine di acquisto che l\u2019acquirente ha accettato come tale.<\/p>\n<h2>Articolo 1. Applicabilit\u00e0 delle condizioni generali.<\/h2>\n<p><strong>1.1<\/strong><\/p>\n<p>Le presenti Condizioni Generali, rese disponibili online dal Venditore all\u2019indirizzo www.mistertennis.com, riguardano tutte le offerte, gli ordini, gli accordi e altri eventuali accordi regolati dalla legge, tra l\u2019Acquirente e il Venditore con riferimento all\u2019uso del Sito, inclusi l\u2019acquisto e la vendita di Prodotti sul Sito o tramite lo stesso.<\/p>\n<p>[\/et_pb_text][et_pb_text _builder_version=&#8221;4.23.1&#8243; _module_preset=&#8221;default&#8221; global_colors_info=&#8221;{}&#8221;]<\/p>\n<h2>Articolo 2. Conclusione e contenuto dell&#8217;accordo.<\/h2>\n<p><strong>2.1<\/strong><\/p>\n<p>La presentazione e la pubblicit\u00e0 dei Prodotti nel nostro Sito web non costituiscono un\u2019offerta vincolante per la conclusione di un accordo d\u2019acquisto.<\/p>\n<p><strong>2.2<\/strong><\/p>\n<p>L\u2019Acquirente potr\u00e0 selezionare i Prodotti dall\u2019assortimento di merci del Venditore, in particolare abbigliamento, calzature ed attrezzatura per il tennis e per il tempo libero nel modello, colore e misura desiderati, e metterli in un \u201ccarrello\u201d facendo clic sul pulsante \u201cAGGIUNGI AL CARRELLO\u201d.<\/p>\n<p><strong>2.3<\/strong><\/p>\n<p>Dopo aver aggiunto al carrello tutti i prodotti che desidera acquistare, dal carrello stesso l\u2019Acquirente potr\u00e0 continuare facendo clic sul pulsante \u201cVai alla cassa\u201d.<\/p>\n<p>Verr\u00e0 quindi reindirizzato ad una panoramica del suo ordine di acquisto (checkout), indicante descrizione, prezzo e periodo indicativo di consegna. La data di consegna indicata in questa fase di compilazione dell\u2019ordine \u00e8 da considerarsi unicamente come indicativa ed \u00e8 calcolata automaticamente dal Sito tenendo conto dei tempi medi indicativi dichiarati dai vettori. In nessun caso la data di prevista consegna costituir\u00e0 impegno e\/o vincolo contrattuale per il Venditore.\u00a0<\/p>\n<p>L\u2019Acquirente inserir\u00e0 il proprio indirizzo di fatturazione. Qualora l\u2019indirizzo di spedizione differisca da quello di fatturazione, potr\u00e0 indicare anche l\u2019indirizzo di spedizione richiesto.\u00a0<\/p>\n<p>In questa fase l\u2019Acquirente ha la possibilit\u00e0 di indicare un corriere preferito fra quelli disponibili per la zona di destinazione. La scelta del corriere \u00e8 facoltativa per l\u2019Acquirente e non costituisce obbligo contrattuale per il Venditore che si riserva il diritto di affidare la spedizione della merce al vettore ritenuto pi\u00f9 opportuno in base a diversi fattori (ad esempio congestione logistica \u2013 previsione di scioperi \u2013 etc).<\/p>\n<p><strong>2.4<\/strong><\/p>\n<p>Dopo aver selezionato l\u2019indirizzo di consegna, l\u2019Acquirente potr\u00e0 continuare con la procedura dell\u2019ordine (checkout) scegliendo tra i seguenti metodi di pagamento:<\/p>\n<p><strong>Carta di credito\/debito<\/strong>: Con questo metodo di pagamento, l\u2019Acquirente potr\u00e0 concludere l\u2019Ordine inserendo i dati della propria carta di credito\/debito. Facendo sul pulsante \u201cConferma e Paga\u201d, l\u2019Acquirente inserir\u00e0 un ordine legalmente vincolante. Il pulsante \u201cConferma e Paga\u201d sar\u00e0 attivo soltanto nel caso in cui i Termini e condizioni generali del Venditore siano preventivamente stati approvati spuntando la casella adiacente alle pulsante stesso.<br \/>Prima di fare clic sul pulsante \u201cConferma e Paga\u201d, l\u2019Acquirente potr\u00e0 annullare l\u2019ordine in qualsiasi momento, modificarne il contenuto rimuovendo la merce esistente dal carrello e\/o aggiungendovi nuovi prodotti, nonch\u00e9 cambiare l\u2019indirizzo di spedizione e il metodo di pagamento. Con il metodo di pagamento Carta di Credito\/Debito l\u2019esecuzione dell\u2019ordine vincolante per l\u2019Acquirente ed il relativo pagamento avverranno simultaneamente.<\/p>\n<p><strong>Bonifico bancario<\/strong>:\u00a0<\/p>\n<p>con questo metodo di pagamento, l\u2019Acquirente inserir\u00e0 un ordine legalmente vincolante facendo clic sul pulsante \u201cInvia Ordine\u201d. Il pulsante \u201cInvia Ordine\u201d sar\u00e0 attivo soltanto nel caso in cui i Termini e condizioni generali del Venditore siano preventivamente stati approvati spuntando la casella vicino alle informazioni di tali Termini e condizioni generali. Prima di fare clic sul pulsante \u201cInvia Ordine\u201d, l\u2019Acquirente potr\u00e0 annullare l\u2019ordine in qualsiasi momento, modificarne il contenuto rimuovendo la merce esistente dal carrello e\/o aggiungendovi nuovi prodotti, nonch\u00e9 cambiare l\u2019indirizzo di spedizione e il metodo di pagamento. Successivamente all\u2019invio dell\u2019Ordine, l\u2019Acquirente ricever\u00e0 una mail riepilogativa recante gli estremi per l\u2019esecuzione del bonifico bancario. L\u2019acquirente avr\u00e0 5 (cinque) giorni lavorativi di tempo per eseguire il pagamento e darne comunicazione al venditore, trascorso tale termine il venditore potr\u00e0 annullare l\u2019ordine dandone tempestiva comunicazione all\u2019Acquirente.\u00a0<\/p>\n<p><strong>2.5<\/strong><\/p>\n<p>L\u2019ordine assumer\u00e0 valore vincolante per il Venditore soltanto dopo che il Venditore stesso avr\u00e0 accettato l\u2019ordine in forma scritta, o mediante una dichiarazione di accettazione o tramite la consegna del Prodotto ordinato. Il Venditore confermer\u00e0 immediatamente la ricezione dell\u2019Ordine effettuato dall\u2019Acquirente tramite il Sito web inviando un\u2019e-mail all\u2019Acquirente. La suddetta e-mail costituisce unicamente una conferma di ricezione dell\u2019ordine da parte del Venditore e non costituisce un\u2019accettazione vincolante dell\u2019Ordine, a meno che non contenga anche una dichiarazione di accettazione, oltre alla conferma di ricezione.<\/p>\n<p><strong>2.6<\/strong><\/p>\n<p>Il Venditore si riserva il diritto di rifiutare l\u2019Ordine effettuato dall\u2019Acquirente o cancellare l\u2019account dell\u2019Acquirente, nei seguenti casi specifici:<\/p>\n<ul>\n<li>Qualora il valore totale dell\u2019Ordine ecceda l\u2019importo specificato nella sezione pagamenti delle Domande frequenti;<\/li>\n<li>Qualora i dati inseriti dall\u2019Acquirente risultino falsi e\/o incompleti, o il Venditore possa ragionevolmente metterne in dubbio la veridicit\u00e0;<\/li>\n<li>Qualora il pagamento dovuto dall\u2019Acquirente non venga eseguito subito dopo aver effettuato l\u2019Ordine o comunque entro i termini richiesti;<\/li>\n<li>Qualora l\u2019Acquirente non abbia adempiuto in passato a obblighi di pagamento nei riguardi del Venditore;<\/li>\n<li>Qualora l\u2019Acquirente abbia rifiutato di accettare e\/o non abbia ritirato gli ordini effettuati in passato presso il Venditore;<\/li>\n<li>Qualora si riscontri un errore ovvio o di elaborazione nei prezzi riportati sul Sito web;<\/li>\n<li>Qualora l\u2019indirizzo di spedizione richiesto non sia situato nel Paese di residenza dell\u2019Acquirente;<\/li>\n<li>Qualora una qualsiasi azione dell\u2019Acquirente risulti fraudolenta o sospetta.<\/li>\n<\/ul>\n<p><strong>2.7<\/strong><\/p>\n<p>In caso di mancata accettazione dell\u2019ordine, il Venditore notificher\u00e0 l\u2019Acquirente il prima possibile. In tal caso, qualsiasi pagamento gi\u00e0 effettuato da parte dell\u2019Acquirente verr\u00e0 immediatamente rimborsato, ma il Venditore si riserva il diritto di trattenere una somma corrispondente all\u2019eventuale danno arrecato dall\u2019Acquirente a seguito di attivit\u00e0 fraudolente e\/o sospette tali.<\/p>\n<p><strong>2.8<\/strong><\/p>\n<p>L\u2019Ordine, la conferma dell\u2019Ordine da parte del Venditore, cos\u00ec come la Direttiva sulla protezione dei dati personali e le Condizioni d\u2019uso su sito web pubblicate in quest\u2019ultimo, nonch\u00e9 i suddetti Termini e condizioni generali, costituiscono l\u2019Accordo nel suo complesso tra l\u2019Acquirente e il Venditore relativamente all\u2019uso del Sito web e all\u2019effettuazione ed esecuzione di un ordine.<\/p>\n<p>[\/et_pb_text][et_pb_text _builder_version=&#8221;4.23.1&#8243; _module_preset=&#8221;default&#8221; global_colors_info=&#8221;{}&#8221;]<\/p>\n<h2>Articolo 3. Metodo di spedizione e date di consegna.<\/h2>\n<p><strong>3.1<\/strong><\/p>\n<p>La consegna verr\u00e0 effettuata tramite un vettore designato dal Venditore.\u00a0<\/p>\n<p>Nella fase di checkout l\u2019Acquirente ha facolt\u00e0 di indicare un corriere preferito, ma ci\u00f2 non costituisce vincolo per il Venditore, che si riserva il diritto di designare il vettore pi\u00f9 adeguato a raggiungere nel modo pi\u00f9 rapido e sicuro l\u2019indirizzo di destinazione indicato dall\u2019Acquirente.\u00a0<\/p>\n<p><strong>3.2<\/strong><\/p>\n<p>Qualora l\u2019Acquirente abbia deciso per un pagamento anticipato, una volta concluso l\u2019Accordo ed a condizione che l\u2019Acquirente abbia versato integralmente il Prezzo d\u2019Acquisto, il Venditore invier\u00e0, all\u2019indirizzo indicato dall\u2019Acquirente, i Prodotti nel minor tempo possibile ed in ogni caso entro trenta (30) giorni a meno che le parti non abbiano concordato un termine di consegna pi\u00f9 lungo. Sul Sito verr\u00e0 indicata una data prevista di consegna, che \u00e8 da intendersi come puramente indicativa e non vincolante per il Venditore.\u00a0<\/p>\n<p><strong>3.3\u00a0\u00a0\u00a0\u00a0<\/strong>\u00a0<\/p>\n<p>Il Venditore effettuer\u00e0 la consegna, nei limiti del possibile, secondo le date di consegna concordate; in ogni caso l\u2019Acquirente riconosce che le date di consegna, dipendendo da servizi forniti da terzi, sono indicate dal Venditore sulla base di informazioni ricevute da detti soggetti terzi al momento dell\u2019Acquisto.<\/p>\n<p><strong>3.4<\/strong><\/p>\n<p>Ove la consegna subisse un ritardo o qualora l\u2019Ordine non potesse essere eseguito in tutto o in parte, l\u2019Acquirente ricever\u00e0 una notifica entro 30 (trenta) giorni dalla conclusione dell\u2019Accordo. In caso di ritardo, l\u2019Acquirente potr\u00e0 recedere dall\u2019Accordo, senza penali, fino alla consegna dell\u2019Ordine. Qualora un Ordine non potesse essere eseguito in tutto o in parte, potr\u00e0 essere cancellato dal Venditore, con riferimento unicamente al Prodotto che non pu\u00f2 essere consegnato. In nessun caso il Venditore sar\u00e0 ritenuto responsabile diretto o indiretto di eventuali danni causati dal ritardo della consegna da parte del vettore.<\/p>\n<p><strong>3.5<\/strong><\/p>\n<p>Dal momento in cui il Prodotto viene consegnato, il rischio derivante da eventuali danni o perdite sar\u00e0 a carico dell\u2019Acquirente.\u00a0<\/p>\n<p>[\/et_pb_text][et_pb_text _builder_version=&#8221;4.23.1&#8243; _module_preset=&#8221;default&#8221; global_colors_info=&#8221;{}&#8221;]<\/p>\n<h2>Articolo 4. Prezzo e pagamento.<\/h2>\n<p><strong>4.1<\/strong><\/p>\n<p>I prezzi indicati sul Sito sono riportati in Euro e sono comprensivi dell\u2019Imposta sul Valore Aggiunto (IVA) e non comprendono i costi di spedizione. I costi di spedizione sono indicati chiaramente nella fase di checkout e potranno essere concessi gratuitamente se l\u2019importo dell\u2019Ordine superi determinate soglie chiaramente indicate sul Sito. Il Prezzo d\u2019Acquisto complessivamente dovuto verr\u00e0 indicato quando l\u2019Ordine \u00e8 finalizzato e l\u2019Accordo confermato.<\/p>\n<p><strong>4.2<\/strong><\/p>\n<p>Il Venditore avr\u00e0 diritto di modificare i prezzi indicati sul Sito di volta in volta senza che questo venga comunicato. I prezzi indicati al momento dell\u2019Ordine devono ritenersi quelli che formano parte dell\u2019Accordo, intendendosi accettati dall\u2019Acquirente. Nessun rimborso e\/o integrazione sar\u00e0 dovuto all\u2019Acquirente a seguito di modifiche ai prezzi di vendita operate dal Venditore successivamente all\u2019invio dell\u2019Ordine.\u00a0<\/p>\n<p><strong>4.3<\/strong><\/p>\n<p>I pagamenti potranno essere eseguiti utilizzando uno dei metodi indicati sul Sito ed in ogni caso non oltre 14 giorni dalla consegna del Prodotto.<\/p>\n<p><strong>4.4<\/strong><\/p>\n<p>L\u2019Acquirente \u00e8 obbligato a comunicare tempestivamente al Venditore eventuali errori nei dettagli di pagamento che gli ha fornito.<\/p>\n<p><strong>4.5<\/strong><\/p>\n<p>Qualora l\u2019Acquirente non rispetti il termine di pagamento sar\u00e0 considerato inadempiente ed il Venditore potr\u00e0 applicare al prezzo dovuto interessi legali a decorrere dalla data in cui doveva essere effettuato il pagamento.<\/p>\n<p>[\/et_pb_text][et_pb_text _builder_version=&#8221;4.23.1&#8243; _module_preset=&#8221;default&#8221; global_colors_info=&#8221;{}&#8221;]<\/p>\n<h2>Articolo 5. Diritto di restituzione.<\/h2>\n<p><strong>5.1<\/strong><\/p>\n<p>L\u2019Acquirente ha il diritto di restituire, gratuitamente, il Prodotto consegnato entro 14 giorni dalla ricezione del Prodotto, senza fornire il motivo della restituzione, nel modo indicato dal Venditore, a condizione che il Prodotto non sia stato utilizzato, n\u00e9 indossato, non sia stato danneggiato e sia contenuto nella confezione originale integra. Eventuali sigilli protettivi non devono essere stati rimossi. L\u2019Acquirente non \u00e8 autorizzato a sostituire il Prodotto con un altro Prodotto. Se l\u2019Acquirente desidera acquistare un altro Prodotto, dovr\u00e0 effettuare un nuovo Ordine sul sito web.<\/p>\n<p><strong>5.2<\/strong><\/p>\n<p>Nel caso di cui alla clausola precedente, il Venditore rimborser\u00e0 il Prezzo di acquisto nel pi\u00f9 breve tempo possibile, ma comunque entro 30 giorni da quando riceve il prodotto restituito. Qualora non vengano restituiti tutti i Prodotti oggetto dell\u2019Accordo, il Venditore ha il diritto di detrarre i costi della spedizione originale dal Prezzo di acquisto da rimborsare, perch\u00e9 un importo equivalente di costi di spedizione sar\u00e0 dovuto per i Prodotti non restituiti. A chiarimento, qualora l\u2019importo dei Prodotti restituiti riducesse il valore netto dell\u2019Ordine al di sotto della soglia minima per ottenere il trasporto gratuito, il Venditore riaddebiter\u00e0 l\u2019importo dovuto per il trasporto deducendo tale importo dal valore del rimborso.<\/p>\n<p><strong>5.3<\/strong><\/p>\n<p>I prodotti Acquistati a scopo professionale (Acquirente con partita Iva) non possono essere restituiti.\u00a0<\/p>\n<p>[\/et_pb_text][et_pb_text _builder_version=&#8221;4.23.1&#8243; _module_preset=&#8221;default&#8221; global_colors_info=&#8221;{}&#8221;]<\/p>\n<h2>Articolo 6. Forza maggiore.<\/h2>\n<p><strong>6.1<\/strong><\/p>\n<p>Il Venditore non \u00e8 responsabile per alcun danno risultante dal ritardo nella consegna o dalla mancata consegna che sia causato da circostanze che gli impediscano di adempiere alla propria obbligazione, per le quali lo stesso non possa essere incolpato e per le quali sia esonerato in forza di legge, di un atto o di convenzioni, come ad esempio \u2013 anche se non limitatamente a \u2013 guerra, minaccia di guerra, guerra civile, rivolte, giornata di lutto nazionale annunciata dal governo, scioperi, problemi nei trasporti, limitazioni commerciali, problemi con le autorit\u00e0 doganali, incendi, inondazioni, terremoti o bancarotta di terzi incaricati dal venditore, un inadempimento da parte del fornitore del Venditore nella fornitura di merci o un inadempimento da parte del fornitore del Venditore nel fornire le merci tempestivamente, interruzione nella fornitura di merci da parte di terzi, incluse acqua e elettricit\u00e0, ed altre gravi interruzioni nell\u2019attivit\u00e0 commerciale del Venditore o di terzi da quest\u2019ultimo incaricati.<\/p>\n<p><strong>6.2<\/strong><\/p>\n<p>Se il Venditore, a seguito di un evento di forza maggiore, non adempie all\u2019obbligazione dovuta in forza dell\u2019Accordo o non adempie tempestivamente, potr\u00e0 adempiere all\u2019Accordo in un termine ragionevole ovvero \u2013 ove l\u2019adempimento in un termine ragionevole sia impossibile \u2013 sia l\u2019Acquirente che il Venditore stesso potranno risolvere l\u2019Accordo integralmente o in parte, senza obbligo di pagare alcuna indennit\u00e0.<\/p>\n<h2>Articolo 7.\u00a0Reclami.<\/h2>\n<p><strong>7.1<\/strong><\/p>\n<p>I recapiti del Venditore o dei terzi che lo stesso ha incaricato di gestire le contestazioni sono reperibili sul Sito cliccando su \u201cAiuto \u2192 Contattaci\u201d.<\/p>\n<p><strong>7.2<\/strong><\/p>\n<p>L\u2019Acquirente dovr\u00e0 ispezionare il Prodotto quando gli viene consegnato e comunicare entro un termine ragionevole al Venditore se vi sono difetti visibili o se vi sono contestazioni in relazione all\u2019adempimento dell\u2019Accordo.<\/p>\n<p><strong>7.3<\/strong><\/p>\n<p>Il Venditore dovr\u00e0 rispondere ad ogni contestazione entro un termine di 14 giorni da quando questa viene ricevuta. Il Venditore, nel caso in cui preveda di non riuscire a gestire la contestazione per tempo, comunicher\u00e0 all\u2019Acquirente, entro 14 giorni, il termine entro cui quest\u2019ultimo potr\u00e0 aspettarsi una risposta.<\/p>\n<p><strong>7.4<\/strong><\/p>\n<p>L\u2019Acquirente riconosce che non sono fondate le contestazioni che riguardano modifiche minime, modifiche generalmente considerate accettabili e modifiche che non possono essere evitate o che \u00e8 molto difficile evitare rispettando qualit\u00e0, taglia, colore, finiture, etc. del Prodotto.<\/p>\n<p>Tali contestazioni cos\u00ec come quelle che riguardano gli articoli che non fanno pi\u00f9 parte dei prodotti in vendita, non sono fondate. Il Venditore non sar\u00e0 responsabile per gli eventuali danni subiti dall\u2019Acquirente in relazione a dette contestazioni.<\/p>\n<p><strong>7.5<\/strong><\/p>\n<p>Qualora il Venditore decida di richiamare un Prodotto, l\u2019Acquirente si impegner\u00e0 a fornire la massima collaborazione. L\u2019Acquirente avvertir\u00e0 immediatamente il Venditore nel caso in cui abbia il sospetto che un prodotto sia difettoso e che quindi verr\u00e0 richiamato.<\/p>\n<p>[\/et_pb_text][et_pb_text _builder_version=&#8221;4.23.1&#8243; _module_preset=&#8221;default&#8221; global_colors_info=&#8221;{}&#8221;]<\/p>\n<h2>Articolo 8. Riserva di propriet\u00e0.<\/h2>\n<p><strong>8.1<\/strong><\/p>\n<p>Il Venditore manterr\u00e0 il diritto di propriet\u00e0 su tutti i Prodotti che dovranno essere consegnati fino a che le seguenti obbligazioni nei confronti dello\u00a0 stesso saranno interamente adempiute:<\/p>\n<ul>\n<li>gli adempimenti e le obbligazioni (incluse quelle di pagamento) dell\u2019Acquirente in relazione ai Prodotti che, in forza dell\u2019Accordo, sono stati o dovranno essere consegnati; e<\/li>\n<li>contestazioni in forza di una violazione dell\u2019Acquirente in relazione al suo adempimento del presente Accordo.\u00a0<\/li>\n<\/ul>\n<h2>Articolo 9. Garanzie e responsabilit\u00e0.<\/h2>\n<p><strong>9.1<\/strong><\/p>\n<p>Il Venditore \u00e8 obbligato per legge a fornire un Prodotto conforme al contratto stipulato con il Compratore.<\/p>\n<p><strong>9.2<\/strong><\/p>\n<p>Il Venditore non \u00e8 responsabile per alcun danno indiretto, ulteriore o conseguente, di qualsiasi tipo, che l\u2019Acquirente subisce in relazione all\u2019Accordo. In nessun caso un danno diretto, per il quale il Venditore \u00e8 legalmente responsabile nei confronti dell\u2019Acquirente, potr\u00e0 eccedere il Prezzo d\u2019Acquisto, fatto salvo il caso in cui questo sia espressamente previsto dalla legge.\u00a0<\/p>\n<p><strong>9.3<\/strong><\/p>\n<p>Il Venditore fa riferimento alle proprie responsabilit\u00e0 con riferimento al Sito e all\u2019uso dello stesso.<\/p>\n<h2>Articolo 10. Legge applicabile.<\/h2>\n<p><strong>10.1<\/strong><\/p>\n<p>A questo contratto si applica la legge Italiana.<\/p>\n<h2>Articolo 11. Clausole nulle.<\/h2>\n<p><strong>11.1<\/strong><\/p>\n<p>Nel caso in cui una qualsiasi clausola delle presenti Condizioni Generali sia nulla:<\/p>\n<ul>\n<li>le altre clausole contenute in queste Condizioni Generali devono ritenersi efficaci; e\u00a0<\/li>\n<li>la clausola nulla dovr\u00e0 essere interpretata o convertita in una valida avente lo stesso scopo.<\/li>\n<\/ul>\n<h2>Articolo 12. Modifiche alle condizioni generali.<\/h2>\n<p><strong>12.1<\/strong><\/p>\n<p>Il Venditore avr\u00e0 diritto di modificare le presenti Condizioni Generali di volta in volta. La versione pi\u00f9 recente delle Condizioni Generali sar\u00e0 inserita sul Sito. L\u2019Acquirente deve sempre consultare le presenti Condizioni Generali prima di utilizzare il Sito. Ove l\u2019Acquirente fosse impossibilitato a consultare le Condizioni Generali via Internet, il Venditore dovr\u00e0 inviargli copia della versione pi\u00f9 recente a mezzo e-mail.<\/p>\n<p>[\/et_pb_text][\/et_pb_column][\/et_pb_row][\/et_pb_section]<\/p>\n","protected":false},"excerpt":{"rendered":"<p>Condizioni generali di vendita Definizioni: Venditore: SAS AJ TROMEUR con sede legale in 9, rue Pen ar Bed, 29217 Le Conquet (FRANCE) SIRET: 83198619500020 Numero di telefono: +33 (09 80 09 90 51) Orari: Lun-Ven 9:00-17:00 Sito: il sito internet pubblicamente raggiungibile all\u2019indirizzo www.tinidoo\/it\u00a0 Acquirente:una persona che \u00e8 maggiorenne e non agisce in qualit\u00e0 di [&hellip;]<\/p>\n","protected":false},"author":1,"featured_media":0,"parent":0,"menu_order":0,"comment_status":"closed","ping_status":"closed","template":"","meta":{"_et_pb_use_builder":"on","_et_pb_old_content":"","_et_gb_content_width":"","footnotes":""},"class_list":["post-249564","page","type-page","status-publish","hentry"],"aioseo_notices":[],"_links":{"self":[{"href":"https:\/\/tinidoo.fr\/it\/wp-json\/wp\/v2\/pages\/249564","targetHints":{"allow":["GET"]}}],"collection":[{"href":"https:\/\/tinidoo.fr\/it\/wp-json\/wp\/v2\/pages"}],"about":[{"href":"https:\/\/tinidoo.fr\/it\/wp-json\/wp\/v2\/types\/page"}],"author":[{"embeddable":true,"href":"https:\/\/tinidoo.fr\/it\/wp-json\/wp\/v2\/users\/1"}],"replies":[{"embeddable":true,"href":"https:\/\/tinidoo.fr\/it\/wp-json\/wp\/v2\/comments?post=249564"}],"version-history":[{"count":8,"href":"https:\/\/tinidoo.fr\/it\/wp-json\/wp\/v2\/pages\/249564\/revisions"}],"predecessor-version":[{"id":249584,"href":"https:\/\/tinidoo.fr\/it\/wp-json\/wp\/v2\/pages\/249564\/revisions\/249584"}],"wp:attachment":[{"href":"https:\/\/tinidoo.fr\/it\/wp-json\/wp\/v2\/media?parent=249564"}],"curies":[{"name":"wp","href":"https:\/\/api.w.org\/{rel}","templated":true}]}}