{"id":267696,"date":"2026-02-05T17:02:52","date_gmt":"2026-02-05T16:02:52","guid":{"rendered":"https:\/\/tinidoo.fr\/?post_type=product&#038;p=267696"},"modified":"2026-04-20T15:06:24","modified_gmt":"2026-04-20T14:06:24","slug":"kit-pintura-barniz-para-armario-bebe","status":"publish","type":"product","link":"https:\/\/tinidoo.fr\/es\/product\/kit-pintura-barniz-para-armario-bebe\/","title":{"rendered":"Kit Pintura (1L) + Barniz (500ML) + Pincel para Armario de Beb\u00e9"},"content":{"rendered":"<p>[et_pb_section fb_built=\u00bb1&#8243; admin_label=\u00bbProduct\u00bb _builder_version=\u00bb4.27.5&#8243; _module_preset=\u00bbdefault\u00bb custom_padding=\u00bb22px||11px|||\u00bb collapsed=\u00bboff\u00bb global_colors_info=\u00bb{}\u00bb][et_pb_row _builder_version=\u00bb4.27.5&#8243; _module_preset=\u00bbdefault\u00bb width=\u00bb100%\u00bb custom_padding=\u00bb0px||0px||true|false\u00bb global_colors_info=\u00bb{}\u00bb][et_pb_column type=\u00bb4_4&#8243; _builder_version=\u00bb4.22.0&#8243; _module_preset=\u00bbdefault\u00bb global_colors_info=\u00bb{}\u00bb][et_pb_wc_breadcrumb _builder_version=\u00bb4.27.5&#8243; _module_preset=\u00bbdefault\u00bb body_text_color=\u00bb#777777&#8243; global_colors_info=\u00bb{}\u00bb][\/et_pb_wc_breadcrumb][\/et_pb_column][\/et_pb_row][et_pb_row column_structure=\u00bb1_2,1_2&#8243; _builder_version=\u00bb4.27.5&#8243; _module_preset=\u00bbdefault\u00bb width=\u00bb100%\u00bb global_colors_info=\u00bb{}\u00bb][et_pb_column type=\u00bb1_2&#8243; _builder_version=\u00bb4.22.0&#8243; _module_preset=\u00bbdefault\u00bb global_colors_info=\u00bb{}\u00bb][et_pb_wc_images _builder_version=\u00bb4.27.5&#8243; _module_preset=\u00bbdefault\u00bb global_colors_info=\u00bb{}\u00bb][\/et_pb_wc_images][\/et_pb_column][et_pb_column type=\u00bb1_2&#8243; _builder_version=\u00bb4.22.0&#8243; _module_preset=\u00bbdefault\u00bb global_colors_info=\u00bb{}\u00bb][et_pb_wc_title _builder_version=\u00bb4.27.5&#8243; _module_preset=\u00bbdefault\u00bb header_font=\u00bbJost||||||||\u00bb header_font_size=\u00bb32px\u00bb header_line_height=\u00bb0.9em\u00bb header_font_size_tablet=\u00bb40px\u00bb header_font_size_phone=\u00bb24px\u00bb header_font_size_last_edited=\u00bbon|desktop\u00bb global_colors_info=\u00bb{}\u00bb][\/et_pb_wc_title][et_pb_wc_price _builder_version=\u00bb4.27.5&#8243; _module_preset=\u00bbdefault\u00bb body_font=\u00bbJost||||||||\u00bb body_text_color=\u00bb#000000&#8243; body_font_size=\u00bb40px\u00bb before_sale_price_text_color=\u00bbgcid-28366106-ecf8-496b-97f0-6a9be6882356&#8243; text_orientation=\u00bbleft\u00bb body_font_size_tablet=\u00bb52px\u00bb body_font_size_phone=\u00bb32px\u00bb body_font_size_last_edited=\u00bbon|phone\u00bb global_colors_info=\u00bb{%22gcid-28366106-ecf8-496b-97f0-6a9be6882356%22:%91%22before_sale_price_text_color%22%93}\u00bb][\/et_pb_wc_price][et_pb_wc_rating show_reviews_link=\u00bboff\u00bb _builder_version=\u00bb4.27.4&#8243; _module_preset=\u00bbdefault\u00bb rating_text_color=\u00bb#126b29&#8243; body_text_color=\u00bbgcid-28366106-ecf8-496b-97f0-6a9be6882356&#8243; global_colors_info=\u00bb{%22gcid-28366106-ecf8-496b-97f0-6a9be6882356%22:%91%22body_text_color%22%93}\u00bb][\/et_pb_wc_rating][et_pb_wc_description _builder_version=\u00bb4.27.5&#8243; _module_preset=\u00bbdefault\u00bb body_font=\u00bbJost||||||||\u00bb body_font_size=\u00bb16px\u00bb body_line_height=\u00bb1.8em\u00bb header_2_font_size=\u00bb21px\u00bb custom_margin=\u00bb-9px|||||\u00bb body_font_size_tablet=\u00bb15px\u00bb body_font_size_phone=\u00bb12px\u00bb body_font_size_last_edited=\u00bbon|phone\u00bb header_2_font_size_tablet=\u00bb\u00bb header_2_font_size_phone=\u00bb20px\u00bb header_2_font_size_last_edited=\u00bbon|phone\u00bb global_colors_info=\u00bb{}\u00bb][\/et_pb_wc_description][et_pb_image src=\u00bbhttps:\/\/tinidoo.fr\/wp-content\/uploads\/2024\/06\/entrega-rapida.jpg\u00bb alt=\u00bbnorma juguetes EN71-3&#8243; title_text=\u00bbentrega-rapida\u00bb _builder_version=\u00bb4.27.6&#8243; _module_preset=\u00bbdefault\u00bb hover_enabled=\u00bb0&#8243; global_colors_info=\u00bb{}\u00bb sticky_enabled=\u00bb0&#8243;][\/et_pb_image][et_pb_wc_add_to_cart show_quantity=\u00bboff\u00bb _builder_version=\u00bb4.27.4&#8243; _module_preset=\u00bbdefault\u00bb field_label_text_align=\u00bbcenter\u00bb custom_button=\u00bbon\u00bb button_text_size=\u00bb19px\u00bb button_text_color=\u00bb#FFFFFF\u00bb button_bg_color=\u00bb#000000&#8243; button_font=\u00bbJost||||||||\u00bb text_orientation=\u00bbcenter\u00bb module_alignment=\u00bbcenter\u00bb custom_margin=\u00bb31px|||4px||\u00bb global_colors_info=\u00bb{}\u00bb][\/et_pb_wc_add_to_cart][et_pb_wc_meta _builder_version=\u00bb4.27.5&#8243; _module_preset=\u00bbdefault\u00bb global_colors_info=\u00bb{}\u00bb][\/et_pb_wc_meta][\/et_pb_column][\/et_pb_row][\/et_pb_section][et_pb_section fb_built=\u00bb1&#8243; _builder_version=\u00bb4.27.4&#8243; _module_preset=\u00bbdefault\u00bb custom_padding=\u00bb17px||28px|||\u00bb global_colors_info=\u00bb{}\u00bb][et_pb_row _builder_version=\u00bb4.27.5&#8243; _module_preset=\u00bbdefault\u00bb global_colors_info=\u00bb{}\u00bb][et_pb_column type=\u00bb4_4&#8243; _builder_version=\u00bb4.27.4&#8243; _module_preset=\u00bbdefault\u00bb global_colors_info=\u00bb{}\u00bb][et_pb_text _builder_version=\u00bb4.27.5&#8243; _module_preset=\u00bbdefault\u00bb header_3_font=\u00bbLibre Bodoni||||||||\u00bb header_3_font_size=\u00bb26px\u00bb global_colors_info=\u00bb{}\u00bb]<\/p>\n<p>El kit ideal para <strong>renovar un armario de madera para beb\u00e9<\/strong>. Incluye 3 productos:<\/p>\n<p>[\/et_pb_text][\/et_pb_column][\/et_pb_row][et_pb_row column_structure=\u00bb1_2,1_2&#8243; _builder_version=\u00bb4.27.5&#8243; _module_preset=\u00bbdefault\u00bb global_colors_info=\u00bb{}\u00bb][et_pb_column type=\u00bb1_2&#8243; _builder_version=\u00bb4.27.5&#8243; _module_preset=\u00bbdefault\u00bb global_colors_info=\u00bb{}\u00bb][et_pb_text _builder_version=\u00bb4.27.5&#8243; _module_preset=\u00bbdefault\u00bb global_colors_info=\u00bb{}\u00bb]<\/p>\n<h3><strong>1) Un bote de pintura de 1 litro<\/strong> <a href=\"https:\/\/tinidoo.fr\/wp-content\/uploads\/2025\/04\/feuille.png\"><img loading=\"lazy\" decoding=\"async\" class=\"wp-image-259539 alignnone size-full\" src=\"https:\/\/tinidoo.fr\/wp-content\/uploads\/2025\/04\/feuille.png\" alt=\"\" width=\"26\" height=\"26\" \/><\/a><\/h3>\n<p>[\/et_pb_text][et_pb_image src=\u00bbhttps:\/\/tinidoo.fr\/wp-content\/uploads\/2026\/02\/bote-pintura-1l-para-armario-bebe.jpg\u00bb alt=\u00bbbote pintura 1l armario bebe\u00bb title_text=\u00bbbote-pintura-1l-armario-bebe\u00bb _builder_version=\u00bb4.27.5&#8243; _module_preset=\u00bbdefault\u00bb global_colors_info=\u00bb{}\u00bb][\/et_pb_image][\/et_pb_column][et_pb_column type=\u00bb1_2&#8243; _builder_version=\u00bb4.27.5&#8243; _module_preset=\u00bbdefault\u00bb global_colors_info=\u00bb{}\u00bb][et_pb_text _builder_version=\u00bb4.27.5&#8243; _module_preset=\u00bbdefault\u00bb global_colors_info=\u00bb{}\u00bb]<\/p>\n<p>La <strong>pintura Tinidoo 2 en 1<\/strong> es la pintura definitiva para superficies de <strong>madera<\/strong>, tanto en interiores como en exteriores. Este producto combina las funciones de <strong>imprimaci\u00f3n y acabado<\/strong>, facilitando y agilizando tus <strong>proyectos de pintura.<\/strong><\/p>\n<p>[\/et_pb_text][et_pb_text _builder_version=\u00bb4.27.5&#8243; _module_preset=\u00bbdefault\u00bb global_colors_info=\u00bb{}\u00bb]<\/p>\n<p><strong>Amplia compatibilidad<\/strong>: Apto para todo tipo de <strong>madera<\/strong>: cruda, decapada, te\u00f1ida e incluso encerada. Sin embargo, para maderas t\u00e1nicas como el roble o el casta\u00f1o, se requiere una imprimaci\u00f3n especial resistente a los taninos para evitar las manchas.<\/p>\n<p>[\/et_pb_text][et_pb_text _builder_version=\u00bb4.27.5&#8243; _module_preset=\u00bbdefault\u00bb global_colors_info=\u00bb{}\u00bb]<\/p>\n<p><strong>Seguridad y cumplimiento<\/strong>: Esta pintura cumple con la estricta <strong>norma para juguetes EN 71-3<\/strong> <a href=\"https:\/\/tinidoo.fr\/wp-content\/uploads\/2025\/04\/feuille.png\"><img loading=\"lazy\" decoding=\"async\" src=\"https:\/\/tinidoo.fr\/wp-content\/uploads\/2025\/04\/feuille.png\" width=\"28\" height=\"28\" alt=\"\" class=\"wp-image-259539 alignnone size-full\" \/><\/a>, lo que significa que es totalmente <strong>segura para los ni\u00f1os<\/strong>. Puede usarla con total tranquilidad para pintar muebles o juguetes destinados a ni\u00f1os peque\u00f1os.<\/p>\n<p>[\/et_pb_text][\/et_pb_column][\/et_pb_row][et_pb_row _builder_version=\u00bb4.27.5&#8243; _module_preset=\u00bbdefault\u00bb global_colors_info=\u00bb{}\u00bb][et_pb_column type=\u00bb4_4&#8243; _builder_version=\u00bb4.27.5&#8243; _module_preset=\u00bbdefault\u00bb global_colors_info=\u00bb{}\u00bb][et_pb_text _builder_version=\u00bb4.27.5&#8243; _module_preset=\u00bbdefault\u00bb background_color=\u00bb#efefef\u00bb global_colors_info=\u00bb{}\u00bb]<\/p>\n<p><strong>\u00a0 Colores disponibles:<\/strong><\/p>\n<p>[\/et_pb_text][et_pb_gallery gallery_ids=\u00bb267136,267129,267122,267115,267108,267101,267073,267080,267087,267094&#8243; posts_number=\u00bb20&#8243; _builder_version=\u00bb4.27.5&#8243; _module_preset=\u00bbdefault\u00bb global_colors_info=\u00bb{}\u00bb][\/et_pb_gallery][\/et_pb_column][\/et_pb_row][et_pb_row _builder_version=\u00bb4.27.5&#8243; _module_preset=\u00bbdefault\u00bb global_colors_info=\u00bb{}\u00bb][et_pb_column type=\u00bb4_4&#8243; _builder_version=\u00bb4.27.5&#8243; _module_preset=\u00bbdefault\u00bb global_colors_info=\u00bb{}\u00bb][et_pb_text _builder_version=\u00bb4.27.5&#8243; _module_preset=\u00bbdefault\u00bb global_colors_info=\u00bb{}\u00bb]<\/p>\n<h3><strong>2) Barniz conforme a las normas de seguridad de los juguetes (500ML)<\/strong> <a href=\"https:\/\/tinidoo.fr\/wp-content\/uploads\/2025\/04\/feuille.png\"><img loading=\"lazy\" decoding=\"async\" class=\"wp-image-259539 alignnone size-full\" src=\"https:\/\/tinidoo.fr\/wp-content\/uploads\/2025\/04\/feuille.png\" alt=\"\" width=\"26\" height=\"26\" \/><\/a><\/h3>\n<p>[\/et_pb_text][\/et_pb_column][\/et_pb_row][et_pb_row column_structure=\u00bb1_2,1_2&#8243; _builder_version=\u00bb4.27.5&#8243; _module_preset=\u00bbdefault\u00bb global_colors_info=\u00bb{}\u00bb][et_pb_column type=\u00bb1_2&#8243; _builder_version=\u00bb4.27.5&#8243; _module_preset=\u00bbdefault\u00bb global_colors_info=\u00bb{}\u00bb][et_pb_image src=\u00bbhttps:\/\/tinidoo.fr\/wp-content\/uploads\/2026\/02\/barniz-para-mueble-bebe-500ml-tinidoo.jpg\u00bb alt=\u00bbbarniz para muebles de bebe 500ml\u00bb title_text=\u00bbbarniz-para-muebles-bebe-500ml\u00bb _builder_version=\u00bb4.27.5&#8243; _module_preset=\u00bbdefault\u00bb global_colors_info=\u00bb{}\u00bb][\/et_pb_image][\/et_pb_column][et_pb_column type=\u00bb1_2&#8243; _builder_version=\u00bb4.27.5&#8243; _module_preset=\u00bbdefault\u00bb global_colors_info=\u00bb{}\u00bb][et_pb_text _builder_version=\u00bb4.27.5&#8243; _module_preset=\u00bbdefault\u00bb global_colors_info=\u00bb{}\u00bb]<\/p>\n<p><strong>Caracter\u00edsticas:<\/strong><\/p>\n<ul>\n<li>Rendimiento: aproximadamente de 150 ml a 200 ml por m\u00b2 por capa<\/li>\n<li><strong>No<\/strong> t\u00f3xico<\/li>\n<li>Cumple con la norma para juguetes EN 71-3<\/li>\n<li>Sin olor<\/li>\n<\/ul>\n<p>[\/et_pb_text][et_pb_text _builder_version=\u00bb4.27.5&#8243; _module_preset=\u00bbdefault\u00bb background_color=\u00bb#e8e8e8&#8243; custom_padding=\u00bb|||11px||\u00bb global_colors_info=\u00bb{}\u00bb]<\/p>\n<p>\u00a0Elige tu acabado en la parte superior de la p\u00e1gina: <strong>Satinado, Mate o Brillante.<\/strong><\/p>\n<p>[\/et_pb_text][\/et_pb_column][\/et_pb_row][et_pb_row column_structure=\u00bb1_2,1_2&#8243; _builder_version=\u00bb4.27.5&#8243; _module_preset=\u00bbdefault\u00bb global_colors_info=\u00bb{}\u00bb][et_pb_column type=\u00bb1_2&#8243; _builder_version=\u00bb4.27.5&#8243; _module_preset=\u00bbdefault\u00bb global_colors_info=\u00bb{}\u00bb][et_pb_text _builder_version=\u00bb4.27.5&#8243; _module_preset=\u00bbdefault\u00bb global_colors_info=\u00bb{}\u00bb]<\/p>\n<h3><strong>3) Pincel de 70mm<\/strong><\/h3>\n<p>Medida ideal para un armario de beb\u00e9.<\/p>\n<p>[\/et_pb_text][et_pb_image src=\u00bbhttps:\/\/tinidoo.fr\/wp-content\/uploads\/2026\/02\/pinceau.jpg\u00bb title_text=\u00bbpinceau\u00bb _builder_version=\u00bb4.27.5&#8243; _module_preset=\u00bbdefault\u00bb global_colors_info=\u00bb{}\u00bb][\/et_pb_image][\/et_pb_column][et_pb_column type=\u00bb1_2&#8243; _builder_version=\u00bb4.27.5&#8243; _module_preset=\u00bbdefault\u00bb global_colors_info=\u00bb{}\u00bb][\/et_pb_column][\/et_pb_row][et_pb_row _builder_version=\u00bb4.27.5&#8243; _module_preset=\u00bbdefault\u00bb global_colors_info=\u00bb{}\u00bb][et_pb_column type=\u00bb4_4&#8243; _builder_version=\u00bb4.27.5&#8243; _module_preset=\u00bbdefault\u00bb global_colors_info=\u00bb{}\u00bb][et_pb_text _builder_version=\u00bb4.27.5&#8243; _module_preset=\u00bbdefault\u00bb global_colors_info=\u00bb{}\u00bb]<\/p>\n<p>Tambien te gustara nuestros <a href=\"https:\/\/tinidoo.fr\/es\/tienda\/barniz-norma-juguetes\/\">barnices para juguetes de madera.<\/a><\/p>\n<p>[\/et_pb_text][\/et_pb_column][\/et_pb_row][et_pb_row _builder_version=\u00bb4.27.5&#8243; _module_preset=\u00bbdefault\u00bb global_colors_info=\u00bb{}\u00bb][et_pb_column type=\u00bb4_4&#8243; _builder_version=\u00bb4.27.5&#8243; _module_preset=\u00bbdefault\u00bb global_colors_info=\u00bb{}\u00bb][et_pb_wc_tabs _builder_version=\u00bb4.27.5&#8243; _module_preset=\u00bbdefault\u00bb global_colors_info=\u00bb{}\u00bb][\/et_pb_wc_tabs][\/et_pb_column][\/et_pb_row][\/et_pb_section]<\/p>\n","protected":false},"excerpt":{"rendered":"<h2>Kit de 3 productos para renovar un armario de un beb\u00e9: un bote de pintura + un barniz (colores y acabados a elegir) + un pincel<\/h2>\n","protected":false},"featured_media":267826,"comment_status":"open","ping_status":"closed","template":"","meta":{"_et_pb_use_builder":"on","_et_pb_old_content":"Esta pintura <strong>NO contiene<\/strong> sustancias nocivas como:\r\n<ul>\r\n \t<li>Metales pesados \u200b\u200b(plomo, cadmio, cromo hexavalente)<\/li>\r\n \t<li>Ftalatos<\/li>\r\n \t<li>Clorhidratos<\/li>\r\n<\/ul>\r\n<strong>Categor\u00eda:<\/strong>\r\n\r\nPinturas A\/d para interiores y exteriores para el tratamiento de superficies de madera.\r\n\r\nValor l\u00edmite de COV: 130 g\/l. Contenido m\u00e1ximo de COV (compuestos org\u00e1nicos vol\u00e1tiles) de este producto: 10 g\/l.\r\n\r\nRendimiento: 6-9 m\u00b2\/kg por capa.\r\n\r\nTiempo de secado: 2 a 4 horas.\r\n\r\n<strong>Ingredientes:<\/strong>\r\n\r\nContiene 5-cloro-2-metilisotiazol-3(2H)-ona y 2-metilisotiazol-3(2H)-ona.\r\nInvia commenti","_et_gb_content_width":""},"product_brand":[],"product_cat":[361],"product_tag":[],"class_list":{"0":"post-267696","1":"product","2":"type-product","3":"status-publish","4":"has-post-thumbnail","6":"product_cat-kit-restauracion-muebles-bebes","7":"product_shipping_class-gratis","9":"first","10":"instock","11":"shipping-taxable","12":"purchasable","13":"product-type-variable"},"aioseo_notices":[],"_links":{"self":[{"href":"https:\/\/tinidoo.fr\/es\/wp-json\/wp\/v2\/product\/267696","targetHints":{"allow":["GET"]}}],"collection":[{"href":"https:\/\/tinidoo.fr\/es\/wp-json\/wp\/v2\/product"}],"about":[{"href":"https:\/\/tinidoo.fr\/es\/wp-json\/wp\/v2\/types\/product"}],"replies":[{"embeddable":true,"href":"https:\/\/tinidoo.fr\/es\/wp-json\/wp\/v2\/comments?post=267696"}],"wp:featuredmedia":[{"embeddable":true,"href":"https:\/\/tinidoo.fr\/es\/wp-json\/wp\/v2\/media\/267826"}],"wp:attachment":[{"href":"https:\/\/tinidoo.fr\/es\/wp-json\/wp\/v2\/media?parent=267696"}],"wp:term":[{"taxonomy":"product_brand","embeddable":true,"href":"https:\/\/tinidoo.fr\/es\/wp-json\/wp\/v2\/product_brand?post=267696"},{"taxonomy":"product_cat","embeddable":true,"href":"https:\/\/tinidoo.fr\/es\/wp-json\/wp\/v2\/product_cat?post=267696"},{"taxonomy":"product_tag","embeddable":true,"href":"https:\/\/tinidoo.fr\/es\/wp-json\/wp\/v2\/product_tag?post=267696"}],"curies":[{"name":"wp","href":"https:\/\/api.w.org\/{rel}","templated":true}]}}