{"id":260177,"date":"2025-06-13T14:38:46","date_gmt":"2025-06-13T13:38:46","guid":{"rendered":"https:\/\/tinidoo.fr\/?post_type=product&#038;p=260177"},"modified":"2026-04-10T13:48:27","modified_gmt":"2026-04-10T12:48:27","slug":"pintura-juguetes-gris-claro","status":"publish","type":"product","link":"https:\/\/tinidoo.fr\/es\/producto\/pintura-juguetes-gris-claro\/","title":{"rendered":"Pintura para Juguetes 2 en 1, 500 ml\/1 l, Gris Claro"},"content":{"rendered":"<p>[et_pb_section fb_built=\u00bb1&#8243; admin_label=\u00bbProduct\u00bb _builder_version=\u00bb4.22.0&#8243; _module_preset=\u00bbdefault\u00bb custom_padding=\u00bb22px||11px|||\u00bb collapsed=\u00bboff\u00bb global_colors_info=\u00bb{}\u00bb][et_pb_row _builder_version=\u00bb4.22.0&#8243; _module_preset=\u00bbdefault\u00bb custom_padding=\u00bb0px||0px||true|false\u00bb global_colors_info=\u00bb{}\u00bb][et_pb_column type=\u00bb4_4&#8243; _builder_version=\u00bb4.22.0&#8243; _module_preset=\u00bbdefault\u00bb global_colors_info=\u00bb{}\u00bb]<\/p>\n<p><br data-mce-bogus=\"1\"><\/p>\n<p>[\/et_pb_column][\/et_pb_row][et_pb_row column_structure=\u00bb1_2,1_2&#8243; _builder_version=\u00bb4.22.0&#8243; _module_preset=\u00bbdefault\u00bb global_colors_info=\u00bb{}\u00bb][et_pb_column type=\u00bb1_2&#8243; _builder_version=\u00bb4.22.0&#8243; _module_preset=\u00bbdefault\u00bb global_colors_info=\u00bb{}\u00bb]<\/p>\n<p><br data-mce-bogus=\"1\"><\/p>\n<p>[\/et_pb_column][et_pb_column type=\u00bb1_2&#8243; _builder_version=\u00bb4.22.0&#8243; _module_preset=\u00bbdefault\u00bb global_colors_info=\u00bb{}\u00bb][et_pb_wc_title _builder_version=\u00bb4.27.4&#8243; _module_preset=\u00bbdefault\u00bb header_font=\u00bbJost||||||||\u00bb header_font_size=\u00bb45px\u00bb header_line_height=\u00bb0.9em\u00bb header_font_size_tablet=\u00bb40px\u00bb header_font_size_phone=\u00bb24px\u00bb header_font_size_last_edited=\u00bbon|desktop\u00bb global_colors_info=\u00bb{}\u00bb][\/et_pb_wc_title][et_pb_wc_rating show_reviews_link=\u00bboff\u00bb _builder_version=\u00bb4.27.4&#8243; _module_preset=\u00bbdefault\u00bb rating_text_color=\u00bb#126b29&#8243; body_text_color=\u00bbgcid-28366106-ecf8-496b-97f0-6a9be6882356&#8243; global_colors_info=\u00bb{%22gcid-28366106-ecf8-496b-97f0-6a9be6882356%22:%91%22body_text_color%22%93}\u00bb][\/et_pb_wc_rating][et_pb_wc_description _builder_version=\u00bb4.27.4&#8243; _module_preset=\u00bbdefault\u00bb body_font=\u00bbJost||||||||\u00bb body_font_size=\u00bb16px\u00bb body_line_height=\u00bb1.8em\u00bb header_2_font_size=\u00bb21px\u00bb custom_margin=\u00bb-9px|||||\u00bb body_font_size_tablet=\u00bb15px\u00bb body_font_size_phone=\u00bb12px\u00bb body_font_size_last_edited=\u00bbon|phone\u00bb header_2_font_size_tablet=\u00bb\u00bb header_2_font_size_phone=\u00bb20px\u00bb header_2_font_size_last_edited=\u00bbon|phone\u00bb global_colors_info=\u00bb{}\u00bb][\/et_pb_wc_description][et_pb_image src=\u00bbhttps:\/\/tinidoo.fr\/wp-content\/uploads\/2025\/04\/banner-livraison-gratuite.png\u00bb alt=\u00bb&lt;p&gt;&lt;br data-mce-bogus=&quot;1&quot;&gt;&lt;\/p&gt;\u00bb title_text=\u00bb&lt;p&gt;&lt;br data-mce-bogus=&quot;1&quot;&gt;&lt;\/p&gt;\u00bb _builder_version=\u00bb4.27.4&#8243; _module_preset=\u00bbdefault\u00bb custom_margin=\u00bb-1px|||||\u00bb global_colors_info=\u00bb{}\u00bb][\/et_pb_image][et_pb_wc_price _builder_version=\u00bb4.27.4&#8243; _module_preset=\u00bbdefault\u00bb body_font=\u00bbJost||||||||\u00bb body_text_color=\u00bb#000000&#8243; body_font_size=\u00bb40px\u00bb before_sale_price_text_color=\u00bbgcid-28366106-ecf8-496b-97f0-6a9be6882356&#8243; text_orientation=\u00bbcenter\u00bb body_font_size_tablet=\u00bb52px\u00bb body_font_size_phone=\u00bb32px\u00bb body_font_size_last_edited=\u00bbon|phone\u00bb global_colors_info=\u00bb{%22gcid-28366106-ecf8-496b-97f0-6a9be6882356%22:%91%22before_sale_price_text_color%22%93}\u00bb][\/et_pb_wc_price][et_pb_wc_add_to_cart show_quantity=\u00bboff\u00bb _builder_version=\u00bb4.27.4&#8243; _module_preset=\u00bbdefault\u00bb field_label_text_align=\u00bbcenter\u00bb custom_button=\u00bbon\u00bb button_text_size=\u00bb19px\u00bb button_text_color=\u00bb#FFFFFF\u00bb button_bg_color=\u00bb#000000&#8243; button_font=\u00bbJost||||||||\u00bb text_orientation=\u00bbcenter\u00bb module_alignment=\u00bbcenter\u00bb custom_margin=\u00bb31px|||4px||\u00bb global_colors_info=\u00bb{}\u00bb][\/et_pb_wc_add_to_cart][\/et_pb_column][\/et_pb_row][\/et_pb_section][et_pb_section fb_built=\u00bb1&#8243; _builder_version=\u00bb4.27.4&#8243; _module_preset=\u00bbdefault\u00bb custom_padding=\u00bb17px||28px|||\u00bb global_colors_info=\u00bb{}\u00bb][et_pb_row _builder_version=\u00bb4.27.4&#8243; _module_preset=\u00bbdefault\u00bb global_colors_info=\u00bb{}\u00bb][et_pb_column type=\u00bb4_4&#8243; _builder_version=\u00bb4.27.4&#8243; _module_preset=\u00bbdefault\u00bb global_colors_info=\u00bb{}\u00bb][et_pb_text _builder_version=\u00bb4.27.4&#8243; _module_preset=\u00bbdefault\u00bb header_3_font=\u00bbLibre Bodoni||||||||\u00bb header_3_font_size=\u00bb26px\u00bb global_colors_info=\u00bb{}\u00bb]<\/p>\n<h3><a href=\"https:\/\/tinidoo.fr\/wp-content\/uploads\/2024\/09\/ecologic-paint-tinidoo-150x150-1.jpg\"><img loading=\"lazy\" decoding=\"async\" class=\"wp-image-255277 alignnone size-full\" src=\"https:\/\/tinidoo.fr\/wp-content\/uploads\/2024\/09\/ecologic-paint-tinidoo-150x150-1.jpg\" alt=\"\" width=\"40\" height=\"40\" srcset=\"https:\/\/tinidoo.fr\/wp-content\/uploads\/2024\/09\/ecologic-paint-tinidoo-150x150-1.jpg 200w, https:\/\/tinidoo.fr\/wp-content\/uploads\/2024\/09\/ecologic-paint-tinidoo-150x150-1-100x100.jpg 100w, https:\/\/tinidoo.fr\/wp-content\/uploads\/2024\/09\/ecologic-paint-tinidoo-150x150-1-150x150.jpg 150w\" sizes=\"(max-width: 40px) 100vw, 40px\" \/><\/a> Peinture 2 en 1 Tinidoo : sous-couche et finition<\/h3>\n<p>[\/et_pb_text][\/et_pb_column][\/et_pb_row][et_pb_row column_structure=\u00bb2_5,3_5&#8243; _builder_version=\u00bb4.27.4&#8243; _module_preset=\u00bbdefault\u00bb global_colors_info=\u00bb{}\u00bb][et_pb_column type=\u00bb2_5&#8243; _builder_version=\u00bb4.27.4&#8243; _module_preset=\u00bbdefault\u00bb global_colors_info=\u00bb{}\u00bb][\/et_pb_column][et_pb_column type=\u00bb3_5&#8243; _builder_version=\u00bb4.27.4&#8243; _module_preset=\u00bbdefault\u00bb global_colors_info=\u00bb{}\u00bb][et_pb_text _builder_version=\u00bb4.27.4&#8243; _module_preset=\u00bbdefault\u00bb text_font=\u00bbJost||||||||\u00bb text_font_size=\u00bb18px\u00bb global_colors_info=\u00bb{}\u00bb]<\/p>\n<p><br data-mce-bogus=\"1\"><\/p>\n<p>[\/et_pb_text][\/et_pb_column][\/et_pb_row][et_pb_row _builder_version=\u00bb4.27.4&#8243; _module_preset=\u00bbdefault\u00bb global_colors_info=\u00bb{}\u00bb][et_pb_column type=\u00bb4_4&#8243; _builder_version=\u00bb4.27.4&#8243; _module_preset=\u00bbdefault\u00bb global_colors_info=\u00bb{}\u00bb][et_pb_text _builder_version=\u00bb4.27.4&#8243; _module_preset=\u00bbdefault\u00bb global_colors_info=\u00bb{}\u00bb]<\/p>\n<ul>\n<li><strong>S\u00e9curit\u00e9 et Conformit\u00e9<\/strong> Une autre raison de choisir la peinture 2 en 1 Tinidoo est son engagement envers la s\u00e9curit\u00e9. Cette peinture est <strong>conforme \u00e0 la stricte Norme Jouet EN 71-3 <a href=\"https:\/\/tinidoo.fr\/wp-content\/uploads\/2023\/12\/ecologic-paint-tinidoo-150x150.jpg\"><img loading=\"lazy\" decoding=\"async\" class=\"alignnone wp-image-249450\" src=\"https:\/\/tinidoo.fr\/wp-content\/uploads\/2023\/12\/ecologic-paint-tinidoo.jpg\" alt=\"\" width=\"19\" height=\"19\" srcset=\"https:\/\/tinidoo.fr\/wp-content\/uploads\/2023\/12\/ecologic-paint-tinidoo.jpg 200w, https:\/\/tinidoo.fr\/wp-content\/uploads\/2023\/12\/ecologic-paint-tinidoo-100x100.jpg 100w, https:\/\/tinidoo.fr\/wp-content\/uploads\/2023\/12\/ecologic-paint-tinidoo-150x150.jpg 150w\" sizes=\"(max-width: 19px) 100vw, 19px\" \/><\/a><\/strong>, ce qui signifie qu&#8217;elle est<strong> parfaitement s\u00fbre pour les enfants<\/strong>. Vous pouvez l&#8217;utiliser en toute tranquillit\u00e9 pour peindre des meubles ou des jouets destin\u00e9s aux plus petits.<\/li>\n<\/ul>\n<p>[\/et_pb_text][\/et_pb_column][\/et_pb_row][et_pb_row _builder_version=\u00bb4.27.4&#8243; _module_preset=\u00bbdefault\u00bb global_colors_info=\u00bb{}\u00bb][et_pb_column type=\u00bb4_4&#8243; _builder_version=\u00bb4.27.4&#8243; _module_preset=\u00bbdefault\u00bb global_colors_info=\u00bb{}\u00bb][et_pb_text _builder_version=\u00bb4.27.4&#8243; _module_preset=\u00bbdefault\u00bb text_font=\u00bbJost||||||||\u00bb text_font_size=\u00bb18px\u00bb header_font=\u00bbLibre Bodoni||||||||\u00bb header_font_size=\u00bb29px\u00bb header_3_font=\u00bbLibre Bodoni||||||||\u00bb header_3_font_size=\u00bb26px\u00bb global_colors_info=\u00bb{}\u00bb]<\/p>\n<h3><a href=\"https:\/\/tinidoo.fr\/wp-content\/uploads\/2024\/09\/ecologic-paint-tinidoo-150x150-1.jpg\"><img loading=\"lazy\" decoding=\"async\" class=\"wp-image-255277 alignnone size-full\" src=\"https:\/\/tinidoo.fr\/wp-content\/uploads\/2024\/09\/ecologic-paint-tinidoo-150x150-1.jpg\" alt=\"\" width=\"50\" height=\"50\" srcset=\"https:\/\/tinidoo.fr\/wp-content\/uploads\/2024\/09\/ecologic-paint-tinidoo-150x150-1.jpg 200w, https:\/\/tinidoo.fr\/wp-content\/uploads\/2024\/09\/ecologic-paint-tinidoo-150x150-1-100x100.jpg 100w, https:\/\/tinidoo.fr\/wp-content\/uploads\/2024\/09\/ecologic-paint-tinidoo-150x150-1-150x150.jpg 150w\" sizes=\"(max-width: 50px) 100vw, 50px\" \/><\/a>Id\u00e9al pour restaurer le mobilier b\u00e9b\u00e9<\/h3>\n<p>Si vous d\u00e9sirez<strong> restaurer du mobilier b\u00e9b\u00e9<\/strong> (lit \u00e0 barreaux, commode), c&#8217;est la peinture qu&#8217;il vous faut!<\/p>\n<p>Cette peinture est certifi\u00e9es <span style=\"text-decoration: underline;\">NON nocive<\/span> pour b\u00e9b\u00e9<strong>\u00a0<a href=\"https:\/\/tinidoo.fr\/wp-content\/uploads\/2023\/12\/ecologic-paint-tinidoo-150x150.jpg\"><img loading=\"lazy\" decoding=\"async\" class=\"alignnone wp-image-249450\" src=\"https:\/\/tinidoo.fr\/wp-content\/uploads\/2023\/12\/ecologic-paint-tinidoo-150x150.jpg\" alt=\"\" width=\"26\" height=\"26\" srcset=\"https:\/\/tinidoo.fr\/wp-content\/uploads\/2023\/12\/ecologic-paint-tinidoo-150x150.jpg 150w, https:\/\/tinidoo.fr\/wp-content\/uploads\/2023\/12\/ecologic-paint-tinidoo-100x100.jpg 100w, https:\/\/tinidoo.fr\/wp-content\/uploads\/2023\/12\/ecologic-paint-tinidoo.jpg 200w\" sizes=\"(max-width: 26px) 100vw, 26px\" \/>. <\/a><\/strong>Ainsi, b\u00e9b\u00e9 pourra mordiller les barreaux de son lit, sans aucun risque. <strong>Et pour tous vos projets!\u00a0<\/strong><\/p>\n<p>[\/et_pb_text][\/et_pb_column][\/et_pb_row][et_pb_row _builder_version=\u00bb4.27.4&#8243; _module_preset=\u00bbdefault\u00bb global_colors_info=\u00bb{}\u00bb][et_pb_column type=\u00bb4_4&#8243; _builder_version=\u00bb4.27.4&#8243; _module_preset=\u00bbdefault\u00bb global_colors_info=\u00bb{}\u00bb][et_pb_text _builder_version=\u00bb4.27.4&#8243; _module_preset=\u00bbdefault\u00bb text_font=\u00bbJost||||||||\u00bb text_font_size=\u00bb18px\u00bb header_3_font=\u00bbLibre Bodoni||||||||\u00bb header_3_font_size=\u00bb26px\u00bb global_colors_info=\u00bb{}\u00bb]<\/p>\n<h3><a href=\"https:\/\/tinidoo.fr\/wp-content\/uploads\/2024\/09\/ecologic-paint-tinidoo-150x150-1.jpg\"><img loading=\"lazy\" decoding=\"async\" class=\"wp-image-255277 alignnone size-full\" src=\"https:\/\/tinidoo.fr\/wp-content\/uploads\/2024\/09\/ecologic-paint-tinidoo-150x150-1.jpg\" alt=\"\" width=\"53\" height=\"53\" srcset=\"https:\/\/tinidoo.fr\/wp-content\/uploads\/2024\/09\/ecologic-paint-tinidoo-150x150-1.jpg 200w, https:\/\/tinidoo.fr\/wp-content\/uploads\/2024\/09\/ecologic-paint-tinidoo-150x150-1-100x100.jpg 100w, https:\/\/tinidoo.fr\/wp-content\/uploads\/2024\/09\/ecologic-paint-tinidoo-150x150-1-150x150.jpg 150w\" sizes=\"(max-width: 53px) 100vw, 53px\" \/><\/a>Gris clair, pour une ambiance zen&#8230;<\/h3>\n<p>Le gris clair est une couleur tendance pour les meubles en bois. Il pla\u00eet \u00e0 tous les coups!<\/p>\n<p>[\/et_pb_text][\/et_pb_column][\/et_pb_row][et_pb_row column_structure=\u00bb1_2,1_2&#8243; _builder_version=\u00bb4.27.4&#8243; _module_preset=\u00bbdefault\u00bb global_colors_info=\u00bb{}\u00bb][et_pb_column type=\u00bb1_2&#8243; _builder_version=\u00bb4.27.4&#8243; _module_preset=\u00bbdefault\u00bb global_colors_info=\u00bb{}\u00bb][et_pb_image src=\u00bbhttps:\/\/tinidoo.fr\/wp-content\/uploads\/2025\/06\/pincel-regalado.jpg\u00bb title_text=\u00bb&lt;p&gt;&lt;br data-mce-bogus=&quot;1&quot;&gt;&lt;\/p&gt;\u00bb _builder_version=\u00bb4.27.4&#8243; _module_preset=\u00bbdefault\u00bb global_colors_info=\u00bb{}\u00bb][\/et_pb_image][\/et_pb_column][et_pb_column type=\u00bb1_2&#8243; _builder_version=\u00bb4.27.4&#8243; _module_preset=\u00bbdefault\u00bb global_colors_info=\u00bb{}\u00bb][\/et_pb_column][\/et_pb_row][et_pb_row _builder_version=\u00bb4.27.4&#8243; _module_preset=\u00bbdefault\u00bb background_color=\u00bb#f4f4f4&#8243; global_colors_info=\u00bb{}\u00bb][et_pb_column type=\u00bb4_4&#8243; _builder_version=\u00bb4.27.4&#8243; _module_preset=\u00bbdefault\u00bb global_colors_info=\u00bb{}\u00bb][et_pb_toggle title=\u00bb&lt;p&gt;&lt;br data-mce-bogus=&quot;1&quot;&gt;&lt;\/p&gt;\u00bb icon_color=\u00bb#000000&#8243; toggle_icon=\u00bb&#x37;||divi||400&#8243; use_icon_font_size=\u00bbon\u00bb icon_font_size=\u00bb21px\u00bb _builder_version=\u00bb4.27.4&#8243; _module_preset=\u00bbdefault\u00bb title_level=\u00bbh3&#8243; global_colors_info=\u00bb{}\u00bb]<\/p>\n<p>Utilisez la <strong>peinture gris clair<\/strong>\u00a0Tinidoo pour peindre:<\/p>\n<ul>\n<li>Une chaise haute<\/li>\n<li><strong>un meuble enfant<\/strong><\/li>\n<li>mobile b\u00e9b\u00e9 en bois<\/li>\n<li>une <strong>armoire en bois<\/strong><\/li>\n<li>un parc b\u00e9b\u00e9<\/li>\n<li>un lit b\u00e9b\u00e9<\/li>\n<li>etc<\/li>\n<\/ul>\n<p>[\/et_pb_toggle][et_pb_toggle title=\u00bb&lt;p&gt;&lt;br data-mce-bogus=&quot;1&quot;&gt;&lt;\/p&gt;\u00bb icon_color=\u00bb#000000&#8243; toggle_icon=\u00bb&#x37;||divi||400&#8243; use_icon_font_size=\u00bbon\u00bb icon_font_size=\u00bb21px\u00bb _builder_version=\u00bb4.27.4&#8243; _module_preset=\u00bbdefault\u00bb title_level=\u00bbh3&#8243; global_colors_info=\u00bb{}\u00bb]<strong>Pon\u00e7age : <\/strong>Poncez la surface avec du papier de verre \u00e0 grain 120 ou 180.<\/p>\n<p><strong>Pr\u00e9paration<\/strong> : Pour la premi\u00e8re application, diluez la peinture avec 20% d&#8217;eau.<\/p>\n<p><strong>Application<\/strong> de la premi\u00e8re couche : Appliquez la peinture et laissez s\u00e9cher pendant 2 \u00e0 4 heures.<\/p>\n<p><strong>Application des couches suivantes<\/strong> : Appliquez la deuxi\u00e8me couche, et si n\u00e9cessaire, une troisi\u00e8me. <span class=\"WdYUQQ\">Afin d&#8217;augmenter la r\u00e9sistance de la surface, nous conseillons d\u2019appliquer un <a href=\"https:\/\/tinidoo.fr\/product\/vernis-norme-jouet-500ml\/\">vernis norme jouet Tinidoo.<\/a><\/span>[\/et_pb_toggle][et_pb_toggle title=\u00bb&lt;p&gt;&lt;br data-mce-bogus=&quot;1&quot;&gt;&lt;\/p&gt;\u00bb icon_color=\u00bb#000000&#8243; toggle_icon=\u00bb&#x37;||divi||400&#8243; use_icon_font_size=\u00bbon\u00bb icon_font_size=\u00bb24px\u00bb _builder_version=\u00bb4.27.4&#8243; _module_preset=\u00bbdefault\u00bb title_level=\u00bbh3&#8243; global_colors_info=\u00bb{}\u00bb]<\/p>\n<p><br data-mce-bogus=\"1\"><\/p>\n<p>[\/et_pb_toggle][\/et_pb_column][\/et_pb_row][\/et_pb_section][et_pb_section fb_built=\u00bb1&#8243; admin_label=\u00bbRelated Products\u00bb _builder_version=\u00bb4.27.4&#8243; _module_preset=\u00bbdefault\u00bb background_color=\u00bb#f2f2f2&#8243; custom_padding=\u00bb20px|||||\u00bb collapsed=\u00bbon\u00bb global_colors_info=\u00bb{}\u00bb][et_pb_row _builder_version=\u00bb4.22.0&#8243; _module_preset=\u00bbdefault\u00bb global_colors_info=\u00bb{}\u00bb][et_pb_column type=\u00bb4_4&#8243; _builder_version=\u00bb4.22.0&#8243; _module_preset=\u00bbdefault\u00bb global_colors_info=\u00bb{}\u00bb]<\/p>\n<p><br data-mce-bogus=\"1\"><\/p>\n<p>[\/et_pb_column][\/et_pb_row][\/et_pb_section]<\/p>\n","protected":false},"excerpt":{"rendered":"<h2><span class=\"jCAhz ChMk0b\"><span class=\"ryNqvb\">Pintura gris claro para muebles, armarios y objetos de madera.<\/span><\/span> <span class=\"jCAhz ChMk0b\"><span class=\"ryNqvb\">Cumple con la norma para juguetes EN 71-3.<\/span><\/span><\/h2>\n","protected":false},"featured_media":260170,"comment_status":"open","ping_status":"closed","template":"","meta":{"_et_pb_use_builder":"on","_et_pb_old_content":"<h3><span class=\"jCAhz ChMk0b\"><span class=\"ryNqvb\">Pintura Tinidoo 2 en 1: Pintura y Acabado <\/span><\/span><\/h3><div><br><\/div><div><span class=\"jCAhz ChMk0b\"><span class=\"ryNqvb\">La Pintura Tinidoo 2 en 1 es una pintura para superficies de madera, tanto en interiores como en exteriores.<\/span><\/span> <span class=\"jCAhz ChMk0b\"><span class=\"ryNqvb\">Este producto combina las funciones de pintura y acabado, facilitando y agilizando tus trabajos de pintura.<\/span><\/span><\/div><div><br><\/div><div><strong><span class=\"jCAhz\"><span class=\"ryNqvb\">Amplia compatibilidad.<\/span><\/span> <\/strong><\/div><div><span class=\"jCAhz ChMk0b\"><span class=\"ryNqvb\">La Pintura Tinidoo 2 en 1 es apta para una impresionante variedad de superficies de madera: sin acabado, decapadas, te\u00f1idas e incluso enceradas.<\/span><\/span><\/div><div><br><\/div><div><strong><span class=\"jCAhz ChMk0b\"><span class=\"ryNqvb\">Seguridad y cumplimiento normativo. <\/span><\/span><\/strong><\/div><div><span class=\"jCAhz ChMk0b\"><span class=\"ryNqvb\">Otra raz\u00f3n para elegir la Pintura Tinidoo 2 en 1 es su compromiso con la seguridad.<\/span><\/span> <span class=\"jCAhz ChMk0b\"><span class=\"ryNqvb\">Esta pintura cumple con la estricta norma EN 71-3 <a href=\"https:\/\/tinidoo.fr\/wp-content\/uploads\/2025\/04\/feuille.png\" data-mce-href=\"https:\/\/tinidoo.fr\/wp-content\/uploads\/2025\/04\/feuille.png\"><img class=\"alignnone wp-image-259534\" src=\"https:\/\/tinidoo.fr\/wp-content\/uploads\/2025\/04\/feuille.png\" alt=\"\" width=\"26\" height=\"26\" data-mce-src=\"https:\/\/tinidoo.fr\/wp-content\/uploads\/2025\/04\/feuille.png\"><\/a>para juguetes, lo que significa que es totalmente segura para los ni\u00f1os.<\/span><\/span> <span class=\"jCAhz\"><span class=\"ryNqvb\">Puedes usarla con total tranquilidad al pintar muebles o juguetes para los m\u00e1s peque\u00f1os.<\/span><\/span><\/div><div><span style=\"color: #ffffff;\" data-mce-style=\"color: #ffffff;\">.<\/span><\/div><h3>Id\u00e9al pour restaurer le mobilier b\u00e9b\u00e9<\/h3><p>Si vous d\u00e9sirez<strong> restaurer du mobilier b\u00e9b\u00e9<\/strong> (lit \u00e0 barreaux, commode), c'est la peinture qu'il vous faut! Cette peinture est certifi\u00e9es non nocive pour b\u00e9b\u00e9, respectant la<strong> norme jouet EN 71-3 <a href=\"https:\/\/tinidoo.fr\/wp-content\/uploads\/2023\/12\/ecologic-paint-tinidoo-150x150.jpg\" data-mce-href=\"https:\/\/tinidoo.fr\/wp-content\/uploads\/2023\/12\/ecologic-paint-tinidoo-150x150.jpg\"><img class=\"alignnone wp-image-249450\" src=\"https:\/\/tinidoo.fr\/wp-content\/uploads\/2023\/12\/ecologic-paint-tinidoo-150x150.jpg\" alt=\"\" width=\"26\" height=\"26\" data-mce-src=\"https:\/\/tinidoo.fr\/wp-content\/uploads\/2023\/12\/ecologic-paint-tinidoo-150x150.jpg\"><\/a><\/strong>Ainsi, b\u00e9b\u00e9 pourra mordiller les barreaux de son lit, sans aucun risque. <strong>Et pour tous vos projets!&nbsp;<\/strong> <span style=\"color: #ffffff;\" data-mce-style=\"color: #ffffff;\">.<\/span><\/p><h3><a href=\"https:\/\/tinidoo.fr\/wp-content\/uploads\/2023\/09\/peinture-vernis-norme-jouet-chambre-bebe.jpg\" data-mce-href=\"https:\/\/tinidoo.fr\/wp-content\/uploads\/2023\/09\/peinture-vernis-norme-jouet-chambre-bebe.jpg\"><img class=\"wp-image-247988 alignright\" src=\"https:\/\/tinidoo.fr\/wp-content\/uploads\/2023\/09\/peinture-vernis-norme-jouet-chambre-bebe.jpg\" alt=\"peinture et vernis norme jouet\" width=\"464\" height=\"373\" data-mce-src=\"https:\/\/tinidoo.fr\/wp-content\/uploads\/2023\/09\/peinture-vernis-norme-jouet-chambre-bebe.jpg\"><\/a>Disponible dans des couleurs douces, pour une chambre b\u00e9b\u00e9 apaisante.<\/h3><p>Vous aimerez les couleurs pastel de la peinture Tinidoo: <strong>Blanc, Rose clair, Moutarde, Beige, Ocre, Vert clair, Vert for\u00eat<\/strong>...Cr\u00e9ez une ambiance unique et douce dans la chambre de votre bambin.<\/p><h3>Application<\/h3><p><strong>Pr\u00e9paration<\/strong> : Pour la premi\u00e8re application, diluez la peinture avec de l'eau (1:1). <strong>Application<\/strong> de la premi\u00e8re couche : Appliquez la peinture et laissez s\u00e9cher pendant 2 \u00e0 4 heures. <strong>Pon\u00e7age<\/strong> : Poncez la surface avec du papier de verre \u00e0 grain 120 ou 180. <strong>Application des couches suivantes<\/strong> : Appliquez la deuxi\u00e8me couche, et si n\u00e9cessaire, une troisi\u00e8me. <span class=\"WdYUQQ\">Afin d'augmenter la r\u00e9sistance de la surface, nous conseillons d\u2019appliquer un <a href=\"https:\/\/tinidoo.fr\/product\/vernis-norme-jouet-500ml\/\" data-mce-href=\"https:\/\/tinidoo.fr\/product\/vernis-norme-jouet-500ml\/\">vernis norme jouet Tinidoo.<\/a><\/span><\/p>","_et_gb_content_width":""},"product_brand":[],"product_cat":[331],"product_tag":[],"class_list":{"0":"post-260177","1":"product","2":"type-product","3":"status-publish","4":"has-post-thumbnail","6":"product_cat-pintura-juguete-madera","7":"product_shipping_class-gratis","9":"first","10":"instock","11":"shipping-taxable","12":"purchasable","13":"product-type-variable","14":"has-default-attributes"},"aioseo_notices":[],"_links":{"self":[{"href":"https:\/\/tinidoo.fr\/es\/wp-json\/wp\/v2\/product\/260177","targetHints":{"allow":["GET"]}}],"collection":[{"href":"https:\/\/tinidoo.fr\/es\/wp-json\/wp\/v2\/product"}],"about":[{"href":"https:\/\/tinidoo.fr\/es\/wp-json\/wp\/v2\/types\/product"}],"replies":[{"embeddable":true,"href":"https:\/\/tinidoo.fr\/es\/wp-json\/wp\/v2\/comments?post=260177"}],"wp:featuredmedia":[{"embeddable":true,"href":"https:\/\/tinidoo.fr\/es\/wp-json\/wp\/v2\/media\/260170"}],"wp:attachment":[{"href":"https:\/\/tinidoo.fr\/es\/wp-json\/wp\/v2\/media?parent=260177"}],"wp:term":[{"taxonomy":"product_brand","embeddable":true,"href":"https:\/\/tinidoo.fr\/es\/wp-json\/wp\/v2\/product_brand?post=260177"},{"taxonomy":"product_cat","embeddable":true,"href":"https:\/\/tinidoo.fr\/es\/wp-json\/wp\/v2\/product_cat?post=260177"},{"taxonomy":"product_tag","embeddable":true,"href":"https:\/\/tinidoo.fr\/es\/wp-json\/wp\/v2\/product_tag?post=260177"}],"curies":[{"name":"wp","href":"https:\/\/api.w.org\/{rel}","templated":true}]}}