{"id":255495,"date":"2024-06-18T14:16:23","date_gmt":"2024-06-18T13:16:23","guid":{"rendered":"https:\/\/tinidoo.fr\/product\/pack-3-pinturas-1l-500-ml-500-ml-barniz-500ml-2-x-pinceles-renovacion-habitacion-bebe-3-muebles-comoda-armario-cama\/"},"modified":"2025-06-25T16:00:38","modified_gmt":"2025-06-25T15:00:38","slug":"pack-3-pinturas-1l-500-ml-500-ml-barniz-500ml-2-x-pinceles-renovacion-habitacion-bebe-3-muebles-comoda-armario-cama","status":"publish","type":"product","link":"https:\/\/tinidoo.fr\/es\/producto\/pack-3-pinturas-1l-500-ml-500-ml-barniz-500ml-2-x-pinceles-renovacion-habitacion-bebe-3-muebles-comoda-armario-cama\/","title":{"rendered":"Pack 3 Pinturas (1L \/ 500 ML \/ 500 ML) + Barniz (500ML) + 2 x Pinceles \u2013 Renovaci\u00f3n Habitaci\u00f3n Beb\u00e9 | 3 muebles (C\u00f3moda, Armario, Cama)"},"content":{"rendered":"<p>[et_pb_section fb_built=\u00bb1&#8243; _builder_version=\u00bb4.16&#8243; custom_padding=\u00bb0px||||false|false\u00bb global_colors_info=\u00bb{}\u00bb][et_pb_row _builder_version=\u00bb4.16&#8243; background_size=\u00bbinitial\u00bb background_position=\u00bbtop_left\u00bb background_repeat=\u00bbrepeat\u00bb width=\u00bb100%\u00bb custom_padding=\u00bb0px||0px||false|false\u00bb global_colors_info=\u00bb{}\u00bb][et_pb_column type=\u00bb4_4&#8243; _builder_version=\u00bb4.16&#8243; custom_padding=\u00bb|||\u00bb global_colors_info=\u00bb{}\u00bb custom_padding__hover=\u00bb|||\u00bb][et_pb_wc_breadcrumb _builder_version=\u00bb4.16&#8243; global_colors_info=\u00bb{}\u00bb][\/et_pb_wc_breadcrumb][et_pb_wc_cart_notice _builder_version=\u00bb4.16&#8243; global_colors_info=\u00bb{}\u00bb][\/et_pb_wc_cart_notice][\/et_pb_column][\/et_pb_row][et_pb_row column_structure=\u00bb1_2,1_2&#8243; _builder_version=\u00bb4.16&#8243; background_size=\u00bbinitial\u00bb background_position=\u00bbtop_left\u00bb background_repeat=\u00bbrepeat\u00bb width=\u00bb100%\u00bb custom_padding=\u00bb0px||||false|false\u00bb global_colors_info=\u00bb{}\u00bb][et_pb_column type=\u00bb1_2&#8243; _builder_version=\u00bb4.16&#8243; custom_padding=\u00bb|||\u00bb global_colors_info=\u00bb{}\u00bb custom_padding__hover=\u00bb|||\u00bb][et_pb_wc_images _builder_version=\u00bb4.16&#8243; global_colors_info=\u00bb{}\u00bb][\/et_pb_wc_images][\/et_pb_column][et_pb_column type=\u00bb1_2&#8243; _builder_version=\u00bb4.16&#8243; custom_padding=\u00bb|||\u00bb global_colors_info=\u00bb{}\u00bb custom_padding__hover=\u00bb|||\u00bb][et_pb_wc_title _builder_version=\u00bb4.16&#8243; global_colors_info=\u00bb{}\u00bb][\/et_pb_wc_title][et_pb_wc_rating _builder_version=\u00bb4.16&#8243; global_colors_info=\u00bb{}\u00bb][\/et_pb_wc_rating][et_pb_wc_price _builder_version=\u00bb4.16&#8243; global_colors_info=\u00bb{}\u00bb][\/et_pb_wc_price][et_pb_wc_description _builder_version=\u00bb4.16&#8243; global_colors_info=\u00bb{}\u00bb][\/et_pb_wc_description][et_pb_wc_add_to_cart show_quantity=\u00bboff\u00bb _builder_version=\u00bb4.26.0&#8243; custom_button=\u00bbon\u00bb button_text_color=\u00bb#FFFFFF\u00bb button_bg_color=\u00bb#157c15&#8243; global_colors_info=\u00bb{}\u00bb][\/et_pb_wc_add_to_cart][et_pb_wc_meta _builder_version=\u00bb4.16&#8243; global_colors_info=\u00bb{}\u00bb][\/et_pb_wc_meta][\/et_pb_column][\/et_pb_row][et_pb_row _builder_version=\u00bb4.16&#8243; background_size=\u00bbinitial\u00bb background_position=\u00bbtop_left\u00bb background_repeat=\u00bbrepeat\u00bb width=\u00bb100%\u00bb global_colors_info=\u00bb{}\u00bb][et_pb_column type=\u00bb4_4&#8243; _builder_version=\u00bb4.16&#8243; custom_padding=\u00bb|||\u00bb global_colors_info=\u00bb{}\u00bb custom_padding__hover=\u00bb|||\u00bb][et_pb_wc_tabs _builder_version=\u00bb4.16&#8243; global_colors_info=\u00bb{}\u00bb] [\/et_pb_wc_tabs][et_pb_wc_upsells _builder_version=\u00bb4.16&#8243; global_colors_info=\u00bb{}\u00bb][\/et_pb_wc_upsells][et_pb_wc_related_products _builder_version=\u00bb4.16&#8243; global_colors_info=\u00bb{}\u00bb][\/et_pb_wc_related_products][\/et_pb_column][\/et_pb_row][\/et_pb_section]<\/p>\n","protected":false},"excerpt":{"rendered":"<h2>Compra un pack de <strong>6 productos<\/strong> para renovar la habitaci\u00f3n de un beb\u00e9: 3 botes de pintura <strong>no t\u00f3xica<\/strong> + barniz (colores y acabados a tu elecci\u00f3n) + 2 pinceles<\/h2>\n<p><a href=\"https:\/\/tinidoo.fr\/wp-content\/uploads\/2023\/02\/conforme-norme-jouet.jpg\"><img loading=\"lazy\" decoding=\"async\" class=\"alignnone size-full wp-image-247319\" src=\"https:\/\/tinidoo.fr\/wp-content\/uploads\/2023\/02\/conforme-norme-jouet.jpg\" alt=\"conforme norme jouet\" width=\"600\" height=\"200\" srcset=\"https:\/\/tinidoo.fr\/wp-content\/uploads\/2023\/02\/conforme-norme-jouet.jpg 600w, https:\/\/tinidoo.fr\/wp-content\/uploads\/2023\/02\/conforme-norme-jouet-480x160.jpg 480w\" sizes=\"(min-width: 0px) and (max-width: 480px) 480px, (min-width: 481px) 600px, 100vw\" \/><\/a><\/p>\n","protected":false},"featured_media":253343,"comment_status":"open","ping_status":"closed","template":"","meta":{"_et_pb_use_builder":"on","_et_pb_old_content":"<div>\r\n<div>\r\n<div>El pack completo 6 en 1, ideal para renovar una habitaci\u00f3n de beb\u00e9, incluye todo lo que necesitas para renovar tres muebles (cuna, c\u00f3moda, armario) con facilidad. Este pack tambi\u00e9n incluye dos brochas especialmente dimensionadas para simplificar tu tarea.<\/div>\r\n<\/div>\r\n<div><\/div>\r\n<\/div>\r\n<div><span style=\"color: #ffffff\">.<\/span><\/div>\r\n<div><\/div>\r\n<div>El pack incluye 6 productos:<\/div>\r\n<div><span style=\"color: #ffffff\">.<\/span><\/div>\r\n<h3><strong>1) Dos botes de pintura de 500ML cada uno (suficientes para pintar la cuna y la c\u00f3moda) <a href=\"https:\/\/tinidoo.fr\/wp-content\/uploads\/2023\/12\/ecologic-paint-tinidoo.jpg\"><img class=\"alignnone wp-image-249450\" src=\"https:\/\/tinidoo.fr\/wp-content\/uploads\/2023\/12\/ecologic-paint-tinidoo.jpg\" alt=\"\" width=\"19\" height=\"19\" \/><\/a><\/strong><\/h3>\r\n<h3><strong>2) Un bote de pintura de 1L (adecuado para pintar el armario)) <\/strong><strong><a href=\"https:\/\/tinidoo.fr\/wp-content\/uploads\/2023\/12\/ecologic-paint-tinidoo.jpg\"><img class=\"alignnone wp-image-249450\" src=\"https:\/\/tinidoo.fr\/wp-content\/uploads\/2023\/12\/ecologic-paint-tinidoo.jpg\" alt=\"\" width=\"19\" height=\"19\" \/><\/a><\/strong><\/h3>\r\n<strong>\u00a1Elige entre una gama de colores de moda para cada tarro de pintura! .<\/strong>\u00a0<span style=\"color: #ffffff\">.<\/span>\r\n<div>La pintura 2 en 1 Tinidoo es la<strong> pintura definitiva<\/strong> para superficies de madera, ya sea en i<strong>nteriores o exteriores.<\/strong> Este producto combina las funciones de imprimaci\u00f3n y pintura de acabado, haciendo que tus trabajos de pintura sean m\u00e1s<strong> f\u00e1ciles y r\u00e1pidos.<\/strong><\/div>\r\n<a href=\"https:\/\/tinidoo.fr\/wp-content\/uploads\/2024\/06\/pintura-en-71-3-para-renovar-habitacion-de-bebe.jpg\"><img class=\"alignnone size-full wp-image-252719\" src=\"https:\/\/tinidoo.fr\/wp-content\/uploads\/2024\/06\/pintura-en-71-3-para-renovar-habitacion-de-bebe.jpg\" alt=\"\" width=\"750\" height=\"750\" \/><\/a>\r\n\r\n&nbsp;\r\n<div>Elige entre colores de moda para embellecer tus muebles.\r\n<strong><a href=\"https:\/\/tinidoo.fr\/wp-content\/uploads\/2024\/06\/colores-pintura-ecologica-norme-juguetes.jpg\"><img class=\"size-full wp-image-251818 alignright\" src=\"https:\/\/tinidoo.fr\/wp-content\/uploads\/2024\/06\/colores-pintura-ecologica-norme-juguetes.jpg\" alt=\"COULEURS PEINTURE\" width=\"1350\" height=\"260\" \/><\/a><\/strong><\/div>\r\n<div><span style=\"color: #ffffff\">.<\/span><\/div>\r\n<div>\u00a0 <strong><a href=\"https:\/\/tinidoo.fr\/wp-content\/uploads\/2024\/05\/Peinture-Commode-bebe-norme-jouet-EN71-PACK-3-EN-1-COULEUR-VERT-CLAIR.jpg\"><img class=\" wp-image-252658 alignleft\" src=\"https:\/\/tinidoo.fr\/wp-content\/uploads\/2024\/05\/Peinture-Commode-bebe-norme-jouet-EN71-PACK-3-EN-1-COULEUR-VERT-CLAIR.jpg\" alt=\"\" width=\"392\" height=\"313\" \/><\/a>Compatibilidad Ampliada <\/strong>La pintura 2 en 1 Tinidoo es compatible con <strong>muchas superficies de madera:<\/strong> cruda, decapada, lasurada o encerada. Sin embargo, para las maderas t\u00e1nicas como el roble o el casta\u00f1o, se recomienda una imprimaci\u00f3n especial para evitar manchas.<\/div>\r\n<div><span style=\"color: #ffffff\">.<\/span><\/div>\r\n<div><strong>Seguridad y Conformidad<\/strong><\/div>\r\n<div><span style=\"color: #ffffff\">.<\/span><\/div>\r\n<div>Otra raz\u00f3n para elegir la pintura 2 en 1 Tinidoo es su compromiso con la seguridad. Esta pintura cumple con la estricta <strong>Normativa de Juguetes EN 71-3 ,<a href=\"https:\/\/tinidoo.fr\/wp-content\/uploads\/2023\/12\/ecologic-paint-tinidoo.jpg\"><img class=\"alignnone wp-image-249450\" src=\"https:\/\/tinidoo.fr\/wp-content\/uploads\/2023\/12\/ecologic-paint-tinidoo.jpg\" alt=\"\" width=\"19\" height=\"19\" \/><\/a><\/strong> lo que significa que es <strong>perfectamente segura para los ni\u00f1os. Puedes usarla con total tranquilidad para pintar muebles o juguetes destinados a los m\u00e1s peque\u00f1os.<\/strong><\/div>\r\n<div><\/div>\r\n<div>\r\n<div>Esta pintura <strong>NO CONTIENE<\/strong> sustancias nocivas como:<\/div>\r\n<div><\/div>\r\n<div>- Metales pesados (plomo, cadmio, cromo hexavalente)<\/div>\r\n<div>- Ftalatos<\/div>\r\n<div>- Cloruros<\/div>\r\n<\/div>\r\n<div><\/div>\r\n<div><\/div>\r\n<div><span style=\"color: #ffffff\">.<\/span><\/div>\r\n<div><span style=\"color: #ffffff\">.<\/span><\/div>\r\n<div>\r\n<p class=\"cvGsUA direction-ltr align-start para-style-body\"><strong>Categor\u00eda:<\/strong><\/p>\r\n\r\n<div>A\/d Pinturas interiores y exteriores para el tratamiento superficial de la madera. L\u00edmite de COV: 130 g\/l. El contenido m\u00e1ximo de COV (compuestos org\u00e1nicos vol\u00e1tiles) de este producto: 10 g\/l.<\/div>\r\n<div><\/div>\r\n<div>Rendimiento 6-9 m2\/kg por capa. Secado: 2 a 4 horas Ingredientes: Contiene 5-cloro-2-metil isotiazol-3(2H)-ona y 2-metil isotiazol-3(2H)-ona.<\/div>\r\n<div><\/div>\r\n<\/div>\r\n<div style=\"text-align: center\"><\/div>\r\n<div><span style=\"color: #ffffff\">.<\/span><\/div>\r\n<h3><strong>2) 2) Un bote de barniz de 500 ML conforme a la norma de juguetes EN 71-3 <a href=\"https:\/\/tinidoo.fr\/wp-content\/uploads\/2023\/12\/ecologic-paint-tinidoo.jpg\"><img class=\"alignnone wp-image-249450\" src=\"https:\/\/tinidoo.fr\/wp-content\/uploads\/2023\/12\/ecologic-paint-tinidoo.jpg\" alt=\"\" width=\"19\" height=\"19\" \/><\/a><\/strong><\/h3>\r\n<div><strong>Caracter\u00edsticas:<\/strong><\/div>\r\n<div><\/div>\r\n<div>\r\n<div>- Cobertura: aproximadamente 150 ml a 200 ml por m\u00b2 y por capa<\/div>\r\n<div>- No t\u00f3xico - Cumple con la <strong>Normativa de Juguetes EN 71-3 <a href=\"https:\/\/tinidoo.fr\/wp-content\/uploads\/2023\/12\/ecologic-paint-tinidoo.jpg\"><img class=\"alignnone wp-image-249450\" src=\"https:\/\/tinidoo.fr\/wp-content\/uploads\/2023\/12\/ecologic-paint-tinidoo.jpg\" alt=\"\" width=\"19\" height=\"19\" \/><\/a><\/strong><\/div>\r\n<div>- Sin olor<\/div>\r\n<div><\/div>\r\n<div><strong>Modo de Empleo<\/strong><\/div>\r\n<div><\/div>\r\n<div>- Agitar bien antes de usar<\/div>\r\n<div>- No tragar<\/div>\r\n<div>- No usar ni almacenar a una temperatura inferior a 10\u00b0C<\/div>\r\n<div>- Elecci\u00f3n del acabado en la parte superior de la p\u00e1gina: <strong>Satinado, Mate o Brillante<\/strong><\/div>\r\n<div><\/div>\r\n<div>.<\/div>\r\n<\/div>\r\n<div><\/div>\r\n<div><\/div>\r\n<div><\/div>\r\n<div><span style=\"color: #ffffff\">.<\/span><\/div>\r\n<h3><strong>3) Dos pinceles de tama\u00f1os 70 mm y 30 mm para facilitar la aplicaci\u00f3n de la pintura.<\/strong><\/h3>\r\n<span style=\"color: #ffffff\">.<\/span>\r\n<div><a href=\"https:\/\/tinidoo.fr\/wp-content\/uploads\/2024\/06\/pincel.jpg\"><img class=\"alignnone size-full wp-image-248211\" src=\"https:\/\/tinidoo.fr\/wp-content\/uploads\/2024\/06\/pincel.jpg\" alt=\"\" width=\"600\" height=\"200\" \/><\/a><\/div>\r\n<p style=\"text-align: left\"><a href=\"https:\/\/tinidoo.fr\/wp-content\/uploads\/2024\/06\/pincel-ideal-para-pintar-una-comoda-de-bebe.jpg\"><img class=\"alignnone size-full wp-image-254710\" src=\"https:\/\/tinidoo.fr\/wp-content\/uploads\/2024\/06\/pincel-ideal-para-pintar-una-comoda-de-bebe.jpg\" alt=\"\" width=\"900\" height=\"600\" \/><\/a> Env\u00edo gratuito en Espa\u00f1a. Tambi\u00e9n te gustar\u00e1: Nuestro <a href=\"https:\/\/tinidoo.fr\/es\/product\/kit-pintura-500ml-barniz-250ml-pincel-para-restaurar-una-comoda-de-bebe\/\">pack de renovaci\u00f3n para c\u00f3moda de beb\u00e9<\/a><\/p>","_et_gb_content_width":""},"product_brand":[],"product_cat":[361],"product_tag":[],"class_list":{"0":"post-255495","1":"product","2":"type-product","3":"status-publish","4":"has-post-thumbnail","6":"product_cat-kit-restauracion-muebles-bebes","8":"first","9":"instock","10":"sale","11":"shipping-taxable","12":"purchasable","13":"product-type-variable"},"aioseo_notices":[],"_links":{"self":[{"href":"https:\/\/tinidoo.fr\/es\/wp-json\/wp\/v2\/product\/255495","targetHints":{"allow":["GET"]}}],"collection":[{"href":"https:\/\/tinidoo.fr\/es\/wp-json\/wp\/v2\/product"}],"about":[{"href":"https:\/\/tinidoo.fr\/es\/wp-json\/wp\/v2\/types\/product"}],"replies":[{"embeddable":true,"href":"https:\/\/tinidoo.fr\/es\/wp-json\/wp\/v2\/comments?post=255495"}],"wp:featuredmedia":[{"embeddable":true,"href":"https:\/\/tinidoo.fr\/es\/wp-json\/wp\/v2\/media\/253343"}],"wp:attachment":[{"href":"https:\/\/tinidoo.fr\/es\/wp-json\/wp\/v2\/media?parent=255495"}],"wp:term":[{"taxonomy":"product_brand","embeddable":true,"href":"https:\/\/tinidoo.fr\/es\/wp-json\/wp\/v2\/product_brand?post=255495"},{"taxonomy":"product_cat","embeddable":true,"href":"https:\/\/tinidoo.fr\/es\/wp-json\/wp\/v2\/product_cat?post=255495"},{"taxonomy":"product_tag","embeddable":true,"href":"https:\/\/tinidoo.fr\/es\/wp-json\/wp\/v2\/product_tag?post=255495"}],"curies":[{"name":"wp","href":"https:\/\/api.w.org\/{rel}","templated":true}]}}