{"id":269077,"date":"2025-04-24T15:37:32","date_gmt":"2025-04-24T14:37:32","guid":{"rendered":"https:\/\/tinidoo.fr\/product\/peinture-2-en-1-norme-jouet-500ml-1l-vert-clair\/"},"modified":"2026-03-31T13:22:50","modified_gmt":"2026-03-31T12:22:50","slug":"grune-farbe-fur-spielzeug-und-babymobel","status":"publish","type":"product","link":"https:\/\/tinidoo.fr\/de\/product\/grune-farbe-fur-spielzeug-und-babymobel\/","title":{"rendered":"2-in-1 Gr\u00fcne Farbe f\u00fcr Spielzeug und Babym\u00f6bel 500ML\/1L"},"content":{"rendered":"<p>[et_pb_section fb_built=&#8220;1&#8243; admin_label=&#8220;Product&#8220; _builder_version=&#8220;4.22.0&#8243; _module_preset=&#8220;default&#8220; custom_padding=&#8220;22px||11px|||&#8220; collapsed=&#8220;off&#8220; global_colors_info=&#8220;{}&#8220;][et_pb_row _builder_version=&#8220;4.22.0&#8243; _module_preset=&#8220;default&#8220; custom_padding=&#8220;0px||0px||true|false&#8220; global_colors_info=&#8220;{}&#8220;][et_pb_column type=&#8220;4_4&#8243; _builder_version=&#8220;4.22.0&#8243; _module_preset=&#8220;default&#8220; global_colors_info=&#8220;{}&#8220;][et_pb_wc_cart_notice required_field_indicator_color=&#8220;gcid-bfa7fe62-254b-41c2-9e7c-1655cf29ea48&#8243; placeholder_color=&#8220;gcid-28ee6c14-4dda-4188-8b60-5d7790f11e4d&#8220; _builder_version=&#8220;4.27.4&#8243; _module_preset=&#8220;default&#8220; form_field_background_color=&#8220;RGBA(255,255,255,0)&#8220; form_field_text_color=&#8220;#000000&#8243; form_field_custom_padding=&#8220;12px|24px|12px|24px|true|true&#8220; form_custom_padding=&#8220;0px|0px|0px|0px|true|true&#8220; title_font=&#8220;||||||||&#8220; title_text_color=&#8220;#5b5b5b&#8220; title_font_size=&#8220;20px&#8220; title_line_height=&#8220;1.4em&#8220; title_link_text_color=&#8220;gcid-bfa7fe62-254b-41c2-9e7c-1655cf29ea48&#8243; content_font_size=&#8220;16px&#8220; link_text_color=&#8220;gcid-bfa7fe62-254b-41c2-9e7c-1655cf29ea48&#8243; field_label_font_size=&#8220;15px&#8220; form_field_font=&#8220;Inter||||||||&#8220; form_field_font_size=&#8220;16px&#8220; background_color=&#8220;#e5e5e5&#8243; button_text_size=&#8220;14px&#8220; button_text_color=&#8220;#FFFFFF&#8220; button_bg_color=&#8220;#000000&#8243; button_border_width=&#8220;0px&#8220; button_border_radius=&#8220;100px&#8220; button_letter_spacing=&#8220;0.16em&#8220; button_font=&#8220;Inter|700||on|||||&#8220; button_custom_padding=&#8220;16px|24px|16px|24px|true|true&#8220; custom_padding=&#8220;28px|15px|15px|15px|false|false&#8220; title_font_size_tablet=&#8220;16px&#8220; title_font_size_phone=&#8220;15px&#8220; title_font_size_last_edited=&#8220;on|desktop&#8220; content_font_size_tablet=&#8220;15px&#8220; content_font_size_phone=&#8220;14px&#8220; content_font_size_last_edited=&#8220;on|desktop&#8220; form_field_font_size_tablet=&#8220;15px&#8220; form_field_font_size_phone=&#8220;14px&#8220; form_field_font_size_last_edited=&#8220;on|desktop&#8220; border_width_all_form_field=&#8220;2px&#8220; border_color_all_form_field=&#8220;gcid-28ee6c14-4dda-4188-8b60-5d7790f11e4d&#8220; border_radii_form=&#8220;on|0px|0px|0px|0px&#8220; border_width_all_form=&#8220;0px&#8220; body_font=&#8220;Inter||||||||&#8220; body_font_size=&#8220;16px&#8220; body_font_size_last_edited=&#8220;on|desktop&#8220; body_font_size_tablet=&#8220;15px&#8220; body_font_size_phone=&#8220;14px&#8220; body_line_height=&#8220;1.8em&#8220; global_colors_info=&#8220;{%22gcid-bfa7fe62-254b-41c2-9e7c-1655cf29ea48%22:%91%22title_link_text_color%22,%22required_field_indicator_color%22,%22link_text_color%22%93,%22gcid-28ee6c14-4dda-4188-8b60-5d7790f11e4d%22:%91%22placeholder_color%22,%22border_color_all_form_field%22%93}&#8220;][\/et_pb_wc_cart_notice][et_pb_wc_breadcrumb _builder_version=&#8220;4.27.4&#8243; _module_preset=&#8220;default&#8220; body_font=&#8220;|||on|||||&#8220; body_text_color=&#8220;gcid-28366106-ecf8-496b-97f0-6a9be6882356&#8243; body_font_size=&#8220;14px&#8220; global_colors_info=&#8220;{%22gcid-28366106-ecf8-496b-97f0-6a9be6882356%22:%91%22body_text_color%22%93}&#8220;][\/et_pb_wc_breadcrumb][\/et_pb_column][\/et_pb_row][et_pb_row column_structure=&#8220;1_2,1_2&#8243; _builder_version=&#8220;4.22.0&#8243; _module_preset=&#8220;default&#8220; global_colors_info=&#8220;{}&#8220;][et_pb_column type=&#8220;1_2&#8243; _builder_version=&#8220;4.22.0&#8243; _module_preset=&#8220;default&#8220; global_colors_info=&#8220;{}&#8220;][et_pb_wc_images sale_badge_color=&#8220;gcid-bfa7fe62-254b-41c2-9e7c-1655cf29ea48&#8243; _builder_version=&#8220;4.22.0&#8243; _module_preset=&#8220;default&#8220; sale_badge_font=&#8220;Inter|700||on|||||&#8220; sale_badge_text_color=&#8220;#000000&#8243; sale_badge_font_size=&#8220;14px&#8220; sale_badge_letter_spacing=&#8220;1px&#8220; global_colors_info=&#8220;{%22gcid-bfa7fe62-254b-41c2-9e7c-1655cf29ea48%22:%91%22price_text_color%22,%22icon_hover_color%22,%22rating_text_color%22,%22sale_badge_color%22%93}&#8220;][\/et_pb_wc_images][\/et_pb_column][et_pb_column type=&#8220;1_2&#8243; _builder_version=&#8220;4.22.0&#8243; _module_preset=&#8220;default&#8220; global_colors_info=&#8220;{}&#8220;][et_pb_wc_title _builder_version=&#8220;4.27.4&#8243; _module_preset=&#8220;default&#8220; header_font=&#8220;Jost||||||||&#8220; header_font_size=&#8220;45px&#8220; header_line_height=&#8220;0.9em&#8220; header_font_size_tablet=&#8220;40px&#8220; header_font_size_phone=&#8220;24px&#8220; header_font_size_last_edited=&#8220;on|desktop&#8220; global_colors_info=&#8220;{}&#8220;][\/et_pb_wc_title][et_pb_wc_rating show_reviews_link=&#8220;off&#8220; _builder_version=&#8220;4.27.4&#8243; _module_preset=&#8220;default&#8220; rating_text_color=&#8220;#126b29&#8243; body_text_color=&#8220;gcid-28366106-ecf8-496b-97f0-6a9be6882356&#8243; global_colors_info=&#8220;{%22gcid-28366106-ecf8-496b-97f0-6a9be6882356%22:%91%22body_text_color%22%93}&#8220;][\/et_pb_wc_rating][et_pb_wc_description _builder_version=&#8220;4.27.4&#8243; _module_preset=&#8220;default&#8220; body_font=&#8220;Jost||||||||&#8220; body_font_size=&#8220;16px&#8220; body_line_height=&#8220;1.8em&#8220; header_2_font_size=&#8220;21px&#8220; custom_margin=&#8220;-9px|||||&#8220; body_font_size_tablet=&#8220;15px&#8220; body_font_size_phone=&#8220;12px&#8220; body_font_size_last_edited=&#8220;on|phone&#8220; header_2_font_size_tablet=&#8220;&#8220; header_2_font_size_phone=&#8220;20px&#8220; header_2_font_size_last_edited=&#8220;on|phone&#8220; global_colors_info=&#8220;{}&#8220;][\/et_pb_wc_description][et_pb_image src=&#8220;https:\/\/tinidoo.fr\/wp-content\/uploads\/2026\/03\/schnelle-lieferung.jpg&#8220; alt=&#8220;conforme norme jouet&#8220; title_text=&#8220;banner-livraison-gratuite&#8220; _builder_version=&#8220;4.27.6&#8243; _module_preset=&#8220;default&#8220; custom_margin=&#8220;-1px|||||&#8220; global_colors_info=&#8220;{}&#8220;][\/et_pb_image][et_pb_wc_price _builder_version=&#8220;4.27.4&#8243; _module_preset=&#8220;default&#8220; body_font=&#8220;Jost||||||||&#8220; body_text_color=&#8220;#000000&#8243; body_font_size=&#8220;40px&#8220; before_sale_price_text_color=&#8220;gcid-28366106-ecf8-496b-97f0-6a9be6882356&#8243; text_orientation=&#8220;center&#8220; body_font_size_tablet=&#8220;52px&#8220; body_font_size_phone=&#8220;32px&#8220; body_font_size_last_edited=&#8220;on|phone&#8220; global_colors_info=&#8220;{%22gcid-28366106-ecf8-496b-97f0-6a9be6882356%22:%91%22before_sale_price_text_color%22%93}&#8220;][\/et_pb_wc_price][et_pb_wc_add_to_cart show_quantity=&#8220;off&#8220; _builder_version=&#8220;4.27.4&#8243; _module_preset=&#8220;default&#8220; field_label_text_align=&#8220;center&#8220; custom_button=&#8220;on&#8220; button_text_size=&#8220;19px&#8220; button_text_color=&#8220;#FFFFFF&#8220; button_bg_color=&#8220;#000000&#8243; button_font=&#8220;Jost||||||||&#8220; text_orientation=&#8220;center&#8220; module_alignment=&#8220;center&#8220; custom_margin=&#8220;31px|||4px||&#8220; global_colors_info=&#8220;{}&#8220;][\/et_pb_wc_add_to_cart][\/et_pb_column][\/et_pb_row][\/et_pb_section][et_pb_section fb_built=&#8220;1&#8243; _builder_version=&#8220;4.27.4&#8243; _module_preset=&#8220;default&#8220; custom_padding=&#8220;17px||28px|||&#8220; global_colors_info=&#8220;{}&#8220;][et_pb_row _builder_version=&#8220;4.27.4&#8243; _module_preset=&#8220;default&#8220; global_colors_info=&#8220;{}&#8220;][et_pb_column type=&#8220;4_4&#8243; _builder_version=&#8220;4.27.4&#8243; _module_preset=&#8220;default&#8220; global_colors_info=&#8220;{}&#8220;][et_pb_text _builder_version=&#8220;4.27.6&#8243; _module_preset=&#8220;default&#8220; header_3_font=&#8220;Libre Bodoni||||||||&#8220; header_3_font_size=&#8220;26px&#8220; global_colors_info=&#8220;{}&#8220;]<\/p>\n<h3><a href=\"https:\/\/tinidoo.fr\/wp-content\/uploads\/2024\/09\/ecologic-paint-tinidoo-150x150-1.jpg\"><img loading=\"lazy\" decoding=\"async\" class=\"wp-image-255277 alignnone size-full\" src=\"https:\/\/tinidoo.fr\/wp-content\/uploads\/2024\/09\/ecologic-paint-tinidoo-150x150-1.jpg\" alt=\"\" width=\"40\" height=\"40\" srcset=\"https:\/\/tinidoo.fr\/wp-content\/uploads\/2024\/09\/ecologic-paint-tinidoo-150x150-1.jpg 200w, https:\/\/tinidoo.fr\/wp-content\/uploads\/2024\/09\/ecologic-paint-tinidoo-150x150-1-100x100.jpg 100w, https:\/\/tinidoo.fr\/wp-content\/uploads\/2024\/09\/ecologic-paint-tinidoo-150x150-1-150x150.jpg 150w\" sizes=\"(max-width: 40px) 100vw, 40px\" \/><\/a> Tinidoo 2-in-1 Farbe: Grundierung und Endanstrich<\/h3>\n<p>[\/et_pb_text][\/et_pb_column][\/et_pb_row][et_pb_row column_structure=&#8220;2_5,3_5&#8243; _builder_version=&#8220;4.27.4&#8243; _module_preset=&#8220;default&#8220; global_colors_info=&#8220;{}&#8220;][et_pb_column type=&#8220;2_5&#8243; _builder_version=&#8220;4.27.4&#8243; _module_preset=&#8220;default&#8220; global_colors_info=&#8220;{}&#8220;][et_pb_image src=&#8220;https:\/\/tinidoo.fr\/wp-content\/uploads\/2024\/06\/commode-bebe-repeinte-vert.jpg&#8220; alt=&#8220;commode b\u00e9b\u00e9 repeinte vert&#8220; title_text=&#8220;commode-bebe-repeinte-vert&#8220; _builder_version=&#8220;4.27.6&#8243; _module_preset=&#8220;default&#8220; hover_enabled=&#8220;0&#8243; global_colors_info=&#8220;{}&#8220; sticky_enabled=&#8220;0&#8243;][\/et_pb_image][\/et_pb_column][et_pb_column type=&#8220;3_5&#8243; _builder_version=&#8220;4.27.4&#8243; _module_preset=&#8220;default&#8220; global_colors_info=&#8220;{}&#8220;][et_pb_text _builder_version=&#8220;4.27.6&#8243; _module_preset=&#8220;default&#8220; text_font=&#8220;Jost||||||||&#8220; text_font_size=&#8220;18px&#8220; global_colors_info=&#8220;{}&#8220;]<\/p>\n<p data-start=\"55\" data-end=\"302\">Die <strong>Tinidoo 2-in-1 Farbe<\/strong> ist die ideale L\u00f6sung f\u00fcr Holzoberfl\u00e4chen \u2013 sowohl im Innen- als auch im Au\u00dfenbereich. Dieses Produkt vereint die Funktionen einer Grundierung und einer Endbeschichtung und macht Ihre Malerarbeiten einfacher und schneller.<\/p>\n<ul>\n<li data-start=\"304\" data-end=\"492\"><strong data-start=\"304\" data-end=\"329\">Breite Kompatibilit\u00e4t<\/strong><br data-start=\"329\" data-end=\"332\" \/>Die Tinidoo 2-in-1 Farbe eignet sich f\u00fcr eine beeindruckende Vielfalt an Holzoberfl\u00e4chen: rohes Holz, abgeschliffenes Holz, lasiertes und sogar gewachstes Holz.<\/li>\n<li><strong data-start=\"494\" data-end=\"524\">Sicherheit und Konformit\u00e4t<\/strong><br data-start=\"524\" data-end=\"527\" \/>Ein weiterer Grund, sich f\u00fcr die Tinidoo 2-in-1 Farbe zu entscheiden, ist ihr hoher Sicherheitsstandard. Diese Farbe entspricht der strengen <strong>Spielzeugnorm EN 71-3<\/strong> <a href=\"https:\/\/tinidoo.fr\/wp-content\/uploads\/2025\/04\/feuille.png\"><img loading=\"lazy\" decoding=\"async\" class=\"wp-image-259536 alignnone \" src=\"https:\/\/tinidoo.fr\/wp-content\/uploads\/2025\/04\/feuille.png\" alt=\"\" width=\"22\" height=\"22\" \/><\/a>und ist somit absolut sicher f\u00fcr Kinder. Sie k\u00f6nnen sie bedenkenlos f\u00fcr M\u00f6bel oder Spielzeug f\u00fcr die Kleinsten verwenden.<\/li>\n<\/ul>\n<p>[\/et_pb_text][\/et_pb_column][\/et_pb_row][et_pb_row _builder_version=&#8220;4.27.4&#8243; _module_preset=&#8220;default&#8220; global_colors_info=&#8220;{}&#8220;][et_pb_column type=&#8220;4_4&#8243; _builder_version=&#8220;4.27.4&#8243; _module_preset=&#8220;default&#8220; global_colors_info=&#8220;{}&#8220;][et_pb_text _builder_version=&#8220;4.27.6&#8243; _module_preset=&#8220;default&#8220; text_font=&#8220;Jost||||||||&#8220; text_font_size=&#8220;18px&#8220; header_font=&#8220;Libre Bodoni||||||||&#8220; header_font_size=&#8220;29px&#8220; header_3_font=&#8220;Libre Bodoni||||||||&#8220; header_3_font_size=&#8220;26px&#8220; global_colors_info=&#8220;{}&#8220;]<\/p>\n<h3><a href=\"https:\/\/tinidoo.fr\/wp-content\/uploads\/2024\/09\/ecologic-paint-tinidoo-150x150-1.jpg\"><img loading=\"lazy\" decoding=\"async\" class=\"wp-image-255277 alignnone size-full\" src=\"https:\/\/tinidoo.fr\/wp-content\/uploads\/2024\/09\/ecologic-paint-tinidoo-150x150-1.jpg\" alt=\"\" width=\"50\" height=\"50\" srcset=\"https:\/\/tinidoo.fr\/wp-content\/uploads\/2024\/09\/ecologic-paint-tinidoo-150x150-1.jpg 200w, https:\/\/tinidoo.fr\/wp-content\/uploads\/2024\/09\/ecologic-paint-tinidoo-150x150-1-100x100.jpg 100w, https:\/\/tinidoo.fr\/wp-content\/uploads\/2024\/09\/ecologic-paint-tinidoo-150x150-1-150x150.jpg 150w\" sizes=\"(max-width: 50px) 100vw, 50px\" \/><\/a>Ideal zur Restaurierung von Babym\u00f6beln<\/h3>\n<p><br data-start=\"855\" data-end=\"858\" \/>Wenn Sie Babym\u00f6bel (Gitterbett, Kommode) restaurieren m\u00f6chten, ist diese Farbe genau die richtige Wahl!<\/p>\n<p data-start=\"963\" data-end=\"1150\">Diese Farbe ist als <strong data-start=\"983\" data-end=\"1021\">unsch\u00e4dlich f\u00fcr Babys zertifiziert<\/strong>. So kann Ihr Baby bedenkenlos an den Gitterst\u00e4ben seines Bettes knabbern \u2013 ganz ohne Risiko. Und das gilt f\u00fcr all Ihre Projekte!<\/p>\n<p>[\/et_pb_text][\/et_pb_column][\/et_pb_row][et_pb_row _builder_version=&#8220;4.27.4&#8243; _module_preset=&#8220;default&#8220; global_colors_info=&#8220;{}&#8220;][et_pb_column type=&#8220;4_4&#8243; _builder_version=&#8220;4.27.4&#8243; _module_preset=&#8220;default&#8220; global_colors_info=&#8220;{}&#8220;][et_pb_text _builder_version=&#8220;4.27.6&#8243; _module_preset=&#8220;default&#8220; text_font=&#8220;Jost||||||||&#8220; text_font_size=&#8220;18px&#8220; header_3_font=&#8220;Libre Bodoni||||||||&#8220; header_3_font_size=&#8220;26px&#8220; global_colors_info=&#8220;{}&#8220;]<\/p>\n<h3><a href=\"https:\/\/tinidoo.fr\/wp-content\/uploads\/2024\/09\/ecologic-paint-tinidoo-150x150-1.jpg\"><img loading=\"lazy\" decoding=\"async\" class=\"wp-image-255277 alignnone size-full\" src=\"https:\/\/tinidoo.fr\/wp-content\/uploads\/2024\/09\/ecologic-paint-tinidoo-150x150-1.jpg\" alt=\"\" width=\"53\" height=\"53\" srcset=\"https:\/\/tinidoo.fr\/wp-content\/uploads\/2024\/09\/ecologic-paint-tinidoo-150x150-1.jpg 200w, https:\/\/tinidoo.fr\/wp-content\/uploads\/2024\/09\/ecologic-paint-tinidoo-150x150-1-100x100.jpg 100w, https:\/\/tinidoo.fr\/wp-content\/uploads\/2024\/09\/ecologic-paint-tinidoo-150x150-1-150x150.jpg 150w\" sizes=\"(max-width: 53px) 100vw, 53px\" \/><\/a>Hellgr\u00fcn: Ein Hauch Natur!<\/h3>\n<p>Verleihen Sie Ihren M\u00f6beln und Accessoires mit diesem sch\u00f6nen Hellgr\u00fcn einen Hauch Natur.<\/p>\n<p>[\/et_pb_text][\/et_pb_column][\/et_pb_row][et_pb_row column_structure=&#8220;1_2,1_2&#8243; _builder_version=&#8220;4.27.4&#8243; _module_preset=&#8220;default&#8220; global_colors_info=&#8220;{}&#8220;][et_pb_column type=&#8220;1_2&#8243; _builder_version=&#8220;4.27.4&#8243; _module_preset=&#8220;default&#8220; global_colors_info=&#8220;{}&#8220;][et_pb_image src=&#8220;https:\/\/tinidoo.fr\/wp-content\/uploads\/2026\/03\/pinsel-70mm.jpg&#8220; title_text=&#8220;pinsel&#8220; _builder_version=&#8220;4.27.6&#8243; _module_preset=&#8220;default&#8220; global_colors_info=&#8220;{}&#8220;][\/et_pb_image][\/et_pb_column][et_pb_column type=&#8220;1_2&#8243; _builder_version=&#8220;4.27.4&#8243; _module_preset=&#8220;default&#8220; global_colors_info=&#8220;{}&#8220;][\/et_pb_column][\/et_pb_row][et_pb_row _builder_version=&#8220;4.27.4&#8243; _module_preset=&#8220;default&#8220; background_color=&#8220;#f4f4f4&#8243; global_colors_info=&#8220;{}&#8220;][et_pb_column type=&#8220;4_4&#8243; _builder_version=&#8220;4.27.4&#8243; _module_preset=&#8220;default&#8220; global_colors_info=&#8220;{}&#8220;][et_pb_toggle title=&#8220;F\u00fcr all Ihre Projekte&#8220; icon_color=&#8220;#000000&#8243; toggle_icon=&#8220;&#x37;||divi||400&#8243; use_icon_font_size=&#8220;on&#8220; icon_font_size=&#8220;21px&#8220; _builder_version=&#8220;4.27.6&#8243; _module_preset=&#8220;default&#8220; title_level=&#8220;h3&#8243; global_colors_info=&#8220;{}&#8220;]<\/p>\n<p>Diese <strong>hellgr\u00fcne<\/strong> Farbe eignet sich ideal zum Streichen von:<\/p>\n<ul>\n<li>Holzm\u00f6beln<\/li>\n<li><strong>St\u00fchlen<\/strong><\/li>\n<li>Couchtischen<\/li>\n<li>K\u00fcchenschr\u00e4nken<\/li>\n<li><strong>Holzspielzeug<\/strong><\/li>\n<li>Babykleiderschr\u00e4nken<\/li>\n<li>usw.<\/li>\n<\/ul>\n<p>[\/et_pb_toggle][et_pb_toggle title=&#8220;Anwendung&#8220; icon_color=&#8220;#000000&#8243; toggle_icon=&#8220;&#x37;||divi||400&#8243; use_icon_font_size=&#8220;on&#8220; icon_font_size=&#8220;21px&#8220; _builder_version=&#8220;4.27.6&#8243; _module_preset=&#8220;default&#8220; title_level=&#8220;h3&#8243; global_colors_info=&#8220;{}&#8220;]<\/p>\n<p data-start=\"0\" data-end=\"87\"><strong data-start=\"0\" data-end=\"14\">Schleifen:<\/strong> Schleifen Sie die Oberfl\u00e4che mit Schleifpapier der K\u00f6rnung 120 oder 180.<\/p>\n<p data-start=\"89\" data-end=\"171\"><strong data-start=\"89\" data-end=\"106\">Vorbereitung:<\/strong> F\u00fcr den ersten Anstrich verd\u00fcnnen Sie die Farbe mit 20 % Wasser.<\/p>\n<p data-start=\"173\" data-end=\"276\"><strong data-start=\"173\" data-end=\"206\">Auftragen der ersten Schicht:<\/strong> Tragen Sie die Farbe auf und lassen Sie sie 2 bis 4 Stunden trocknen.<\/p>\n<p data-start=\"278\" data-end=\"488\" data-is-last-node=\"\" data-is-only-node=\"\"><strong data-start=\"278\" data-end=\"300\">Weitere Anstriche:<\/strong> Tragen Sie eine zweite Schicht und bei Bedarf eine dritte auf. Um die Widerstandsf\u00e4higkeit der Oberfl\u00e4che zu erh\u00f6hen, empfehlen wir die Verwendung eines Tinidoo-Lacks gem\u00e4\u00df Spielzeugnorm.<\/p>\n<p>[\/et_pb_toggle][et_pb_toggle title=&#8220;Weitere Informationen&#8220; icon_color=&#8220;#000000&#8243; toggle_icon=&#8220;&#x37;||divi||400&#8243; use_icon_font_size=&#8220;on&#8220; icon_font_size=&#8220;24px&#8220; _builder_version=&#8220;4.27.6&#8243; _module_preset=&#8220;default&#8220; title_level=&#8220;h3&#8243; global_colors_info=&#8220;{}&#8220;]<\/p>\n<p data-start=\"0\" data-end=\"53\">Diese Farbe <strong data-start=\"12\" data-end=\"29\">ENTH\u00c4LT KEINE<\/strong> sch\u00e4dlichen Stoffe wie:<\/p>\n<ul data-start=\"55\" data-end=\"140\">\n<li data-section-id=\"bvhq08\" data-start=\"55\" data-end=\"109\">\n<p data-start=\"57\" data-end=\"109\">Schwermetalle (Blei, Cadmium, sechswertiges Chrom)<\/p>\n<\/li>\n<li data-section-id=\"13cr4oh\" data-start=\"110\" data-end=\"123\">\n<p data-start=\"112\" data-end=\"123\">Phthalate<\/p>\n<\/li>\n<li data-section-id=\"1c0eih1\" data-start=\"124\" data-end=\"140\">\n<p data-start=\"126\" data-end=\"140\">Chlorhydrate<\/p>\n<\/li>\n<\/ul>\n<p data-start=\"142\" data-end=\"295\"><strong data-start=\"142\" data-end=\"156\">Kategorie:<\/strong><br data-start=\"156\" data-end=\"159\" \/>A\/d Innen- und Au\u00dfenfarben zur Behandlung von Holzoberfl\u00e4chen. Grenzwert f\u00fcr VOC: 130 g\/l. Maximaler VOC-Gehalt dieses Produkts: 10 g\/l.<\/p>\n<p data-start=\"297\" data-end=\"338\"><strong data-start=\"297\" data-end=\"314\">Ergiebigkeit:<\/strong> 6\u20139 m\u00b2\/kg pro Anstrich.<\/p>\n<p data-start=\"340\" data-end=\"372\"><strong data-start=\"340\" data-end=\"354\">Trocknung:<\/strong> 2 bis 4 Stunden<\/p>\n<p data-start=\"374\" data-end=\"471\" data-is-last-node=\"\" data-is-only-node=\"\"><strong data-start=\"374\" data-end=\"392\">Inhaltsstoffe:<\/strong><br data-start=\"392\" data-end=\"395\" \/>Enth\u00e4lt 5-Chlor-2-methylisothiazol-3(2H)-on und 2-Methylisothiazol-3(2H)-on.<\/p>\n<p>[\/et_pb_toggle][\/et_pb_column][\/et_pb_row][\/et_pb_section][et_pb_section fb_built=&#8220;1&#8243; admin_label=&#8220;Related Products&#8220; _builder_version=&#8220;4.27.4&#8243; _module_preset=&#8220;default&#8220; background_color=&#8220;#f2f2f2&#8243; custom_padding=&#8220;20px|||||&#8220; collapsed=&#8220;on&#8220; global_colors_info=&#8220;{}&#8220;][et_pb_row _builder_version=&#8220;4.22.0&#8243; _module_preset=&#8220;default&#8220; global_colors_info=&#8220;{}&#8220;][et_pb_column type=&#8220;4_4&#8243; _builder_version=&#8220;4.22.0&#8243; _module_preset=&#8220;default&#8220; global_colors_info=&#8220;{}&#8220;][et_pb_wc_related_products orderby=&#8220;popularity&#8220; include_categories=&#8220;current&#8220; sale_badge_color=&#8220;gcid-bfa7fe62-254b-41c2-9e7c-1655cf29ea48&#8243; icon_hover_color=&#8220;gcid-bfa7fe62-254b-41c2-9e7c-1655cf29ea48&#8243; _builder_version=&#8220;4.27.4&#8243; _module_preset=&#8220;default&#8220; title_font=&#8220;Jost||||||||&#8220; title_text_color=&#8220;#000000&#8243; title_font_size=&#8220;44px&#8220; title_line_height=&#8220;1.4em&#8220; rating_text_color=&#8220;#116827&#8243; product_title_font=&#8220;Jost||||||||&#8220; product_title_text_color=&#8220;#000000&#8243; product_title_font_size=&#8220;20px&#8220; product_title_line_height=&#8220;1.4em&#8220; price_font=&#8220;||||||||&#8220; price_text_color=&#8220;#000000&#8243; price_font_size=&#8220;22px&#8220; sale_badge_font=&#8220;Inter|700||on|||||&#8220; sale_badge_text_color=&#8220;#000000&#8243; sale_badge_font_size=&#8220;14px&#8220; sale_badge_letter_spacing=&#8220;1px&#8220; sale_price_text_color=&#8220;#000000&#8243; sale_price_font_size=&#8220;31px&#8220; text_orientation=&#8220;center&#8220; title_font_size_tablet=&#8220;16px&#8220; title_font_size_phone=&#8220;14px&#8220; title_font_size_last_edited=&#8220;on|desktop&#8220; product_title_font_size_tablet=&#8220;16px&#8220; product_title_font_size_phone=&#8220;15px&#8220; product_title_font_size_last_edited=&#8220;on|desktop&#8220; border_radii_image=&#8220;on|20px|20px|20px|20px&#8220; global_colors_info=&#8220;{%22gcid-bfa7fe62-254b-41c2-9e7c-1655cf29ea48%22:%91%22icon_hover_color%22,%22sale_badge_color%22%93}&#8220;][\/et_pb_wc_related_products][et_pb_wc_reviews _builder_version=&#8220;4.27.4&#8243; _module_preset=&#8220;default&#8220; form_field_background_color=&#8220;RGBA(255,255,255,0)&#8220; form_field_text_color=&#8220;#000000&#8243; form_field_custom_padding=&#8220;12px|24px|12px|24px|true|true&#8220; header_font=&#8220;Jost||||||||&#8220; header_text_color=&#8220;#000000&#8243; header_font_size=&#8220;52px&#8220; title_font=&#8220;||||||||&#8220; title_text_color=&#8220;#000000&#8243; title_font_size=&#8220;20px&#8220; title_line_height=&#8220;1.4em&#8220; meta_font=&#8220;Inter|700||on|||||&#8220; meta_text_color=&#8220;#000000&#8243; meta_letter_spacing=&#8220;1px&#8220; meta_line_height=&#8220;1.4em&#8220; body_font=&#8220;Inter||||||||&#8220; body_text_color=&#8220;#000000&#8243; body_font_size=&#8220;16px&#8220; body_line_height=&#8220;1.8em&#8220; rating_text_color=&#8220;gcid-bfa7fe62-254b-41c2-9e7c-1655cf29ea48&#8243; form_field_font=&#8220;Inter||||||||&#8220; form_field_font_size=&#8220;16px&#8220; background_color=&#8220;RGBA(255,255,255,0)&#8220; custom_button=&#8220;on&#8220; button_text_size=&#8220;14px&#8220; button_text_color=&#8220;#FFFFFF&#8220; button_bg_color=&#8220;#000000&#8243; button_border_width=&#8220;0px&#8220; button_border_color=&#8220;#000000&#8243; button_border_radius=&#8220;100px&#8220; button_letter_spacing=&#8220;0.16em&#8220; button_font=&#8220;Inter|700||on|||||&#8220; button_custom_padding=&#8220;12px|24px|12px|24px|true|true&#8220; custom_padding=&#8220;40px|40px|40px|40px|true|true&#8220; custom_padding_tablet=&#8220;30px|30px|30px|30px|true|true&#8220; custom_padding_phone=&#8220;20px|20px|20px|20px|true|true&#8220; custom_padding_last_edited=&#8220;on|desktop&#8220; header_font_size_tablet=&#8220;32px&#8220; header_font_size_phone=&#8220;20px&#8220; header_font_size_last_edited=&#8220;on|desktop&#8220; title_font_size_tablet=&#8220;16px&#8220; title_font_size_phone=&#8220;15px&#8220; title_font_size_last_edited=&#8220;on|desktop&#8220; body_font_size_tablet=&#8220;15px&#8220; body_font_size_phone=&#8220;14px&#8220; body_font_size_last_edited=&#8220;on|desktop&#8220; form_field_font_size_tablet=&#8220;15px&#8220; form_field_font_size_phone=&#8220;14px&#8220; form_field_font_size_last_edited=&#8220;on|desktop&#8220; border_radii=&#8220;on|1px|1px|1px|1px&#8220; border_color_all=&#8220;#000000&#8243; border_radii_image=&#8220;on|100px|100px|100px|100px&#8220; border_radii_fields=&#8220;on|0px|0px|0px|0px&#8220; border_width_all_fields=&#8220;2px&#8220; border_color_all_fields=&#8220;#000000&#8243; global_colors_info=&#8220;{%22gcid-bfa7fe62-254b-41c2-9e7c-1655cf29ea48%22:%91%22title_link_text_color%22,%22required_field_indicator_color%22,%22link_text_color%22,%22rating_text_color%22%93,%22gcid-28ee6c14-4dda-4188-8b60-5d7790f11e4d%22:%91%22placeholder_color%22,%22border_color_all_form_field%22%93}&#8220;][\/et_pb_wc_reviews][\/et_pb_column][\/et_pb_row][\/et_pb_section]<\/p>\n","protected":false},"excerpt":{"rendered":"<h2>Hellgr\u00fcne Farbe f\u00fcr Holzm\u00f6bel, Babykommoden oder Spielzeug. Entspricht der Spielzeugnorm EN 71-3.<\/h2>\n","protected":false},"featured_media":259417,"comment_status":"open","ping_status":"closed","template":"","meta":{"_et_pb_use_builder":"on","_et_pb_old_content":"","_et_gb_content_width":""},"product_brand":[],"product_cat":[356,350],"product_tag":[],"class_list":{"0":"post-269077","1":"product","2":"type-product","3":"status-publish","4":"has-post-thumbnail","6":"product_cat-bestsellers-de","7":"product_cat-holzspielzeugfarbe","8":"product_shipping_class-gratuit-de","10":"first","11":"instock","12":"shipping-taxable","13":"purchasable","14":"product-type-variable","15":"has-default-attributes"},"aioseo_notices":[],"_links":{"self":[{"href":"https:\/\/tinidoo.fr\/de\/wp-json\/wp\/v2\/product\/269077","targetHints":{"allow":["GET"]}}],"collection":[{"href":"https:\/\/tinidoo.fr\/de\/wp-json\/wp\/v2\/product"}],"about":[{"href":"https:\/\/tinidoo.fr\/de\/wp-json\/wp\/v2\/types\/product"}],"replies":[{"embeddable":true,"href":"https:\/\/tinidoo.fr\/de\/wp-json\/wp\/v2\/comments?post=269077"}],"wp:featuredmedia":[{"embeddable":true,"href":"https:\/\/tinidoo.fr\/de\/wp-json\/wp\/v2\/media\/259417"}],"wp:attachment":[{"href":"https:\/\/tinidoo.fr\/de\/wp-json\/wp\/v2\/media?parent=269077"}],"wp:term":[{"taxonomy":"product_brand","embeddable":true,"href":"https:\/\/tinidoo.fr\/de\/wp-json\/wp\/v2\/product_brand?post=269077"},{"taxonomy":"product_cat","embeddable":true,"href":"https:\/\/tinidoo.fr\/de\/wp-json\/wp\/v2\/product_cat?post=269077"},{"taxonomy":"product_tag","embeddable":true,"href":"https:\/\/tinidoo.fr\/de\/wp-json\/wp\/v2\/product_tag?post=269077"}],"curies":[{"name":"wp","href":"https:\/\/api.w.org\/{rel}","templated":true}]}}