{"id":251981,"date":"2024-06-03T13:28:56","date_gmt":"2024-06-03T12:28:56","guid":{"rendered":"https:\/\/tinidoo.fr\/?post_type=product&#038;p=251981"},"modified":"2026-04-19T11:42:47","modified_gmt":"2026-04-19T10:42:47","slug":"pack-farbe-lack-babybett-renovierung","status":"publish","type":"product","link":"https:\/\/tinidoo.fr\/de\/product\/pack-farbe-lack-babybett-renovierung\/","title":{"rendered":"PACK Farbe (500ml) + Lack (250ml) + Pinsel \u2013 Babybett-Renovierung"},"content":{"rendered":"<p>[et_pb_section fb_built=&#8220;1&#8243; _builder_version=&#8220;4.16&#8243; custom_padding=&#8220;0px||7px||false|false&#8220; global_colors_info=&#8220;{}&#8220;][et_pb_row _builder_version=&#8220;4.16&#8243; background_size=&#8220;initial&#8220; background_position=&#8220;top_left&#8220; background_repeat=&#8220;repeat&#8220; width=&#8220;100%&#8220; custom_padding=&#8220;0px||0px||false|false&#8220; global_colors_info=&#8220;{}&#8220;][et_pb_column type=&#8220;4_4&#8243; _builder_version=&#8220;4.16&#8243; custom_padding=&#8220;|||&#8220; global_colors_info=&#8220;{}&#8220; custom_padding__hover=&#8220;|||&#8220;][et_pb_wc_breadcrumb _builder_version=&#8220;4.27.5&#8243; body_text_color=&#8220;#565656&#8243; global_colors_info=&#8220;{}&#8220;][\/et_pb_wc_breadcrumb][et_pb_wc_cart_notice _builder_version=&#8220;4.16&#8243; global_colors_info=&#8220;{}&#8220;][\/et_pb_wc_cart_notice][\/et_pb_column][\/et_pb_row][et_pb_row column_structure=&#8220;1_2,1_2&#8243; _builder_version=&#8220;4.16&#8243; background_size=&#8220;initial&#8220; background_position=&#8220;top_left&#8220; background_repeat=&#8220;repeat&#8220; width=&#8220;100%&#8220; custom_padding=&#8220;0px||||false|false&#8220; global_colors_info=&#8220;{}&#8220;][et_pb_column type=&#8220;1_2&#8243; _builder_version=&#8220;4.16&#8243; custom_padding=&#8220;|||&#8220; global_colors_info=&#8220;{}&#8220; custom_padding__hover=&#8220;|||&#8220;][et_pb_wc_images _builder_version=&#8220;4.16&#8243; global_colors_info=&#8220;{}&#8220;][\/et_pb_wc_images][\/et_pb_column][et_pb_column type=&#8220;1_2&#8243; _builder_version=&#8220;4.16&#8243; custom_padding=&#8220;|||&#8220; global_colors_info=&#8220;{}&#8220; custom_padding__hover=&#8220;|||&#8220;][et_pb_wc_title _builder_version=&#8220;4.16&#8243; global_colors_info=&#8220;{}&#8220;][\/et_pb_wc_title][et_pb_wc_rating _builder_version=&#8220;4.27.4&#8243; rating_text_color=&#8220;#17892e&#8220; body_text_color=&#8220;#000000&#8243; global_colors_info=&#8220;{}&#8220;][\/et_pb_wc_rating][et_pb_wc_price _builder_version=&#8220;4.27.5&#8243; body_font=&#8220;|600|||||||&#8220; body_text_color=&#8220;#000000&#8243; global_colors_info=&#8220;{}&#8220;][\/et_pb_wc_price][et_pb_wc_description _builder_version=&#8220;4.16&#8243; global_colors_info=&#8220;{}&#8220;][\/et_pb_wc_description][et_pb_wc_add_to_cart show_quantity=&#8220;off&#8220; _builder_version=&#8220;4.27.4&#8243; custom_button=&#8220;on&#8220; button_text_size=&#8220;25px&#8220; button_text_color=&#8220;#FFFFFF&#8220; button_bg_color=&#8220;#2a7f15&#8243; global_colors_info=&#8220;{}&#8220;][\/et_pb_wc_add_to_cart][et_pb_wc_meta _builder_version=&#8220;4.16&#8243; global_colors_info=&#8220;{}&#8220;][\/et_pb_wc_meta][\/et_pb_column][\/et_pb_row][et_pb_row _builder_version=&#8220;4.27.5&#8243; _module_preset=&#8220;default&#8220; global_colors_info=&#8220;{}&#8220;][et_pb_column type=&#8220;4_4&#8243; _builder_version=&#8220;4.27.5&#8243; _module_preset=&#8220;default&#8220; global_colors_info=&#8220;{}&#8220;][et_pb_text _builder_version=&#8220;4.27.5&#8243; _module_preset=&#8220;default&#8220; global_colors_info=&#8220;{}&#8220;]<\/p>\n<p>Das ideale Set zur <strong>Renovierung eines Babybetts<\/strong> aus Holz. Das Set enth\u00e4lt <strong>3 Produkte:<\/strong><\/p>\n<p>[\/et_pb_text][\/et_pb_column][\/et_pb_row][et_pb_row column_structure=&#8220;1_2,1_2&#8243; _builder_version=&#8220;4.27.5&#8243; _module_preset=&#8220;default&#8220; global_colors_info=&#8220;{}&#8220;][et_pb_column type=&#8220;1_2&#8243; _builder_version=&#8220;4.27.5&#8243; _module_preset=&#8220;default&#8220; global_colors_info=&#8220;{}&#8220;][et_pb_text _builder_version=&#8220;4.27.5&#8243; _module_preset=&#8220;default&#8220; global_colors_info=&#8220;{}&#8220;]<\/p>\n<h3><strong>1) Ein 500-ml-Farbtopf <a href=\"https:\/\/tinidoo.fr\/wp-content\/uploads\/2023\/12\/ecologic-paint-tinidoo.jpg\"><img loading=\"lazy\" decoding=\"async\" class=\"alignnone wp-image-249450\" src=\"https:\/\/tinidoo.fr\/wp-content\/uploads\/2023\/12\/ecologic-paint-tinidoo.jpg\" sizes=\"(max-width: 19px) 100vw, 19px\" srcset=\"https:\/\/tinidoo.fr\/wp-content\/uploads\/2023\/12\/ecologic-paint-tinidoo.jpg 200w, https:\/\/tinidoo.fr\/wp-content\/uploads\/2023\/12\/ecologic-paint-tinidoo-100x100.jpg 100w, https:\/\/tinidoo.fr\/wp-content\/uploads\/2023\/12\/ecologic-paint-tinidoo-150x150.jpg 150w\" alt=\"\" width=\"19\" height=\"19\" \/><\/a><\/strong><\/h3>\n<p>[\/et_pb_text][et_pb_image src=&#8220;https:\/\/tinidoo.fr\/wp-content\/uploads\/2024\/06\/pot-peinture-500ml-blanc-norme-jouet-tinidoo.jpg&#8220; alt=&#8220;pot peinture 500ml blanc norme jouet tinidoo&#8220; title_text=&#8220;pot-peinture-500ml-blanc-norme-jouet-tinidoo&#8220; _builder_version=&#8220;4.27.5&#8243; _module_preset=&#8220;default&#8220; transform_scale=&#8220;90%|90%&#8220; global_colors_info=&#8220;{}&#8220;][\/et_pb_image][\/et_pb_column][et_pb_column type=&#8220;1_2&#8243; _builder_version=&#8220;4.27.5&#8243; _module_preset=&#8220;default&#8220; global_colors_info=&#8220;{}&#8220;][et_pb_text _builder_version=&#8220;4.27.5&#8243; _module_preset=&#8220;default&#8220; global_colors_info=&#8220;{}&#8220;]<\/p>\n<p>Die <strong>2-in-1-Farbe<\/strong> von Tinidoo ist die ultimative L\u00f6sung f\u00fcr <strong>Holzoberfl\u00e4chen<\/strong>, sowohl im Innen- als auch im Au\u00dfenbereich. Dieses Produkt vereint die Funktionen von <strong>Grundierung und Deckfarbe<\/strong> und macht Ihre Malerarbeiten einfacher und schneller.<\/p>\n<p>[\/et_pb_text][et_pb_text _builder_version=&#8220;4.27.5&#8243; _module_preset=&#8220;default&#8220; custom_margin=&#8220;28px|||||&#8220; global_colors_info=&#8220;{}&#8220;]<\/p>\n<p><strong>Breites Anwendungsspektrum<\/strong>: Geeignet f\u00fcr alle Holzarten: roh, entrindet, gebeizt und sogar gewachst. Bei gerbstoffreichen H\u00f6lzern wie Eiche oder Kastanie ist jedoch eine spezielle gerbstoffbest\u00e4ndige Grundierung erforderlich, um Verf\u00e4rbungen zu vermeiden.<\/p>\n<p>[\/et_pb_text][et_pb_text _builder_version=&#8220;4.27.5&#8243; _module_preset=&#8220;default&#8220; custom_margin=&#8220;17px|||||&#8220; global_colors_info=&#8220;{}&#8220;]<\/p>\n<p><strong>Sicherheit und Konformit\u00e4t:<\/strong> Diese Farbe entspricht der strengen <strong>Spielzeugnorm EN 71-3<\/strong> <a href=\"https:\/\/tinidoo.fr\/wp-content\/uploads\/2024\/09\/ecologic-paint-tinidoo-150x150-1.jpg\"><img loading=\"lazy\" decoding=\"async\" src=\"https:\/\/tinidoo.fr\/wp-content\/uploads\/2024\/09\/ecologic-paint-tinidoo-150x150-1.jpg\" width=\"26\" height=\"26\" alt=\"\" class=\"wp-image-255279 alignnone size-full\" srcset=\"https:\/\/tinidoo.fr\/wp-content\/uploads\/2024\/09\/ecologic-paint-tinidoo-150x150-1.jpg 200w, https:\/\/tinidoo.fr\/wp-content\/uploads\/2024\/09\/ecologic-paint-tinidoo-150x150-1-100x100.jpg 100w, https:\/\/tinidoo.fr\/wp-content\/uploads\/2024\/09\/ecologic-paint-tinidoo-150x150-1-150x150.jpg 150w\" sizes=\"(max-width: 26px) 100vw, 26px\" \/><\/a>und ist somit absolut sicher f\u00fcr Kinder. Sie k\u00f6nnen sie bedenkenlos zum Bemalen von M\u00f6beln oder Spielzeug f\u00fcr Kleinkinder verwenden.<\/p>\n<p>[\/et_pb_text][\/et_pb_column][\/et_pb_row][et_pb_row _builder_version=&#8220;4.27.5&#8243; _module_preset=&#8220;default&#8220; global_colors_info=&#8220;{}&#8220;][et_pb_column type=&#8220;4_4&#8243; _builder_version=&#8220;4.27.5&#8243; _module_preset=&#8220;default&#8220; global_colors_info=&#8220;{}&#8220;][et_pb_text _builder_version=&#8220;4.27.5&#8243; _module_preset=&#8220;default&#8220; background_color=&#8220;#f2f2f2&#8243; custom_padding=&#8220;|||10px||&#8220; global_colors_info=&#8220;{}&#8220;]<\/p>\n<p><strong>Verf\u00fcgbare Farben:<\/strong><\/p>\n<p>[\/et_pb_text][\/et_pb_column][\/et_pb_row][et_pb_row _builder_version=&#8220;4.27.5&#8243; _module_preset=&#8220;default&#8220; global_colors_info=&#8220;{}&#8220;][et_pb_column type=&#8220;4_4&#8243; _builder_version=&#8220;4.27.5&#8243; _module_preset=&#8220;default&#8220; global_colors_info=&#8220;{}&#8220;][et_pb_gallery gallery_ids=&#8220;268019,267070,267133,267126,267119,267112,267105,267077,267084,267091,267098&#8243; posts_number=&#8220;20&#8243; _builder_version=&#8220;4.27.5&#8243; _module_preset=&#8220;default&#8220; global_colors_info=&#8220;{}&#8220;][\/et_pb_gallery][\/et_pb_column][\/et_pb_row][et_pb_row column_structure=&#8220;1_2,1_2&#8243; _builder_version=&#8220;4.27.5&#8243; _module_preset=&#8220;default&#8220; global_colors_info=&#8220;{}&#8220;][et_pb_column type=&#8220;1_2&#8243; _builder_version=&#8220;4.27.5&#8243; _module_preset=&#8220;default&#8220; global_colors_info=&#8220;{}&#8220;][et_pb_text _builder_version=&#8220;4.27.5&#8243; _module_preset=&#8220;default&#8220; global_colors_info=&#8220;{}&#8220;]<\/p>\n<h3><strong>2) Lack gem\u00e4\u00df Spielzeugnorm (250 ml) <a href=\"https:\/\/tinidoo.fr\/wp-content\/uploads\/2023\/12\/ecologic-paint-tinidoo.jpg\"><img loading=\"lazy\" decoding=\"async\" class=\"alignnone wp-image-249450\" src=\"https:\/\/tinidoo.fr\/wp-content\/uploads\/2023\/12\/ecologic-paint-tinidoo.jpg\" sizes=\"(max-width: 19px) 100vw, 19px\" srcset=\"https:\/\/tinidoo.fr\/wp-content\/uploads\/2023\/12\/ecologic-paint-tinidoo.jpg 200w, https:\/\/tinidoo.fr\/wp-content\/uploads\/2023\/12\/ecologic-paint-tinidoo-100x100.jpg 100w, https:\/\/tinidoo.fr\/wp-content\/uploads\/2023\/12\/ecologic-paint-tinidoo-150x150.jpg 150w\" alt=\"\" width=\"19\" height=\"19\" \/><\/a><\/strong><\/h3>\n<p>[\/et_pb_text][et_pb_image src=&#8220;https:\/\/tinidoo.fr\/wp-content\/uploads\/2024\/06\/vernis-250ml-norme-jouet-tinidoo.jpg&#8220; alt=&#8220;vernis 250ml norme jouet tinidoo&#8220; title_text=&#8220;vernis-250ml-norme-jouet-tinidoo&#8220; _builder_version=&#8220;4.27.5&#8243; _module_preset=&#8220;default&#8220; global_colors_info=&#8220;{}&#8220;][\/et_pb_image][\/et_pb_column][et_pb_column type=&#8220;1_2&#8243; _builder_version=&#8220;4.27.5&#8243; _module_preset=&#8220;default&#8220; global_colors_info=&#8220;{}&#8220;][et_pb_text _builder_version=&#8220;4.27.5&#8243; _module_preset=&#8220;default&#8220; custom_margin=&#8220;24px|||||&#8220; global_colors_info=&#8220;{}&#8220;]<\/p>\n<p data-start=\"0\" data-end=\"18\"><strong data-start=\"0\" data-end=\"18\">Eigenschaften:<\/strong><\/p>\n<ul data-start=\"20\" data-end=\"162\" data-is-last-node=\"\" data-is-only-node=\"\">\n<li data-start=\"20\" data-end=\"84\">\n<p data-start=\"22\" data-end=\"84\"><strong data-start=\"22\" data-end=\"36\">Deckkraft:<\/strong> ca. 150 ml bis 200 ml pro m\u00b2 und pro Anstrich<\/p>\n<\/li>\n<li data-start=\"85\" data-end=\"101\">\n<p data-start=\"87\" data-end=\"101\">Ungiftig<\/p>\n<\/li>\n<li data-start=\"102\" data-end=\"146\">\n<p data-start=\"104\" data-end=\"146\"><strong data-start=\"104\" data-end=\"144\">Entspricht der Spielzeugnorm EN 71-3 <a href=\"https:\/\/tinidoo.fr\/wp-content\/uploads\/2025\/04\/feuille.png\"><img loading=\"lazy\" decoding=\"async\" src=\"https:\/\/tinidoo.fr\/wp-content\/uploads\/2025\/04\/feuille.png\" width=\"22\" height=\"22\" alt=\"\" class=\"wp-image-259536 alignnone size-full\" \/><\/a><\/strong><\/p>\n<\/li>\n<li data-start=\"147\" data-end=\"162\" data-is-last-node=\"\">\n<p data-start=\"149\" data-end=\"162\" data-is-last-node=\"\">Geruchlos<\/p>\n<\/li>\n<\/ul>\n<p>[\/et_pb_text][et_pb_text _builder_version=&#8220;4.27.5&#8243; _module_preset=&#8220;default&#8220; background_color=&#8220;#f4f4f4&#8243; custom_padding=&#8220;|||10px||&#8220; global_colors_info=&#8220;{}&#8220;]<\/p>\n<p>Auswahl der Oberfl\u00e4che (oben auf der Seite): <strong>Seidenmatt, Matt oder Gl\u00e4nzend<\/strong><\/p>\n<p>[\/et_pb_text][\/et_pb_column][\/et_pb_row][et_pb_row column_structure=&#8220;1_2,1_2&#8243; _builder_version=&#8220;4.27.5&#8243; _module_preset=&#8220;default&#8220; custom_margin=&#8220;7px|auto||auto||&#8220; global_colors_info=&#8220;{}&#8220;][et_pb_column type=&#8220;1_2&#8243; _builder_version=&#8220;4.27.5&#8243; _module_preset=&#8220;default&#8220; global_colors_info=&#8220;{}&#8220;][et_pb_text _builder_version=&#8220;4.27.5&#8243; _module_preset=&#8220;default&#8220; global_colors_info=&#8220;{}&#8220;]<\/p>\n<h3 data-start=\"0\" data-end=\"20\"><strong data-start=\"0\" data-end=\"20\">3) Pinsel, 30 mm<\/strong><\/h3>\n<p data-start=\"22\" data-end=\"74\" data-is-last-node=\"\" data-is-only-node=\"\">Ideale Gr\u00f6\u00dfe zum Streichen eines Babybetts aus Holz.<\/p>\n<p>[\/et_pb_text][et_pb_text _builder_version=&#8220;4.27.5&#8243; _module_preset=&#8220;default&#8220; hover_enabled=&#8220;0&#8243; global_colors_info=&#8220;{}&#8220; sticky_enabled=&#8220;0&#8243;]<\/p>\n<p>Lieferung innerhalb von 5 Werktagen<\/p>\n<p>[\/et_pb_text][\/et_pb_column][et_pb_column type=&#8220;1_2&#8243; _builder_version=&#8220;4.27.5&#8243; _module_preset=&#8220;default&#8220; global_colors_info=&#8220;{}&#8220;][\/et_pb_column][\/et_pb_row][et_pb_row _builder_version=&#8220;4.27.5&#8243; _module_preset=&#8220;default&#8220; global_colors_info=&#8220;{}&#8220;][et_pb_column type=&#8220;4_4&#8243; _builder_version=&#8220;4.27.5&#8243; _module_preset=&#8220;default&#8220; global_colors_info=&#8220;{}&#8220;][et_pb_text _builder_version=&#8220;4.27.5&#8243; _module_preset=&#8220;default&#8220; global_colors_info=&#8220;{}&#8220;]<\/p>\n<p>Unsere <a href=\"https:\/\/tinidoo.fr\/de\/boutique\/holzspielzeugfarbe\/\">Farben f\u00fcr Holzspielzeug<\/a> k\u00f6nnten Ihnen auch gefallen.<\/p>\n<p>[\/et_pb_text][\/et_pb_column][\/et_pb_row][et_pb_row _builder_version=&#8220;4.16&#8243; background_size=&#8220;initial&#8220; background_position=&#8220;top_left&#8220; background_repeat=&#8220;repeat&#8220; width=&#8220;100%&#8220; global_colors_info=&#8220;{}&#8220;][et_pb_column type=&#8220;4_4&#8243; _builder_version=&#8220;4.16&#8243; custom_padding=&#8220;|||&#8220; global_colors_info=&#8220;{}&#8220; custom_padding__hover=&#8220;|||&#8220;][et_pb_wc_tabs _builder_version=&#8220;4.27.5&#8243; global_colors_info=&#8220;{}&#8220;] [\/et_pb_wc_tabs][et_pb_wc_upsells _builder_version=&#8220;4.27.2&#8243; link_option_url_new_window=&#8220;on&#8220; global_colors_info=&#8220;{}&#8220;][\/et_pb_wc_upsells][\/et_pb_column][\/et_pb_row][\/et_pb_section]<\/p>\n","protected":false},"excerpt":{"rendered":"<h2>Kaufen Sie eine Packung mit 3 Produkten, um ein Babybett zu renovieren: einen Topf ungiftige Farbe + Lack (Farben und Oberfl\u00e4chen Ihrer Wahl) + Pinsel<\/h2>\n<p><a href=\"https:\/\/tinidoo.fr\/wp-content\/uploads\/2023\/12\/Schnelle-Lieferung.jpg\"><img loading=\"lazy\" decoding=\"async\" class=\"alignnone size-full wp-image-249102\" src=\"https:\/\/tinidoo.fr\/wp-content\/uploads\/2023\/12\/Schnelle-Lieferung.jpg\" alt=\"\" width=\"600\" height=\"200\" srcset=\"https:\/\/tinidoo.fr\/wp-content\/uploads\/2023\/12\/Schnelle-Lieferung.jpg 600w, https:\/\/tinidoo.fr\/wp-content\/uploads\/2023\/12\/Schnelle-Lieferung-480x160.jpg 480w\" sizes=\"(min-width: 0px) and (max-width: 480px) 480px, (min-width: 481px) 600px, 100vw\" \/><\/a><\/p>\n","protected":false},"featured_media":265173,"comment_status":"open","ping_status":"closed","template":"","meta":{"_et_pb_use_builder":"on","_et_pb_old_content":"<p data-start=\"0\" data-end=\"53\"><strong data-start=\"0\" data-end=\"53\">Diese Farbe enth\u00e4lt KEINE sch\u00e4dlichen Stoffe wie:<\/strong><\/p>\r\n\r\n<ul data-start=\"55\" data-end=\"150\">\r\n \t<li data-start=\"55\" data-end=\"113\">\r\n<p data-start=\"57\" data-end=\"113\"><strong data-start=\"57\" data-end=\"74\">Schwermetalle<\/strong> (Blei, Cadmium, sechswertiges Chrom)<\/p>\r\n<\/li>\r\n \t<li data-start=\"114\" data-end=\"131\">\r\n<p data-start=\"116\" data-end=\"131\"><strong data-start=\"116\" data-end=\"129\">Phthalate<\/strong><\/p>\r\n<\/li>\r\n \t<li data-start=\"132\" data-end=\"150\">\r\n<p data-start=\"134\" data-end=\"150\"><strong data-start=\"134\" data-end=\"150\">Chlorhydrate<\/strong><\/p>\r\n<\/li>\r\n<\/ul>\r\n<p data-start=\"152\" data-end=\"166\"><strong data-start=\"152\" data-end=\"166\">Kategorie:<\/strong><\/p>\r\n<p data-start=\"168\" data-end=\"352\">A\/d Innen- und Au\u00dfenfarben f\u00fcr die Behandlung von Holzoberfl\u00e4chen.<br data-start=\"234\" data-end=\"237\" \/><strong data-start=\"237\" data-end=\"255\">VOC-Grenzwert:<\/strong> 130 g\/l.<br data-start=\"264\" data-end=\"267\" \/><strong data-start=\"267\" data-end=\"344\">Maximaler VOC-Gehalt (fl\u00fcchtige organische Verbindungen) dieses Produkts:<\/strong> 10 g\/l.<\/p>\r\n<p data-start=\"354\" data-end=\"434\"><strong data-start=\"354\" data-end=\"371\">Ergiebigkeit:<\/strong> 6\u20139 m\u00b2\/kg pro Anstrich.<br data-start=\"395\" data-end=\"398\" \/><strong data-start=\"398\" data-end=\"417\">Trocknungszeit:<\/strong> 2 bis 4 Stunden.<\/p>\r\n<p data-start=\"436\" data-end=\"454\"><strong data-start=\"436\" data-end=\"454\">Inhaltsstoffe:<\/strong><\/p>\r\n<p data-start=\"456\" data-end=\"540\">Enth\u00e4lt <strong data-start=\"464\" data-end=\"503\">5-Chlor-2-methylisothiazol-3(2H)-on<\/strong> und <strong data-start=\"508\" data-end=\"539\">2-Methylisothiazol-3(2H)-on<\/strong>.<\/p>","_et_gb_content_width":""},"product_brand":[],"product_cat":[356,357],"product_tag":[],"class_list":{"0":"post-251981","1":"product","2":"type-product","3":"status-publish","4":"has-post-thumbnail","6":"product_cat-bestsellers-de","7":"product_cat-komplettpaket-renovieren","9":"first","10":"instock","11":"sale","12":"shipping-taxable","13":"purchasable","14":"product-type-variable"},"aioseo_notices":[],"_links":{"self":[{"href":"https:\/\/tinidoo.fr\/de\/wp-json\/wp\/v2\/product\/251981","targetHints":{"allow":["GET"]}}],"collection":[{"href":"https:\/\/tinidoo.fr\/de\/wp-json\/wp\/v2\/product"}],"about":[{"href":"https:\/\/tinidoo.fr\/de\/wp-json\/wp\/v2\/types\/product"}],"replies":[{"embeddable":true,"href":"https:\/\/tinidoo.fr\/de\/wp-json\/wp\/v2\/comments?post=251981"}],"wp:featuredmedia":[{"embeddable":true,"href":"https:\/\/tinidoo.fr\/de\/wp-json\/wp\/v2\/media\/265173"}],"wp:attachment":[{"href":"https:\/\/tinidoo.fr\/de\/wp-json\/wp\/v2\/media?parent=251981"}],"wp:term":[{"taxonomy":"product_brand","embeddable":true,"href":"https:\/\/tinidoo.fr\/de\/wp-json\/wp\/v2\/product_brand?post=251981"},{"taxonomy":"product_cat","embeddable":true,"href":"https:\/\/tinidoo.fr\/de\/wp-json\/wp\/v2\/product_cat?post=251981"},{"taxonomy":"product_tag","embeddable":true,"href":"https:\/\/tinidoo.fr\/de\/wp-json\/wp\/v2\/product_tag?post=251981"}],"curies":[{"name":"wp","href":"https:\/\/api.w.org\/{rel}","templated":true}]}}